{"id":57163,"date":"2024-10-11T04:05:48","date_gmt":"2024-10-11T04:05:48","guid":{"rendered":"https:\/\/e.kosmolat.eu\/product\/dr-s-0-krems-adai-ap-acim-15-ml\/"},"modified":"2026-03-31T18:59:12","modified_gmt":"2026-03-31T18:59:12","slug":"i_dr-s-0-krems-adai-ap-acim-15-ml","status":"publish","type":"product","link":"https:\/\/e.kosmolat.eu\/lt\/produktas\/i_dr-s-0-krems-adai-ap-acim-15-ml\/","title":{"rendered":"I_&#8221;Dr.S 0%&#8221; Kremas aplink akis &#8220;Nuo rauk\u0161li\u0173&#8221; 15ml"},"content":{"rendered":"<p>Tinka vis\u0173 tip\u0173 odai.<br \/>\nHipoalerg\u0117nin\u0117 formul\u0117. Be SLES, SLS, silikono, paraben\u0173, da\u017eikli\u0173 ir kvap\u0173.<br \/>\nKremas gr\u0105\u017eina odai stangrum\u0105 ir gaivum\u0105. Pa\u0161alina nuovargio p\u0117dsakas. Kolagenas regeneruoja od\u0105, dr\u0117kina ir maitina. Alijo\u0161iaus sultys \u0161velniai dr\u0117kina od\u0105 aplink akis. Kvie\u010di\u0173 proteinai lygina ma\u017eas rauk\u0161leles. Vitaminas PP skatina kraujo cirkuliacij\u0105, pa\u0161alina tamsius ratilus.<\/p>\n<p>NAUDOJIMO B\u016aDAS: ryte ir vakare u\u017etepkite ant \u0161varios ir sausos odos aplink akis.<\/p>\n<p>Laikymo s\u0105lygos: nuo +5\u00b0\u0421 iki +25\u00b0\u0421.<\/p>\n","protected":false},"excerpt":{"rendered":"<p>Tinka vis\u0173 tip\u0173 odai. Hipoalerg\u0117nin\u0117 formul\u0117. Be SLES, SLS, silikono, paraben\u0173, da\u017eikli\u0173 ir kvap\u0173. Kremas gr\u0105\u017eina odai stangrum\u0105 ir gaivum\u0105. Pa\u0161alina nuovargio p\u0117dsakas. Kolagenas regeneruoja od\u0105, dr\u0117kina ir maitina. Alijo\u0161iaus sultys \u0161velniai dr\u0117kina od\u0105 aplink akis. Kvie\u010di\u0173 proteinai lygina ma\u017eas rauk\u0161leles. Vitaminas PP skatina kraujo cirkuliacij\u0105, pa\u0161alina tamsius ratilus. NAUDOJIMO B\u016aDAS: ryte ir vakare u\u017etepkite [&#8230;]\n","protected":false},"featured_media":96634,"template":"","meta":[],"product_cat":[1590],"product_tag":[],"class_list":{"0":"post-57163","1":"product","2":"type-product","3":"status-publish","4":"has-post-thumbnail","6":"product_brand-elfa_ua-lt","7":"product_cat-paakiu-kremai","9":"first","10":"outofstock","11":"taxable","12":"shipping-taxable","13":"product-type-simple"},"_links":{"self":[{"href":"https:\/\/e.kosmolat.eu\/lt\/wp-json\/wp\/v2\/product\/57163","targetHints":{"allow":["GET"]}}],"collection":[{"href":"https:\/\/e.kosmolat.eu\/lt\/wp-json\/wp\/v2\/product"}],"about":[{"href":"https:\/\/e.kosmolat.eu\/lt\/wp-json\/wp\/v2\/types\/product"}],"wp:featuredmedia":[{"embeddable":true,"href":"https:\/\/e.kosmolat.eu\/lt\/wp-json\/wp\/v2\/media\/96634"}],"wp:attachment":[{"href":"https:\/\/e.kosmolat.eu\/lt\/wp-json\/wp\/v2\/media?parent=57163"}],"wp:term":[{"taxonomy":"product_cat","embeddable":true,"href":"https:\/\/e.kosmolat.eu\/lt\/wp-json\/wp\/v2\/product_cat?post=57163"},{"taxonomy":"product_tag","embeddable":true,"href":"https:\/\/e.kosmolat.eu\/lt\/wp-json\/wp\/v2\/product_tag?post=57163"}],"curies":[{"name":"wp","href":"https:\/\/api.w.org\/{rel}","templated":true}]}}