{"id":57139,"date":"2024-10-11T04:04:36","date_gmt":"2024-10-11T04:04:36","guid":{"rendered":"https:\/\/e.kosmolat.eu\/product\/dr-s-vitamin-c-vitaminu-kokteils-adai-ap-acim-15-ml\/"},"modified":"2026-04-23T09:23:28","modified_gmt":"2026-04-23T09:23:28","slug":"dr-s-vitamin-c-vitaminu-kokteils-adai-ap-acim-15-ml","status":"publish","type":"product","link":"https:\/\/e.kosmolat.eu\/lt\/produktas\/dr-s-vitamin-c-vitaminu-kokteils-adai-ap-acim-15-ml\/","title":{"rendered":"DR. SANTE VITAMIN C  Vitamin\u0173 kokteilis odai aplink akis, 15 ml"},"content":{"rendered":"<p>Pilkai ir pavargusiai odai\n<\/p>\n<p>Vitamin\u0173 kokteilis odai aplink akis r\u016bpinasi subtilia zona aplink akis, u\u017ekertant keli\u0105 prie\u0161laikin\u0117ms rauk\u0161l\u0117ms. Prisotina od\u0105 vitaminais ir atkuria jos gaivum\u0105 bei elastingum\u0105. Nesukelia dirginimo ar alergini\u0173 reakcij\u0173.\n<\/p>\n<p>AKTYVIEJI KOMPONENTAI\n<\/p>\n<p>labai koncentruotas vitaminas C, vitamin\u0173 A, B, E, H kompleksas\n<\/p>\n<p>KAIP VEIKIA KREMAS\n<\/p>\n<p>\u2022 koncentruotas vitaminas C yra vienas i\u0161 efektyviausi\u0173 antioksidant\u0173, l\u0117tinan\u010di\u0173 rauk\u0161li\u0173 susidarym\u0105. Gr\u0105\u017eina pavargusiai ir papilk\u0117jusiai odai spindes\u012f, suteikia kiekvienai l\u0105stelei energijos. Aktyvuojasi i\u0161kart po tepimo ant odos ir ilgai veikia .\n<\/p>\n<p>\u2022 vitamin\u0173 A, B, E, H kompleksas yra laisv\u0173j\u0173 radikal\u0173 gaudykl\u0117, sul\u0117tinanti oksidacijos procesus odoje, u\u017ekertanti keli\u0105 jos prie\u0161laikiniam sen\u0117jimui\n<\/p>\n<p>REZULTATAS\n<\/p>\n<p>\u2022 gaivina od\u0105\n<\/p>\n<p>\u2022 padidina elastingum\u0105\n<\/p>\n<p>\u2022 apsaugo nuo rauk\u0161li\u0173 susidarymo\n<\/p>\n<p>ODOS TIPAS<br \/>\n:<\/p>\n<p>vis\u0173 tip\u0173 odai\n<\/p>\n<p>NAUDOJIMO LAIKAS<br \/>\n:<\/p>\n<p>diena naktis\n<\/p>\n<p>KAIP NAUDOTI<br \/>\n: tepkite ant \u0161varios odos aplink akis ir paskirstykite lengvais masa\u017eo judesiais. Rekomenduojama vartoti ryte ir vakare. Atsargumo priemon\u0117s: padid\u0117j\u0119s individualus jautrumas atskiriems komponentams.\u00a0\u00a0<\/p>\n","protected":false},"excerpt":{"rendered":"<p>Pilkai ir pavargusiai odai Vitamin\u0173 kokteilis odai aplink akis r\u016bpinasi subtilia zona aplink akis, u\u017ekertant keli\u0105 prie\u0161laikin\u0117ms rauk\u0161l\u0117ms. Prisotina od\u0105 vitaminais ir atkuria jos gaivum\u0105 bei elastingum\u0105. Nesukelia dirginimo ar alergini\u0173 reakcij\u0173. AKTYVIEJI KOMPONENTAI labai koncentruotas vitaminas C, vitamin\u0173 A, B, E, H kompleksas KAIP VEIKIA KREMAS \u2022 koncentruotas vitaminas C yra vienas i\u0161 efektyviausi\u0173 [&#8230;]\n","protected":false},"featured_media":84186,"template":"","meta":[],"product_cat":[2181],"product_tag":[],"class_list":{"0":"post-57139","1":"product","2":"type-product","3":"status-publish","4":"has-post-thumbnail","6":"product_brand-elfa_ua-lt","7":"product_cat-bez-kategorijas-lt","9":"first","10":"instock","11":"taxable","12":"shipping-taxable","13":"product-type-simple"},"_links":{"self":[{"href":"https:\/\/e.kosmolat.eu\/lt\/wp-json\/wp\/v2\/product\/57139","targetHints":{"allow":["GET"]}}],"collection":[{"href":"https:\/\/e.kosmolat.eu\/lt\/wp-json\/wp\/v2\/product"}],"about":[{"href":"https:\/\/e.kosmolat.eu\/lt\/wp-json\/wp\/v2\/types\/product"}],"wp:featuredmedia":[{"embeddable":true,"href":"https:\/\/e.kosmolat.eu\/lt\/wp-json\/wp\/v2\/media\/84186"}],"wp:attachment":[{"href":"https:\/\/e.kosmolat.eu\/lt\/wp-json\/wp\/v2\/media?parent=57139"}],"wp:term":[{"taxonomy":"product_cat","embeddable":true,"href":"https:\/\/e.kosmolat.eu\/lt\/wp-json\/wp\/v2\/product_cat?post=57139"},{"taxonomy":"product_tag","embeddable":true,"href":"https:\/\/e.kosmolat.eu\/lt\/wp-json\/wp\/v2\/product_tag?post=57139"}],"curies":[{"name":"wp","href":"https:\/\/api.w.org\/{rel}","templated":true}]}}