{"id":57131,"date":"2024-10-11T04:04:01","date_gmt":"2024-10-11T04:04:01","guid":{"rendered":"https:\/\/e.kosmolat.eu\/product\/dr-s-vitamin-c-atjaunojoss-nakts-krems-50-ml\/"},"modified":"2026-04-22T14:06:13","modified_gmt":"2026-04-22T14:06:13","slug":"dr-s-vitamin-c-atjaunojoss-nakts-krems-50-ml","status":"publish","type":"product","link":"https:\/\/e.kosmolat.eu\/lt\/produktas\/dr-s-vitamin-c-atjaunojoss-nakts-krems-50-ml\/","title":{"rendered":"DR. SANTE VITAMIN C  Atnaujinantis naktinis kremas, 50 ml"},"content":{"rendered":"<p>Papilk\u0117jusiai ir pavargusiai odai\n<\/p>\n<p>Atkuriamasis naktinis kremas aktyviai atkuria od\u0105 miego metu, pa\u0161alindamas streso ir nuovargio po\u017eymius. Dr\u0117kina, suteikia odai elastingumo ir glotnumo. Ryte j\u016bs\u0173 oda atrodo gaivi ir kupina energijos. Kremas turi lengv\u0105 tekst\u016br\u0105, tod\u0117l jis greitai \u012fsigeria be lipnumo.\n<\/p>\n<p>AKTYVIEJI KOMPONENTAI\n<\/p>\n<p>koncentruotas vitaminas C, vitamin\u0173 A, B, E, H kompleksas\n<\/p>\n<p>KAIP VEIKIA KREMAS?\n<\/p>\n<p>\u2022  koncentruotas vitaminas C yra vienas i\u0161 efektyviausi\u0173 antioksidant\u0173, kuris l\u0117tina rauk\u0161li\u0173 susidarym\u0105. Tai gr\u0105\u017eina pavargusiai ir papilk\u0117jusiai  odai spindes\u012f, suteikia energijos kiekvienai l\u0105stelei. Aktyvuojasi i\u0161kart po tepimo ant odos ir ilgai veikia .\n<\/p>\n<p>\u2022 vitamin\u0173 A, B, E, H kompleksas yra laisv\u0173j\u0173 radikal\u0173 gaudykl\u0117, sul\u0117tinanti oksidacijos procesus odoje, u\u017ekertanti keli\u0105 jos prie\u0161laikiniam sen\u0117jimui\n<\/p>\n<p>REZULTATAS\n<\/p>\n<p>\u2022 dr\u0117kina\n<\/p>\n<p>\u2022 atkuria elastingum\u0105\n<\/p>\n<p>\u2022 suma\u017eina matomas rauk\u0161les\n<\/p>\n<p>\u2022 gr\u0105\u017eina elastingum\u0105\n<\/p>\n<p>ODOS TIPAS\n<\/p>\n<p>vis\u0173 tip\u0173 odai\n<\/p>\n<p>NAUDOJIMO  LAIKAS\n<\/p>\n<p>Naktis\n<\/p>\n<p>KAIP NAUDOTI\n<\/p>\n<p>vakare tepkite nedidel\u012f kremo kiek\u012f ant nuvalytos veido ir kaklo odos pagal masa\u017eo linijas.\n<\/p>\n<p>Atsargumo priemon\u0117s: padid\u0117j\u0119s individualus jautrumas atskiriems komponentams.<\/p>\n","protected":false},"excerpt":{"rendered":"<p>Papilk\u0117jusiai ir pavargusiai odai Atkuriamasis naktinis kremas aktyviai atkuria od\u0105 miego metu, pa\u0161alindamas streso ir nuovargio po\u017eymius. Dr\u0117kina, suteikia odai elastingumo ir glotnumo. Ryte j\u016bs\u0173 oda atrodo gaivi ir kupina energijos. Kremas turi lengv\u0105 tekst\u016br\u0105, tod\u0117l jis greitai \u012fsigeria be lipnumo. AKTYVIEJI KOMPONENTAI koncentruotas vitaminas C, vitamin\u0173 A, B, E, H kompleksas KAIP VEIKIA KREMAS? [&#8230;]\n","protected":false},"featured_media":84182,"template":"","meta":[],"product_cat":[2181],"product_tag":[],"class_list":{"0":"post-57131","1":"product","2":"type-product","3":"status-publish","4":"has-post-thumbnail","6":"product_brand-elfa_ua-lt","7":"product_cat-bez-kategorijas-lt","9":"first","10":"instock","11":"taxable","12":"shipping-taxable","13":"product-type-simple"},"_links":{"self":[{"href":"https:\/\/e.kosmolat.eu\/lt\/wp-json\/wp\/v2\/product\/57131","targetHints":{"allow":["GET"]}}],"collection":[{"href":"https:\/\/e.kosmolat.eu\/lt\/wp-json\/wp\/v2\/product"}],"about":[{"href":"https:\/\/e.kosmolat.eu\/lt\/wp-json\/wp\/v2\/types\/product"}],"wp:featuredmedia":[{"embeddable":true,"href":"https:\/\/e.kosmolat.eu\/lt\/wp-json\/wp\/v2\/media\/84182"}],"wp:attachment":[{"href":"https:\/\/e.kosmolat.eu\/lt\/wp-json\/wp\/v2\/media?parent=57131"}],"wp:term":[{"taxonomy":"product_cat","embeddable":true,"href":"https:\/\/e.kosmolat.eu\/lt\/wp-json\/wp\/v2\/product_cat?post=57131"},{"taxonomy":"product_tag","embeddable":true,"href":"https:\/\/e.kosmolat.eu\/lt\/wp-json\/wp\/v2\/product_tag?post=57131"}],"curies":[{"name":"wp","href":"https:\/\/api.w.org\/{rel}","templated":true}]}}