{"id":57115,"date":"2024-10-11T04:03:34","date_gmt":"2024-10-11T04:03:34","guid":{"rendered":"https:\/\/e.kosmolat.eu\/product\/i_dd-majas-dusas-ziepes-bruklene-un-kadiku-ella-500-ml\/"},"modified":"2026-04-22T09:10:35","modified_gmt":"2026-04-22T09:10:35","slug":"i_dd-majas-dusas-ziepes-bruklene-un-kadiku-ella-500-ml","status":"publish","type":"product","link":"https:\/\/e.kosmolat.eu\/lt\/produktas\/i_dd-majas-dusas-ziepes-bruklene-un-kadiku-ella-500-ml\/","title":{"rendered":"DOMA\u0160NIJ DOKTOR  Naminis du\u0161o muilas Brukn\u0117s ir kadagi\u0173 aliejus, 500 ml"},"content":{"rendered":"<p>Maistini\u0173 med\u017eiag\u0173-vitamin\u0173 kompleksas sausai odai.<\/p>\n<p>Naminio du\u0161o muilo sud\u0117tyje yra d\u0117l nauding\u0173 savybi\u0173 \u017einomo kadagi\u0173 eterinio aliejaus, taip pat komplekso sausai odai i\u0161 \u017een\u0161enio, avie\u010di\u0173, m\u0117lyni\u0173, \u0161ermuk\u0161ni\u0173, kiparis\u0173, brukni\u0173 ekstrakt\u0173. Muilas puikiai putoja ir i\u0161laiko od\u0105 \u0161vari\u0105. Jis turi lengv\u0105 gaiv\u0173 aromat\u0105 su uog\u0173 natomis.<\/p>\n<p>Naudojimas: tepti ant dr\u0117gnos odos, nuplauti vandeniu.<\/p>\n<p>Atsargumo priemon\u0117s: padid\u0117j\u0119s individualus jautrumas atskiriems komponentams.<\/p>\n","protected":false},"excerpt":{"rendered":"<p>Maistini\u0173 med\u017eiag\u0173-vitamin\u0173 kompleksas sausai odai. Naminio du\u0161o muilo sud\u0117tyje yra d\u0117l nauding\u0173 savybi\u0173 \u017einomo kadagi\u0173 eterinio aliejaus, taip pat komplekso sausai odai i\u0161 \u017een\u0161enio, avie\u010di\u0173, m\u0117lyni\u0173, \u0161ermuk\u0161ni\u0173, kiparis\u0173, brukni\u0173 ekstrakt\u0173. Muilas puikiai putoja ir i\u0161laiko od\u0105 \u0161vari\u0105. Jis turi lengv\u0105 gaiv\u0173 aromat\u0105 su uog\u0173 natomis. Naudojimas: tepti ant dr\u0117gnos odos, nuplauti vandeniu. Atsargumo priemon\u0117s: padid\u0117j\u0119s [&#8230;]\n","protected":false},"featured_media":86538,"template":"","meta":[],"product_cat":[2181],"product_tag":[],"class_list":{"0":"post-57115","1":"product","2":"type-product","3":"status-publish","4":"has-post-thumbnail","6":"product_brand-elfa_ua-lt","7":"product_cat-bez-kategorijas-lt","9":"first","10":"instock","11":"taxable","12":"shipping-taxable","13":"product-type-simple"},"_links":{"self":[{"href":"https:\/\/e.kosmolat.eu\/lt\/wp-json\/wp\/v2\/product\/57115","targetHints":{"allow":["GET"]}}],"collection":[{"href":"https:\/\/e.kosmolat.eu\/lt\/wp-json\/wp\/v2\/product"}],"about":[{"href":"https:\/\/e.kosmolat.eu\/lt\/wp-json\/wp\/v2\/types\/product"}],"wp:featuredmedia":[{"embeddable":true,"href":"https:\/\/e.kosmolat.eu\/lt\/wp-json\/wp\/v2\/media\/86538"}],"wp:attachment":[{"href":"https:\/\/e.kosmolat.eu\/lt\/wp-json\/wp\/v2\/media?parent=57115"}],"wp:term":[{"taxonomy":"product_cat","embeddable":true,"href":"https:\/\/e.kosmolat.eu\/lt\/wp-json\/wp\/v2\/product_cat?post=57115"},{"taxonomy":"product_tag","embeddable":true,"href":"https:\/\/e.kosmolat.eu\/lt\/wp-json\/wp\/v2\/product_tag?post=57115"}],"curies":[{"name":"wp","href":"https:\/\/api.w.org\/{rel}","templated":true}]}}