{"id":57107,"date":"2024-10-11T04:03:18","date_gmt":"2024-10-11T04:03:18","guid":{"rendered":"https:\/\/e.kosmolat.eu\/product\/dr-s-vitamin-c-toniz-splash-maska-aha-visiem-adas-tip-100-ml\/"},"modified":"2026-04-21T09:55:27","modified_gmt":"2026-04-21T09:55:27","slug":"dr-s-vitamin-c-toniz-splash-maska-aha-visiem-adas-tip-100-ml","status":"publish","type":"product","link":"https:\/\/e.kosmolat.eu\/lt\/produktas\/dr-s-vitamin-c-toniz-splash-maska-aha-visiem-adas-tip-100-ml\/","title":{"rendered":"DR. SANTE Vitamin C Tonizuojanti SPLASH kauk\u0117 + AHA vis\u0173 tip\u0173 odai, 100 ml"},"content":{"rendered":"<p>Tobula oda be tonavimo ir Instagram filtr\u0173. Momentinis odos dr\u0117kinimas. Suma\u017einkite savo odos prie\u017ei\u016bros laik\u0105 iki minimumo! Daugiafunkcis pursl\u0173 eliksyras neu\u017emaskuoja netobulum\u0173 ir tr\u016bkum\u0173, o i\u0161 tikr\u0173j\u0173 padeda juos pa\u0161alinti nuo pirmo naudojimo. <\/p>\n<p>Aktyv\u016bs komponentai:<br \/>\n\u2022 Labai koncentruotas vitaminas C \u2022 Vaisi\u0173 r\u016bg\u0161\u010di\u0173 kompleksas (obuoli\u0173, kivi\u0173, greipfrut\u0173) \u2013 5 proc.<\/p>\n<p>Kaip veikia pursl\u0173 kauk\u0117:<br \/>\n\u2022 Labai koncentruotas vitaminas C \u2013 vienas veiksmingiausi\u0173 antioksidant\u0173, l\u0117tinantis rauk\u0161li\u0173 susidarym\u0105. Sugr\u0105\u017eina pavargusiai ir papilk\u0117jusiai odai spindes\u012f, apr\u016bpindama kiekvien\u0105 l\u0105stel\u0119 energija. Jis aktyvuojasi i\u0161 karto po u\u017etepimo ant odos ir veikia ilgai.<br \/>\n\u2022 Vaisi\u0173 r\u016bg\u0161\u010di\u0173 kompleksas (obuoli\u0173, kivi\u0173, greipfrut\u0173): obuoli\u0173 r\u016bg\u0161tis aktyviai veikia kosmetinio pilingo sud\u0117t\u012f D\u0117l savo valomojo ir atnaujinan\u010dio poveikio kivi\u0173 r\u016bg\u0161tis teigiamai veikia med\u017eiag\u0173 apykaitos procesus l\u0105stel\u0117se, suaktyvina smulki\u0173 rauk\u0161leli\u0173 i\u0161lyginim\u0105, o ro\u017ein\u0117 greipfrut\u0173 r\u016bg\u0161tis \u2013 galingas antioksidantas \u2013 tonizuoja ir gaivina. <\/p>\n<p>Rezultatas:<br \/>\n\u2022 Maitina od\u0105 vitamin\u0173 ir antioksidant\u0173 kompleksu<br \/>\n\u2022 I\u0161lygina veido atspalv\u012f ir skaistina od\u0105<br \/>\n\u2022 Gaivina, turi lengv\u0105 \u0161veitimo efekt\u0105<br \/>\n\u2022 Suteikia odai sveiko \u0161vyt\u0117jimo<\/p>\n<p>Naudojimas: nedidel\u012f kiek\u012f pursl\u0173 kauk\u0117s paskirstykite ant deln\u0173 ir tepkite ant nuvalytos veido, kaklo ir dekolt\u0117 odos glostymo judesiais 30 sekund\u017ei\u0173. Leiskite i\u0161d\u017ei\u016bti. Venkite kontakto su akimis ir l\u016bpomis! Nuplaukite po 1-5 minu\u010di\u0173. Tinka kasdieniam naudojimui. Saugoti nuo saul\u0117s spinduli\u0173. <\/p>\n<p>Lifehack: prie\u0161 maudydamiesi du\u0161e ar vonioje pasitepkite kauk\u0119. Kol prausiat\u0117s ji  veikia. Nepamir\u0161kite nuplauti vandeniu.<\/p>\n<p>Laikyti nuo +5 \u00b0C iki +25 \u00b0C temperat\u016broje.<\/p>\n","protected":false},"excerpt":{"rendered":"<p>Tobula oda be tonavimo ir Instagram filtr\u0173. Momentinis odos dr\u0117kinimas. Suma\u017einkite savo odos prie\u017ei\u016bros laik\u0105 iki minimumo! Daugiafunkcis pursl\u0173 eliksyras neu\u017emaskuoja netobulum\u0173 ir tr\u016bkum\u0173, o i\u0161 tikr\u0173j\u0173 padeda juos pa\u0161alinti nuo pirmo naudojimo. Aktyv\u016bs komponentai: \u2022 Labai koncentruotas vitaminas C \u2022 Vaisi\u0173 r\u016bg\u0161\u010di\u0173 kompleksas (obuoli\u0173, kivi\u0173, greipfrut\u0173) \u2013 5 proc. Kaip veikia pursl\u0173 kauk\u0117: \u2022 [&#8230;]\n","protected":false},"featured_media":99900,"template":"","meta":[],"product_cat":[1580],"product_tag":[],"class_list":{"0":"post-57107","1":"product","2":"type-product","3":"status-publish","4":"has-post-thumbnail","6":"product_brand-elfa_ua-lt","7":"product_cat-losjonai-ir-tonikai","9":"first","10":"instock","11":"taxable","12":"shipping-taxable","13":"product-type-simple"},"_links":{"self":[{"href":"https:\/\/e.kosmolat.eu\/lt\/wp-json\/wp\/v2\/product\/57107","targetHints":{"allow":["GET"]}}],"collection":[{"href":"https:\/\/e.kosmolat.eu\/lt\/wp-json\/wp\/v2\/product"}],"about":[{"href":"https:\/\/e.kosmolat.eu\/lt\/wp-json\/wp\/v2\/types\/product"}],"wp:featuredmedia":[{"embeddable":true,"href":"https:\/\/e.kosmolat.eu\/lt\/wp-json\/wp\/v2\/media\/99900"}],"wp:attachment":[{"href":"https:\/\/e.kosmolat.eu\/lt\/wp-json\/wp\/v2\/media?parent=57107"}],"wp:term":[{"taxonomy":"product_cat","embeddable":true,"href":"https:\/\/e.kosmolat.eu\/lt\/wp-json\/wp\/v2\/product_cat?post=57107"},{"taxonomy":"product_tag","embeddable":true,"href":"https:\/\/e.kosmolat.eu\/lt\/wp-json\/wp\/v2\/product_tag?post=57107"}],"curies":[{"name":"wp","href":"https:\/\/api.w.org\/{rel}","templated":true}]}}