{"id":57099,"date":"2024-10-11T04:03:04","date_gmt":"2024-10-11T04:03:04","guid":{"rendered":"https:\/\/e.kosmolat.eu\/product\/dr-s-vitamin-c-sejas-toneris-mists-visiem-ad-tip-150-ml\/"},"modified":"2026-04-22T09:50:24","modified_gmt":"2026-04-22T09:50:24","slug":"dr-s-vitamin-c-sejas-toneris-mists-visiem-ad-tip-150-ml","status":"publish","type":"product","link":"https:\/\/e.kosmolat.eu\/lt\/produktas\/dr-s-vitamin-c-sejas-toneris-mists-visiem-ad-tip-150-ml\/","title":{"rendered":"DR. SANTE Vitamin C Toneris- dulksna vis\u0173 tip\u0173 odai, 150 ml"},"content":{"rendered":"<p>Sveikas odos \u0161vyt\u0117jimas. Ultra antioksidantas. Tobula oda be tonavimo ir Instagram filtr\u0173. Must-have 2 in 1: intensyviai ir giliai dr\u0117kina kaip dulksna, tonizuoja kaip tonikas. Iki 30 valand\u0173 odos dr\u0117kinimas ir gaivumas!<\/p>\n<p>Aktyv\u016bs komponentai:<br \/>\nLabai koncentruotas vitaminas C, ELFAMOST dr\u0117kinamasis kompleksas, vitamin\u0173 kompleksas, papaj\u0173 fermentai. <\/p>\n<p>Kaip veikia tonaris-dulksna:<br \/>\n\u2022 Labai koncentruotas vitaminas C yra vienas veiksmingiausi\u0173 antioksidant\u0173, sul\u0117tinti rauk\u0161li\u0173 susidarymo proces\u0105. Sugr\u0105\u017eina pavargusiai ir papilk\u0117jusiai odai spindes\u012f, apr\u016bpindama kiekvien\u0105 l\u0105stel\u0119 energijos. Jis aktyvuojasi i\u0161 karto po u\u017etepimo ant odos ir veikia ilgai.<br \/>\n\u2022 Elfamoist vandens kompleksas pasi\u017eymi putlinamuoju poveikiu \u2013 daro od\u0105 \u0161velni\u0105, elasting\u0105, pripildyt\u0105 sveikatos. U\u017etikrina momentin\u012f dr\u0117kinim\u0105 l\u0105steli\u0173 lygiu \u2013 oda i\u0161laiko dr\u0117gm\u0119 daugiau nei 30 valand\u0173!<br \/>\n\u2022 Papainas \u2013 augalinis fermentas \u2013 pagreitina odos atsistatym\u0105.<\/p>\n<p>Rezultatas:<br \/>\n\u2022 Momentinis gaivumo, komforto ir v\u0117sumo padid\u0117jimas.<br \/>\n\u2022 Intensyvus dr\u0117kinimas \u2013 iki 30 valand\u0173!<br \/>\n\u2022 Padid\u0117j\u0119s odos elastingumas ir tonusas.<\/p>\n<p>Naudojimas: u\u017emerkite akis ir pur\u0161kite toner\u012f- dulksn\u0105 ant odos i\u0161 20-30 cm atstumo arba u\u017etepkite ant vatos diskelio ir nuvalykite od\u0105.<br \/>\nAtsargumo priemon\u0117s: padid\u0117j\u0119s individualus jautrumas atskiriems komponentams. Sud\u0117tyje yra vitamino A. Prie\u0161 vartojim\u0105 b\u016btina atsi\u017evelgti \u012f paros norm\u0105.<\/p>\n<p>Laikyti nuo +5 \u00b0C iki +25 \u00b0C temperat\u016broje.<\/p>\n<p>Geriausias: 24 m\u0117nesiai nuo pagaminimo datos.<\/p>\n<p>Sud\u0117tyje yra vitamino A. Prie\u0161 naudojant atsi\u017evelgti \u012f paros norm\u0105.<\/p>\n","protected":false},"excerpt":{"rendered":"<p>Sveikas odos \u0161vyt\u0117jimas. Ultra antioksidantas. Tobula oda be tonavimo ir Instagram filtr\u0173. Must-have 2 in 1: intensyviai ir giliai dr\u0117kina kaip dulksna, tonizuoja kaip tonikas. Iki 30 valand\u0173 odos dr\u0117kinimas ir gaivumas! Aktyv\u016bs komponentai: Labai koncentruotas vitaminas C, ELFAMOST dr\u0117kinamasis kompleksas, vitamin\u0173 kompleksas, papaj\u0173 fermentai. Kaip veikia tonaris-dulksna: \u2022 Labai koncentruotas vitaminas C yra vienas [&#8230;]\n","protected":false},"featured_media":99738,"template":"","meta":[],"product_cat":[2181],"product_tag":[],"class_list":{"0":"post-57099","1":"product","2":"type-product","3":"status-publish","4":"has-post-thumbnail","6":"product_brand-elfa_ua-lt","7":"product_cat-bez-kategorijas-lt","9":"first","10":"instock","11":"taxable","12":"shipping-taxable","13":"product-type-simple"},"_links":{"self":[{"href":"https:\/\/e.kosmolat.eu\/lt\/wp-json\/wp\/v2\/product\/57099","targetHints":{"allow":["GET"]}}],"collection":[{"href":"https:\/\/e.kosmolat.eu\/lt\/wp-json\/wp\/v2\/product"}],"about":[{"href":"https:\/\/e.kosmolat.eu\/lt\/wp-json\/wp\/v2\/types\/product"}],"wp:featuredmedia":[{"embeddable":true,"href":"https:\/\/e.kosmolat.eu\/lt\/wp-json\/wp\/v2\/media\/99738"}],"wp:attachment":[{"href":"https:\/\/e.kosmolat.eu\/lt\/wp-json\/wp\/v2\/media?parent=57099"}],"wp:term":[{"taxonomy":"product_cat","embeddable":true,"href":"https:\/\/e.kosmolat.eu\/lt\/wp-json\/wp\/v2\/product_cat?post=57099"},{"taxonomy":"product_tag","embeddable":true,"href":"https:\/\/e.kosmolat.eu\/lt\/wp-json\/wp\/v2\/product_tag?post=57099"}],"curies":[{"name":"wp","href":"https:\/\/api.w.org\/{rel}","templated":true}]}}