{"id":57091,"date":"2024-10-11T04:02:48","date_gmt":"2024-10-11T04:02:48","guid":{"rendered":"https:\/\/e.kosmolat.eu\/product\/dr-s-retinol-plus-super-fillers-kr-adai-ap-acim-35-15-ml\/"},"modified":"2025-11-11T13:42:30","modified_gmt":"2025-11-11T13:42:30","slug":"i_dr-s-retinol-plus-super-fillers-kr-adai-ap-acim-35-15-ml","status":"publish","type":"product","link":"https:\/\/e.kosmolat.eu\/lt\/produktas\/i_dr-s-retinol-plus-super-fillers-kr-adai-ap-acim-35-15-ml\/","title":{"rendered":"DR. SANTE Retinol Plus Super Filler Paaki\u0173 kremas 35+, 15 ml"},"content":{"rendered":"<p>3D efektas:<br \/>\n\u2022 Padid\u0117j\u0119s elastingumas;<br \/>\n\u2022 Veido rauk\u0161li\u0173 korekcija;<br \/>\n\u2022 Dr\u0117kinimas.<\/p>\n<p>Aktyv\u016bs komponentai: retinolis, lecitinas, inulinas, hialurono sferos.<\/p>\n<p>Pagrindinis komponentas: retinolis \u2013 saugus vitaminas A su liposom\u0173 tiekimo sistema, megatrendas tarp sen\u0117jim\u0105 stabdan\u010di\u0173 kosmetikos komponent\u0173, daugiafunkcinis, gerai i\u0161tirtas kosmetikos turtas.<\/p>\n<p>Rezultatas:<br \/>\n\u2022 Odos sen\u0117jimo prevencija: ultravioletini\u0173 spinduli\u0173 pa\u017eeistos odos i\u0161vaizdos gerinimas;<br \/>\n\u2022 Odos paties kolageno gamybos skatinimas: odos elastingumo didinimas; elastingumo gerinimas; reljefo i\u0161lyginimas;<br \/>\n\u2022 Sveiki mikrobai: sveikos odos mikrofloros palaikymas.<\/p>\n<p>Naudojimas: lengvais masa\u017eo judesiais tepkite \u0161vari\u0105 od\u0105 aplink akis. naudokite ryte ir vakare. Norint grei\u010diau ir efektyviau veikti, rekomenduojama naudoti vis\u0105 produkt\u0173 linij\u0105.<\/p>\n<p>Atsargumo priemon\u0117s: galimas padid\u0117j\u0119s individualus jautrumas atskiriems komponentams. Sud\u0117tyje yra vitamino A. Prie\u0161 vartojim\u0105 b\u016btina atsi\u017evelgti \u012f paros norm\u0105.<\/p>\n<p>Laikymo s\u0105lygos: nuo +5\u00b0C iki +25\u00b0C.<\/p>\n<p>Geriausias: 30 m\u0117nesi\u0173 nuo pagaminimo datos.<\/p>\n","protected":false},"excerpt":{"rendered":"<p>3D efektas: \u2022 Padid\u0117j\u0119s elastingumas; \u2022 Veido rauk\u0161li\u0173 korekcija; \u2022 Dr\u0117kinimas. Aktyv\u016bs komponentai: retinolis, lecitinas, inulinas, hialurono sferos. Pagrindinis komponentas: retinolis \u2013 saugus vitaminas A su liposom\u0173 tiekimo sistema, megatrendas tarp sen\u0117jim\u0105 stabdan\u010di\u0173 kosmetikos komponent\u0173, daugiafunkcinis, gerai i\u0161tirtas kosmetikos turtas. Rezultatas: \u2022 Odos sen\u0117jimo prevencija: ultravioletini\u0173 spinduli\u0173 pa\u017eeistos odos i\u0161vaizdos gerinimas; \u2022 Odos paties kolageno [&#8230;]\n","protected":false},"featured_media":100420,"template":"","meta":[],"product_cat":[1590],"product_tag":[],"class_list":{"0":"post-57091","1":"product","2":"type-product","3":"status-publish","4":"has-post-thumbnail","6":"product_brand-elfa_ua-lt","7":"product_cat-paakiu-kremai","9":"first","10":"outofstock","11":"taxable","12":"shipping-taxable","13":"product-type-simple"},"_links":{"self":[{"href":"https:\/\/e.kosmolat.eu\/lt\/wp-json\/wp\/v2\/product\/57091","targetHints":{"allow":["GET"]}}],"collection":[{"href":"https:\/\/e.kosmolat.eu\/lt\/wp-json\/wp\/v2\/product"}],"about":[{"href":"https:\/\/e.kosmolat.eu\/lt\/wp-json\/wp\/v2\/types\/product"}],"wp:featuredmedia":[{"embeddable":true,"href":"https:\/\/e.kosmolat.eu\/lt\/wp-json\/wp\/v2\/media\/100420"}],"wp:attachment":[{"href":"https:\/\/e.kosmolat.eu\/lt\/wp-json\/wp\/v2\/media?parent=57091"}],"wp:term":[{"taxonomy":"product_cat","embeddable":true,"href":"https:\/\/e.kosmolat.eu\/lt\/wp-json\/wp\/v2\/product_cat?post=57091"},{"taxonomy":"product_tag","embeddable":true,"href":"https:\/\/e.kosmolat.eu\/lt\/wp-json\/wp\/v2\/product_tag?post=57091"}],"curies":[{"name":"wp","href":"https:\/\/api.w.org\/{rel}","templated":true}]}}