{"id":57072,"date":"2024-10-10T04:04:51","date_gmt":"2024-10-10T04:04:51","guid":{"rendered":"https:\/\/e.kosmolat.eu\/product\/i_dd-mitrinoss-roku-krems-alveja-42-ml\/"},"modified":"2025-09-19T15:46:00","modified_gmt":"2025-09-19T15:46:00","slug":"i_dd-mitrinoss-roku-krems-alveja-42-ml","status":"publish","type":"product","link":"https:\/\/e.kosmolat.eu\/lt\/produktas\/i_dd-mitrinoss-roku-krems-alveja-42-ml\/","title":{"rendered":"DOMA\u0160NIJ DOKTOR Dr\u0117kinantis rank\u0173 kremas su alaviju 42ml"},"content":{"rendered":"<p>Suteikia rankoms mink\u0161tum\u0105, \u0161velnum\u0105,  lygi\u0105 od\u0105. Sud\u0117tyje yra kolageno, kuris stiprina odos strukt\u016br\u0105, prat\u0119sia jos jaunyst\u0119. Dr\u0117kina rank\u0173 od\u0105, pa\u0161alina nelygumus.<\/p>\n<p>NAUDOJIMO B\u016aDAS: U\u017etepti ant \u0161varios, sausos rank\u0173 odos.<\/p>\n<p>AIKYMO S\u0104LYGOS: nuo +5 \u00b0 C iki +25 \u00b0 C.<\/p>\n","protected":false},"excerpt":{"rendered":"<p>Suteikia rankoms mink\u0161tum\u0105, \u0161velnum\u0105, lygi\u0105 od\u0105. Sud\u0117tyje yra kolageno, kuris stiprina odos strukt\u016br\u0105, prat\u0119sia jos jaunyst\u0119. Dr\u0117kina rank\u0173 od\u0105, pa\u0161alina nelygumus. NAUDOJIMO B\u016aDAS: U\u017etepti ant \u0161varios, sausos rank\u0173 odos. AIKYMO S\u0104LYGOS: nuo +5 \u00b0 C iki +25 \u00b0 C.<\/p>\n","protected":false},"featured_media":79018,"template":"","meta":[],"product_cat":[1304],"product_tag":[],"class_list":{"0":"post-57072","1":"product","2":"type-product","3":"status-publish","4":"has-post-thumbnail","6":"product_brand-elfa_ua-lt","7":"product_cat-ranku-prieziuros-kosmetika","9":"first","10":"outofstock","11":"taxable","12":"shipping-taxable","13":"product-type-simple"},"_links":{"self":[{"href":"https:\/\/e.kosmolat.eu\/lt\/wp-json\/wp\/v2\/product\/57072","targetHints":{"allow":["GET"]}}],"collection":[{"href":"https:\/\/e.kosmolat.eu\/lt\/wp-json\/wp\/v2\/product"}],"about":[{"href":"https:\/\/e.kosmolat.eu\/lt\/wp-json\/wp\/v2\/types\/product"}],"wp:featuredmedia":[{"embeddable":true,"href":"https:\/\/e.kosmolat.eu\/lt\/wp-json\/wp\/v2\/media\/79018"}],"wp:attachment":[{"href":"https:\/\/e.kosmolat.eu\/lt\/wp-json\/wp\/v2\/media?parent=57072"}],"wp:term":[{"taxonomy":"product_cat","embeddable":true,"href":"https:\/\/e.kosmolat.eu\/lt\/wp-json\/wp\/v2\/product_cat?post=57072"},{"taxonomy":"product_tag","embeddable":true,"href":"https:\/\/e.kosmolat.eu\/lt\/wp-json\/wp\/v2\/product_tag?post=57072"}],"curies":[{"name":"wp","href":"https:\/\/api.w.org\/{rel}","templated":true}]}}