{"id":57064,"date":"2024-10-10T04:04:33","date_gmt":"2024-10-10T04:04:33","guid":{"rendered":"https:\/\/e.kosmolat.eu\/product\/dr-s-cucumber-atsvaidzinoss-krems-adai-zem-acim-15-ml\/"},"modified":"2026-04-16T06:57:14","modified_gmt":"2026-04-16T06:57:14","slug":"dr-s-cucumber-atsvaidzinoss-krems-adai-zem-acim-15-ml","status":"publish","type":"product","link":"https:\/\/e.kosmolat.eu\/lt\/produktas\/dr-s-cucumber-atsvaidzinoss-krems-adai-zem-acim-15-ml\/","title":{"rendered":"DR. SANTE CUCUMBER BALANCE CONTROL Suteikiantis gaivos paaki\u0173 kremas, 15 ml"},"content":{"rendered":"<p>Pa\u0161alina suglebim\u0105, pa\u0161alina nuovarg\u012f; normaliai ir linkusiai riebaluotis veido odai; agurko ekstraktas ir juod\u0173j\u0173 serbent\u0173 aliejus; alantoinas ir VITAL ET; C ir A vitaminai, rutinas.<\/p>\n<p>Pa\u0161alina \u012ftamp\u0105, kai akys b\u016bna pavargusios, ramina od\u0105; u\u017ekerta keli\u0105 juod\u0173 ratil\u0173 ir patinim\u0173 susidarymui, kovoja su sen\u0117jimu ir i\u0161lygina rauk\u0161leles, stiprina kapiliar\u0173 sieneles. Po kremo panaudojimo oda atrodo atsigavusi, \u0161viesesn\u0117 ir stangri.<\/p>\n<p>NAUDOJIMO B\u016aDAS: U\u017etepti nedidel\u012f kremo kiek\u012f ant odos, patap\u0161noti od\u0105 pir\u0161t\u0173 pagalv\u0117l\u0117mis. Naudoti ryte ir vakare.  Yra puikus makia\u017eo pagrindas.<\/p>\n<p>LAIKYMO S\u0104LYGOS: nuo +5 \u00b0 C iki +25 \u00b0 C.<\/p>\n","protected":false},"excerpt":{"rendered":"<p>Pa\u0161alina suglebim\u0105, pa\u0161alina nuovarg\u012f; normaliai ir linkusiai riebaluotis veido odai; agurko ekstraktas ir juod\u0173j\u0173 serbent\u0173 aliejus; alantoinas ir VITAL ET; C ir A vitaminai, rutinas. Pa\u0161alina \u012ftamp\u0105, kai akys b\u016bna pavargusios, ramina od\u0105; u\u017ekerta keli\u0105 juod\u0173 ratil\u0173 ir patinim\u0173 susidarymui, kovoja su sen\u0117jimu ir i\u0161lygina rauk\u0161leles, stiprina kapiliar\u0173 sieneles. Po kremo panaudojimo oda atrodo atsigavusi, [&#8230;]\n","protected":false},"featured_media":78966,"template":"","meta":[],"product_cat":[2181],"product_tag":[],"class_list":{"0":"post-57064","1":"product","2":"type-product","3":"status-publish","4":"has-post-thumbnail","6":"product_brand-elfa_ua-lt","7":"product_cat-bez-kategorijas-lt","9":"first","10":"instock","11":"taxable","12":"shipping-taxable","13":"product-type-simple"},"_links":{"self":[{"href":"https:\/\/e.kosmolat.eu\/lt\/wp-json\/wp\/v2\/product\/57064","targetHints":{"allow":["GET"]}}],"collection":[{"href":"https:\/\/e.kosmolat.eu\/lt\/wp-json\/wp\/v2\/product"}],"about":[{"href":"https:\/\/e.kosmolat.eu\/lt\/wp-json\/wp\/v2\/types\/product"}],"wp:featuredmedia":[{"embeddable":true,"href":"https:\/\/e.kosmolat.eu\/lt\/wp-json\/wp\/v2\/media\/78966"}],"wp:attachment":[{"href":"https:\/\/e.kosmolat.eu\/lt\/wp-json\/wp\/v2\/media?parent=57064"}],"wp:term":[{"taxonomy":"product_cat","embeddable":true,"href":"https:\/\/e.kosmolat.eu\/lt\/wp-json\/wp\/v2\/product_cat?post=57064"},{"taxonomy":"product_tag","embeddable":true,"href":"https:\/\/e.kosmolat.eu\/lt\/wp-json\/wp\/v2\/product_tag?post=57064"}],"curies":[{"name":"wp","href":"https:\/\/api.w.org\/{rel}","templated":true}]}}