{"id":57056,"date":"2024-10-10T04:04:09","date_gmt":"2024-10-10T04:04:09","guid":{"rendered":"https:\/\/e.kosmolat.eu\/product\/i_za-skidras-ziepes-alveja-465-ml\/"},"modified":"2026-04-17T07:05:47","modified_gmt":"2026-04-17T07:05:47","slug":"gp-skidras-ziepes-alveja-460-ml","status":"publish","type":"product","link":"https:\/\/e.kosmolat.eu\/lt\/produktas\/gp-skidras-ziepes-alveja-460-ml\/","title":{"rendered":"GREEN PHARMACY Skystas rank\u0173 muilas (alavijas), 460 ml"},"content":{"rendered":"<p>Dr\u0117kina ir mink\u0161tina.<\/p>\n<p>Ramina ir dr\u0117kina. Ideali priemon\u0117 \u0161velniam odos prausimui, tinka jautriai odai. Kosmetinis glicerinas, giliai dr\u0117kinantis ir apsaugantis epiderm\u012f. Kasdieninei odos prie\u017ei\u016brai.<\/p>\n<p>NAUDOJIMO B\u016aDAS: U\u017etepti reikiam\u0105 muilo kiek\u012f ant rank\u0173. Nuplauti vandeniu.<\/p>\n<p>LAIKYMO S\u0104LYGOS: nuo +5 \u00b0 C iki +25 \u00b0 C.<\/p>\n","protected":false},"excerpt":{"rendered":"<p>Dr\u0117kina ir mink\u0161tina. Ramina ir dr\u0117kina. Ideali priemon\u0117 \u0161velniam odos prausimui, tinka jautriai odai. Kosmetinis glicerinas, giliai dr\u0117kinantis ir apsaugantis epiderm\u012f. Kasdieninei odos prie\u017ei\u016brai. NAUDOJIMO B\u016aDAS: U\u017etepti reikiam\u0105 muilo kiek\u012f ant rank\u0173. Nuplauti vandeniu. LAIKYMO S\u0104LYGOS: nuo +5 \u00b0 C iki +25 \u00b0 C.<\/p>\n","protected":false},"featured_media":78922,"template":"","meta":[],"product_cat":[2181],"product_tag":[],"class_list":{"0":"post-57056","1":"product","2":"type-product","3":"status-publish","4":"has-post-thumbnail","6":"product_brand-elfa_ua-lt","7":"product_cat-bez-kategorijas-lt","9":"first","10":"instock","11":"taxable","12":"shipping-taxable","13":"product-type-simple"},"_links":{"self":[{"href":"https:\/\/e.kosmolat.eu\/lt\/wp-json\/wp\/v2\/product\/57056","targetHints":{"allow":["GET"]}}],"collection":[{"href":"https:\/\/e.kosmolat.eu\/lt\/wp-json\/wp\/v2\/product"}],"about":[{"href":"https:\/\/e.kosmolat.eu\/lt\/wp-json\/wp\/v2\/types\/product"}],"wp:featuredmedia":[{"embeddable":true,"href":"https:\/\/e.kosmolat.eu\/lt\/wp-json\/wp\/v2\/media\/78922"}],"wp:attachment":[{"href":"https:\/\/e.kosmolat.eu\/lt\/wp-json\/wp\/v2\/media?parent=57056"}],"wp:term":[{"taxonomy":"product_cat","embeddable":true,"href":"https:\/\/e.kosmolat.eu\/lt\/wp-json\/wp\/v2\/product_cat?post=57056"},{"taxonomy":"product_tag","embeddable":true,"href":"https:\/\/e.kosmolat.eu\/lt\/wp-json\/wp\/v2\/product_tag?post=57056"}],"curies":[{"name":"wp","href":"https:\/\/api.w.org\/{rel}","templated":true}]}}