{"id":56951,"date":"2024-10-08T04:04:43","date_gmt":"2024-10-08T04:04:43","guid":{"rendered":"https:\/\/e.kosmolat.eu\/product\/dental-max-protection-mutes-skalos-lidz-1000-ml\/"},"modified":"2026-04-16T08:35:01","modified_gmt":"2026-04-16T08:35:01","slug":"dental-max-protection-mutes-skalos-lidz-1000-ml","status":"publish","type":"product","link":"https:\/\/e.kosmolat.eu\/lt\/produktas\/dental-max-protection-mutes-skalos-lidz-1000-ml\/","title":{"rendered":"DENTAL Max Protection Burnos skaliklis, 1000 ml"},"content":{"rendered":"<p>Sud\u0117tyje yra aliuminio laktato, kuris padeda stiprinti dantenas. Sud\u0117tyje n\u0117ra alkoholio. Palieka gaivaus kvapo poj\u016bt\u012f.<\/p>\n<p>Naudojimas: naudokite \u0161\u012f burnos skalavimo skyst\u012f du kartus per dien\u0105 arba po kiekvieno valymo. Skalaukite burn\u0105 30-40 sekund\u017ei\u0173.<br \/>\nSud\u0117tyje yra 0,0225% natrio fluorido (fluoro pavidalu)<\/p>\n<p>\u012eSP\u0116JIMAS: prie\u0161 naudojim\u0105 gerai suplakite! Neprarykite! Produktas n\u0117ra skirtas vaikams iki 7 met\u0173 am\u017eiaus. Laikyti vaikams nepasiekiamoje vietoje!<\/p>\n","protected":false},"excerpt":{"rendered":"<p>Sud\u0117tyje yra aliuminio laktato, kuris padeda stiprinti dantenas. Sud\u0117tyje n\u0117ra alkoholio. Palieka gaivaus kvapo poj\u016bt\u012f. Naudojimas: naudokite \u0161\u012f burnos skalavimo skyst\u012f du kartus per dien\u0105 arba po kiekvieno valymo. Skalaukite burn\u0105 30-40 sekund\u017ei\u0173. Sud\u0117tyje yra 0,0225% natrio fluorido (fluoro pavidalu) \u012eSP\u0116JIMAS: prie\u0161 naudojim\u0105 gerai suplakite! Neprarykite! Produktas n\u0117ra skirtas vaikams iki 7 met\u0173 am\u017eiaus. Laikyti [&#8230;]\n","protected":false},"featured_media":101065,"template":"","meta":[],"product_cat":[1313],"product_tag":[],"class_list":{"0":"post-56951","1":"product","2":"type-product","3":"status-publish","4":"has-post-thumbnail","6":"product_brand-rubella-bg-lt","7":"product_cat-burnos-skalavimo-priemones","9":"first","10":"instock","11":"taxable","12":"shipping-taxable","13":"product-type-simple"},"_links":{"self":[{"href":"https:\/\/e.kosmolat.eu\/lt\/wp-json\/wp\/v2\/product\/56951","targetHints":{"allow":["GET"]}}],"collection":[{"href":"https:\/\/e.kosmolat.eu\/lt\/wp-json\/wp\/v2\/product"}],"about":[{"href":"https:\/\/e.kosmolat.eu\/lt\/wp-json\/wp\/v2\/types\/product"}],"wp:featuredmedia":[{"embeddable":true,"href":"https:\/\/e.kosmolat.eu\/lt\/wp-json\/wp\/v2\/media\/101065"}],"wp:attachment":[{"href":"https:\/\/e.kosmolat.eu\/lt\/wp-json\/wp\/v2\/media?parent=56951"}],"wp:term":[{"taxonomy":"product_cat","embeddable":true,"href":"https:\/\/e.kosmolat.eu\/lt\/wp-json\/wp\/v2\/product_cat?post=56951"},{"taxonomy":"product_tag","embeddable":true,"href":"https:\/\/e.kosmolat.eu\/lt\/wp-json\/wp\/v2\/product_tag?post=56951"}],"curies":[{"name":"wp","href":"https:\/\/api.w.org\/{rel}","templated":true}]}}