{"id":56935,"date":"2024-10-08T04:04:10","date_gmt":"2024-10-08T04:04:10","guid":{"rendered":"https:\/\/e.kosmolat.eu\/product\/ip-intima-microflora-friendly-daily-intimate-gel-intim-hig-zel-250-ml\/"},"modified":"2025-04-01T15:13:05","modified_gmt":"2025-04-01T15:13:05","slug":"ip-intima-microflora-friendly-daily-intimate-gel-intim-hig-zel-250-ml","status":"publish","type":"product","link":"https:\/\/e.kosmolat.eu\/lt\/produktas\/ip-intima-microflora-friendly-daily-intimate-gel-intim-hig-zel-250-ml\/","title":{"rendered":"INOPHARM Intima Microflora Friendly Daily Gelis intymiai higienai, 250 ml"},"content":{"rendered":"<p>Kasdienis intymios higienos gelis \u0161velniai valo intymi\u0105 zon\u0105. Dermatologi\u0161kai patikrinta formul\u0117, praturtinta pieno r\u016bg\u0161timi ir pro-prebiotik\u0173 kompleksu, palaiko nat\u016bral\u0173 pH lyg\u012f ir palanki\u0105 mikroflor\u0105. Gelis \u0161velniai valo ir sukuria ilgalaik\u012f gaivumo poj\u016bt\u012f.<\/p>\n<p>Naudojimas: nedidel\u012f kiek\u012f gelio u\u017etepkite ant rank\u0173 ir nuplaukite intymias vietas. Kruop\u0161\u010diai nuplaukite vandeniu.<\/p>\n","protected":false},"excerpt":{"rendered":"<p>Kasdienis intymios higienos gelis \u0161velniai valo intymi\u0105 zon\u0105. Dermatologi\u0161kai patikrinta formul\u0117, praturtinta pieno r\u016bg\u0161timi ir pro-prebiotik\u0173 kompleksu, palaiko nat\u016bral\u0173 pH lyg\u012f ir palanki\u0105 mikroflor\u0105. Gelis \u0161velniai valo ir sukuria ilgalaik\u012f gaivumo poj\u016bt\u012f. Naudojimas: nedidel\u012f kiek\u012f gelio u\u017etepkite ant rank\u0173 ir nuplaukite intymias vietas. Kruop\u0161\u010diai nuplaukite vandeniu.<\/p>\n","protected":false},"featured_media":56937,"template":"","meta":[],"product_cat":[1374],"product_tag":[],"class_list":{"0":"post-56935","1":"product","2":"type-product","3":"status-publish","4":"has-post-thumbnail","6":"product_brand-rubella-bg-lt","7":"product_cat-intymi-higiena","9":"first","10":"instock","11":"taxable","12":"shipping-taxable","13":"product-type-simple"},"_links":{"self":[{"href":"https:\/\/e.kosmolat.eu\/lt\/wp-json\/wp\/v2\/product\/56935","targetHints":{"allow":["GET"]}}],"collection":[{"href":"https:\/\/e.kosmolat.eu\/lt\/wp-json\/wp\/v2\/product"}],"about":[{"href":"https:\/\/e.kosmolat.eu\/lt\/wp-json\/wp\/v2\/types\/product"}],"wp:featuredmedia":[{"embeddable":true,"href":"https:\/\/e.kosmolat.eu\/lt\/wp-json\/wp\/v2\/media\/56937"}],"wp:attachment":[{"href":"https:\/\/e.kosmolat.eu\/lt\/wp-json\/wp\/v2\/media?parent=56935"}],"wp:term":[{"taxonomy":"product_cat","embeddable":true,"href":"https:\/\/e.kosmolat.eu\/lt\/wp-json\/wp\/v2\/product_cat?post=56935"},{"taxonomy":"product_tag","embeddable":true,"href":"https:\/\/e.kosmolat.eu\/lt\/wp-json\/wp\/v2\/product_tag?post=56935"}],"curies":[{"name":"wp","href":"https:\/\/api.w.org\/{rel}","templated":true}]}}