{"id":56927,"date":"2024-10-08T04:03:55","date_gmt":"2024-10-08T04:03:55","guid":{"rendered":"https:\/\/e.kosmolat.eu\/product\/ip-intima-feminine-guard-nomierinosa-intim-hig-zel-250-ml\/"},"modified":"2025-06-04T06:12:12","modified_gmt":"2025-06-04T06:12:12","slug":"ip-intima-feminine-guard-nomierinosa-intim-hig-zel-250-ml","status":"publish","type":"product","link":"https:\/\/e.kosmolat.eu\/lt\/produktas\/ip-intima-feminine-guard-nomierinosa-intim-hig-zel-250-ml\/","title":{"rendered":"INOPHARM Intima Feminine Guard Raminantis gelis intymiai higienai, 250 ml"},"content":{"rendered":"<p>Intymios higienos gelis. Dermatologi\u0161kai patikrinta formul\u0117, atkurianti komfort\u0105. Gelis neutralizuoja nemalonius kvapus ir r\u016bpinasi subtilia intymios zonos mikroflora. Praturtintas pieno r\u016bg\u0161timi ir medetkomis, palaiko nat\u016bralias apsaugines organizmo funkcijas ir ma\u017eina diskomfort\u0105. Kasdieniniam naudojimui.<\/p>\n<p>Naudojimas: nedidel\u012f kiek\u012f gelio u\u017etepkite ant rank\u0173 ir nuplaukite intymias vietas. Kruop\u0161\u010diai nuplaukite vandeniu.<\/p>\n","protected":false},"excerpt":{"rendered":"<p>Intymios higienos gelis. Dermatologi\u0161kai patikrinta formul\u0117, atkurianti komfort\u0105. Gelis neutralizuoja nemalonius kvapus ir r\u016bpinasi subtilia intymios zonos mikroflora. Praturtintas pieno r\u016bg\u0161timi ir medetkomis, palaiko nat\u016bralias apsaugines organizmo funkcijas ir ma\u017eina diskomfort\u0105. Kasdieniniam naudojimui. Naudojimas: nedidel\u012f kiek\u012f gelio u\u017etepkite ant rank\u0173 ir nuplaukite intymias vietas. Kruop\u0161\u010diai nuplaukite vandeniu.<\/p>\n","protected":false},"featured_media":56929,"template":"","meta":[],"product_cat":[1374],"product_tag":[],"class_list":{"0":"post-56927","1":"product","2":"type-product","3":"status-publish","4":"has-post-thumbnail","6":"product_brand-rubella-bg-lt","7":"product_cat-intymi-higiena","9":"first","10":"outofstock","11":"taxable","12":"shipping-taxable","13":"product-type-simple"},"_links":{"self":[{"href":"https:\/\/e.kosmolat.eu\/lt\/wp-json\/wp\/v2\/product\/56927","targetHints":{"allow":["GET"]}}],"collection":[{"href":"https:\/\/e.kosmolat.eu\/lt\/wp-json\/wp\/v2\/product"}],"about":[{"href":"https:\/\/e.kosmolat.eu\/lt\/wp-json\/wp\/v2\/types\/product"}],"wp:featuredmedia":[{"embeddable":true,"href":"https:\/\/e.kosmolat.eu\/lt\/wp-json\/wp\/v2\/media\/56929"}],"wp:attachment":[{"href":"https:\/\/e.kosmolat.eu\/lt\/wp-json\/wp\/v2\/media?parent=56927"}],"wp:term":[{"taxonomy":"product_cat","embeddable":true,"href":"https:\/\/e.kosmolat.eu\/lt\/wp-json\/wp\/v2\/product_cat?post=56927"},{"taxonomy":"product_tag","embeddable":true,"href":"https:\/\/e.kosmolat.eu\/lt\/wp-json\/wp\/v2\/product_tag?post=56927"}],"curies":[{"name":"wp","href":"https:\/\/api.w.org\/{rel}","templated":true}]}}