{"id":56903,"date":"2024-10-08T04:03:14","date_gmt":"2024-10-08T04:03:14","guid":{"rendered":"https:\/\/e.kosmolat.eu\/product\/dental-zobu-pasta-max-protection-295-g\/"},"modified":"2026-04-21T11:38:46","modified_gmt":"2026-04-21T11:38:46","slug":"dental-zobu-pasta-max-protection-295-g","status":"publish","type":"product","link":"https:\/\/e.kosmolat.eu\/lt\/produktas\/dental-zobu-pasta-max-protection-295-g\/","title":{"rendered":"DENTAL Dant\u0173 pasta Max Protection, 295 g"},"content":{"rendered":"<p>Dviej\u0173 spalv\u0173 dant\u0173 pasta, kuri u\u017etikrina visapusi\u0161k\u0105 burnos ertm\u0117s, dant\u0173 ir danten\u0173 prie\u017ei\u016br\u0105. Pa\u0161alina apna\u0161as, r\u016bpinasi dant\u0173 emaliu ir padeda apsisaugoti nuo \u0117duonies d\u0117l veikli\u0173j\u0173 med\u017eiag\u0173 derinio: kalcio glicerofosfato, kalio citrato, mentolio. Suteikia ilgalaik\u012f \u0161vie\u017eum\u0105.<\/p>\n<p>Kad dantenos ir dantys b\u016bt\u0173 sveiki, MAX PROTECTION past\u0105 rekomenduojama naudoti bent du kartus per dien\u0105, 2-3 minutes valant dantis tinkamu dant\u0173 \u0161epet\u0117liu. <\/p>\n<p>Sud\u0117tyje yra 0,1% natrio fluorido (fluoro pavidalu).<\/p>\n<p>D\u0116MESIO: Neleiskite naudoti vaikams iki 7 met\u0173! Laikyti vaikams nepasiekiamoje vietoje!<\/p>\n","protected":false},"excerpt":{"rendered":"<p>Dviej\u0173 spalv\u0173 dant\u0173 pasta, kuri u\u017etikrina visapusi\u0161k\u0105 burnos ertm\u0117s, dant\u0173 ir danten\u0173 prie\u017ei\u016br\u0105. Pa\u0161alina apna\u0161as, r\u016bpinasi dant\u0173 emaliu ir padeda apsisaugoti nuo \u0117duonies d\u0117l veikli\u0173j\u0173 med\u017eiag\u0173 derinio: kalcio glicerofosfato, kalio citrato, mentolio. Suteikia ilgalaik\u012f \u0161vie\u017eum\u0105. Kad dantenos ir dantys b\u016bt\u0173 sveiki, MAX PROTECTION past\u0105 rekomenduojama naudoti bent du kartus per dien\u0105, 2-3 minutes valant dantis [&#8230;]\n","protected":false},"featured_media":100540,"template":"","meta":[],"product_cat":[2181],"product_tag":[],"class_list":{"0":"post-56903","1":"product","2":"type-product","3":"status-publish","4":"has-post-thumbnail","6":"product_brand-rubella-bg-lt","7":"product_cat-bez-kategorijas-lt","9":"first","10":"instock","11":"taxable","12":"shipping-taxable","13":"product-type-simple"},"_links":{"self":[{"href":"https:\/\/e.kosmolat.eu\/lt\/wp-json\/wp\/v2\/product\/56903","targetHints":{"allow":["GET"]}}],"collection":[{"href":"https:\/\/e.kosmolat.eu\/lt\/wp-json\/wp\/v2\/product"}],"about":[{"href":"https:\/\/e.kosmolat.eu\/lt\/wp-json\/wp\/v2\/types\/product"}],"wp:featuredmedia":[{"embeddable":true,"href":"https:\/\/e.kosmolat.eu\/lt\/wp-json\/wp\/v2\/media\/100540"}],"wp:attachment":[{"href":"https:\/\/e.kosmolat.eu\/lt\/wp-json\/wp\/v2\/media?parent=56903"}],"wp:term":[{"taxonomy":"product_cat","embeddable":true,"href":"https:\/\/e.kosmolat.eu\/lt\/wp-json\/wp\/v2\/product_cat?post=56903"},{"taxonomy":"product_tag","embeddable":true,"href":"https:\/\/e.kosmolat.eu\/lt\/wp-json\/wp\/v2\/product_tag?post=56903"}],"curies":[{"name":"wp","href":"https:\/\/api.w.org\/{rel}","templated":true}]}}