{"id":56895,"date":"2024-10-08T04:02:59","date_gmt":"2024-10-08T04:02:59","guid":{"rendered":"https:\/\/e.kosmolat.eu\/product\/dental-zobu-pasta-gum-restore-295-g\/"},"modified":"2026-04-15T07:32:49","modified_gmt":"2026-04-15T07:32:49","slug":"dental-zobu-pasta-gum-restore-295-g","status":"publish","type":"product","link":"https:\/\/e.kosmolat.eu\/lt\/produktas\/dental-zobu-pasta-gum-restore-295-g\/","title":{"rendered":"DENTAL Dant\u0173 pasta Gum Restore, 295 g"},"content":{"rendered":"<p>Dviej\u0173 spalv\u0173 dant\u0173 pasta su specialia formule, kuri stiprina ir ramina dantenas d\u0117l nat\u016brali\u0173 m\u0117t\u0173, \u017eagreni\u0173 ir propolio ekstrakt\u0173 komplekso. Suteikia ilgalaik\u012f \u0161vie\u017eum\u0105.<\/p>\n<p>Kad dantenos ir dantys b\u016bt\u0173 sveiki, MAX PROTECTION past\u0105 rekomenduojama naudoti bent du kartus per dien\u0105, 2-3 minutes valant dantis tinkamu dant\u0173 \u0161epet\u0117liu. <\/p>\n<p>Sud\u0117tyje yra 0,1% natrio fluorido (fluoro pavidalu).<\/p>\n<p>D\u0116MESIO: Neleiskite naudoti vaikams iki 7 met\u0173! Laikyti vaikams nepasiekiamoje vietoje!<\/p>\n","protected":false},"excerpt":{"rendered":"<p>Dviej\u0173 spalv\u0173 dant\u0173 pasta su specialia formule, kuri stiprina ir ramina dantenas d\u0117l nat\u016brali\u0173 m\u0117t\u0173, \u017eagreni\u0173 ir propolio ekstrakt\u0173 komplekso. Suteikia ilgalaik\u012f \u0161vie\u017eum\u0105. Kad dantenos ir dantys b\u016bt\u0173 sveiki, MAX PROTECTION past\u0105 rekomenduojama naudoti bent du kartus per dien\u0105, 2-3 minutes valant dantis tinkamu dant\u0173 \u0161epet\u0117liu. Sud\u0117tyje yra 0,1% natrio fluorido (fluoro pavidalu). D\u0116MESIO: Neleiskite [&#8230;]\n","protected":false},"featured_media":103972,"template":"","meta":[],"product_cat":[1308],"product_tag":[],"class_list":{"0":"post-56895","1":"product","2":"type-product","3":"status-publish","4":"has-post-thumbnail","6":"product_brand-rubella-bg-lt","7":"product_cat-dantu-pastos-ir-geliai","9":"first","10":"instock","11":"taxable","12":"shipping-taxable","13":"product-type-simple"},"_links":{"self":[{"href":"https:\/\/e.kosmolat.eu\/lt\/wp-json\/wp\/v2\/product\/56895","targetHints":{"allow":["GET"]}}],"collection":[{"href":"https:\/\/e.kosmolat.eu\/lt\/wp-json\/wp\/v2\/product"}],"about":[{"href":"https:\/\/e.kosmolat.eu\/lt\/wp-json\/wp\/v2\/types\/product"}],"wp:featuredmedia":[{"embeddable":true,"href":"https:\/\/e.kosmolat.eu\/lt\/wp-json\/wp\/v2\/media\/103972"}],"wp:attachment":[{"href":"https:\/\/e.kosmolat.eu\/lt\/wp-json\/wp\/v2\/media?parent=56895"}],"wp:term":[{"taxonomy":"product_cat","embeddable":true,"href":"https:\/\/e.kosmolat.eu\/lt\/wp-json\/wp\/v2\/product_cat?post=56895"},{"taxonomy":"product_tag","embeddable":true,"href":"https:\/\/e.kosmolat.eu\/lt\/wp-json\/wp\/v2\/product_tag?post=56895"}],"curies":[{"name":"wp","href":"https:\/\/api.w.org\/{rel}","templated":true}]}}