{"id":56887,"date":"2024-10-08T04:02:42","date_gmt":"2024-10-08T04:02:42","guid":{"rendered":"https:\/\/e.kosmolat.eu\/product\/dental-dream-sc-zobu-pasta-instant-white-75-ml\/"},"modified":"2026-04-22T09:40:06","modified_gmt":"2026-04-22T09:40:06","slug":"dental-dream-sc-zobu-pasta-instant-white-75-ml","status":"publish","type":"product","link":"https:\/\/e.kosmolat.eu\/lt\/produktas\/dental-dream-sc-zobu-pasta-instant-white-75-ml\/","title":{"rendered":"DENTAL DREAM Dant\u0173 pasta Special Care Instant White, 75 ml"},"content":{"rendered":"<p>Sud\u0117tyje yra valom\u0173j\u0173 daleli\u0173, kurios padeda \u0161velniai pa\u0161alinti apna\u0161as ir d\u0117mes. \u0160i pa\u017eangi formul\u0117 turi unikali\u0105 purpurin\u0119 spalv\u0105 su \u0161vies\u0105 atspindin\u010diais pigmentais, kurie skatina akimirksniu matom\u0105 \u0161viesinimo efekt\u0105. Optinis balinimo efektas yra laikinas.<\/p>\n<p>Kad dantenos ir dantys b\u016bt\u0173 sveiki, INSTANT WHITE past\u0105 rekomenduojama naudoti bent du kartus per dien\u0105, 2-3 minutes valant dantis tinkamu dant\u0173 \u0161epet\u0117liu. <\/p>\n<p>Sud\u0117tyje yra 0,145% natrio fluorido (fluoro pavidalu).<\/p>\n<p>D\u0116MESIO: Neleiskite naudoti vaikams iki 7 met\u0173! Laikyti vaikams nepasiekiamoje vietoje!<\/p>\n","protected":false},"excerpt":{"rendered":"<p>Sud\u0117tyje yra valom\u0173j\u0173 daleli\u0173, kurios padeda \u0161velniai pa\u0161alinti apna\u0161as ir d\u0117mes. \u0160i pa\u017eangi formul\u0117 turi unikali\u0105 purpurin\u0119 spalv\u0105 su \u0161vies\u0105 atspindin\u010diais pigmentais, kurie skatina akimirksniu matom\u0105 \u0161viesinimo efekt\u0105. Optinis balinimo efektas yra laikinas. Kad dantenos ir dantys b\u016bt\u0173 sveiki, INSTANT WHITE past\u0105 rekomenduojama naudoti bent du kartus per dien\u0105, 2-3 minutes valant dantis tinkamu dant\u0173 [&#8230;]\n","protected":false},"featured_media":99964,"template":"","meta":[],"product_cat":[2181],"product_tag":[],"class_list":{"0":"post-56887","1":"product","2":"type-product","3":"status-publish","4":"has-post-thumbnail","6":"product_brand-rubella-bg-lt","7":"product_cat-bez-kategorijas-lt","9":"first","10":"instock","11":"taxable","12":"shipping-taxable","13":"product-type-simple"},"_links":{"self":[{"href":"https:\/\/e.kosmolat.eu\/lt\/wp-json\/wp\/v2\/product\/56887","targetHints":{"allow":["GET"]}}],"collection":[{"href":"https:\/\/e.kosmolat.eu\/lt\/wp-json\/wp\/v2\/product"}],"about":[{"href":"https:\/\/e.kosmolat.eu\/lt\/wp-json\/wp\/v2\/types\/product"}],"wp:featuredmedia":[{"embeddable":true,"href":"https:\/\/e.kosmolat.eu\/lt\/wp-json\/wp\/v2\/media\/99964"}],"wp:attachment":[{"href":"https:\/\/e.kosmolat.eu\/lt\/wp-json\/wp\/v2\/media?parent=56887"}],"wp:term":[{"taxonomy":"product_cat","embeddable":true,"href":"https:\/\/e.kosmolat.eu\/lt\/wp-json\/wp\/v2\/product_cat?post=56887"},{"taxonomy":"product_tag","embeddable":true,"href":"https:\/\/e.kosmolat.eu\/lt\/wp-json\/wp\/v2\/product_tag?post=56887"}],"curies":[{"name":"wp","href":"https:\/\/api.w.org\/{rel}","templated":true}]}}