{"id":56879,"date":"2024-10-08T04:02:29","date_gmt":"2024-10-08T04:02:29","guid":{"rendered":"https:\/\/e.kosmolat.eu\/product\/dental-dream-sc-zobu-pasta-multi-protect-75-ml\/"},"modified":"2026-04-22T09:04:10","modified_gmt":"2026-04-22T09:04:10","slug":"dental-dream-sc-zobu-pasta-multi-protect-75-ml","status":"publish","type":"product","link":"https:\/\/e.kosmolat.eu\/lt\/produktas\/dental-dream-sc-zobu-pasta-multi-protect-75-ml\/","title":{"rendered":"DENTAL DREAM Dant\u0173 pasta Special Care Multi-Protect, 75 ml"},"content":{"rendered":"<p>I\u0161laiko burnos floros balans\u0105. Formul\u0117je yra moksli\u0161kai \u012frodytas patentuotas ingredientas inulinas (PreBiulin Oral), kuris padeda atkurti nat\u016brali\u0105 burnos ertm\u0117s pusiausvyr\u0105, ir fluoras, ma\u017einantis apna\u0161\u0173 susidarym\u0105 ant dant\u0173.<\/p>\n<p>Kad dantenos ir dantys b\u016bt\u0173 sveiki, MULTI-PROTECT past\u0105 rekomenduojama naudoti bent du kartus per dien\u0105, 2-3 minutes valant dantis tinkamu dant\u0173 \u0161epet\u0117liu. <\/p>\n<p>Sud\u0117tyje yra 0,145% natrio fluorido (fluoro pavidalu).<\/p>\n<p>D\u0116MESIO: Neleiskite naudoti vaikams iki 7 met\u0173! Laikyti vaikams nepasiekiamoje vietoje!<\/p>\n","protected":false},"excerpt":{"rendered":"<p>I\u0161laiko burnos floros balans\u0105. Formul\u0117je yra moksli\u0161kai \u012frodytas patentuotas ingredientas inulinas (PreBiulin Oral), kuris padeda atkurti nat\u016brali\u0105 burnos ertm\u0117s pusiausvyr\u0105, ir fluoras, ma\u017einantis apna\u0161\u0173 susidarym\u0105 ant dant\u0173. Kad dantenos ir dantys b\u016bt\u0173 sveiki, MULTI-PROTECT past\u0105 rekomenduojama naudoti bent du kartus per dien\u0105, 2-3 minutes valant dantis tinkamu dant\u0173 \u0161epet\u0117liu. Sud\u0117tyje yra 0,145% natrio fluorido (fluoro [&#8230;]\n","protected":false},"featured_media":101554,"template":"","meta":[],"product_cat":[2181],"product_tag":[],"class_list":{"0":"post-56879","1":"product","2":"type-product","3":"status-publish","4":"has-post-thumbnail","6":"product_brand-rubella-bg-lt","7":"product_cat-bez-kategorijas-lt","9":"first","10":"instock","11":"taxable","12":"shipping-taxable","13":"product-type-simple"},"_links":{"self":[{"href":"https:\/\/e.kosmolat.eu\/lt\/wp-json\/wp\/v2\/product\/56879","targetHints":{"allow":["GET"]}}],"collection":[{"href":"https:\/\/e.kosmolat.eu\/lt\/wp-json\/wp\/v2\/product"}],"about":[{"href":"https:\/\/e.kosmolat.eu\/lt\/wp-json\/wp\/v2\/types\/product"}],"wp:featuredmedia":[{"embeddable":true,"href":"https:\/\/e.kosmolat.eu\/lt\/wp-json\/wp\/v2\/media\/101554"}],"wp:attachment":[{"href":"https:\/\/e.kosmolat.eu\/lt\/wp-json\/wp\/v2\/media?parent=56879"}],"wp:term":[{"taxonomy":"product_cat","embeddable":true,"href":"https:\/\/e.kosmolat.eu\/lt\/wp-json\/wp\/v2\/product_cat?post=56879"},{"taxonomy":"product_tag","embeddable":true,"href":"https:\/\/e.kosmolat.eu\/lt\/wp-json\/wp\/v2\/product_tag?post=56879"}],"curies":[{"name":"wp","href":"https:\/\/api.w.org\/{rel}","templated":true}]}}