{"id":56871,"date":"2024-10-08T04:00:29","date_gmt":"2024-10-08T04:00:29","guid":{"rendered":"https:\/\/e.kosmolat.eu\/product\/ip-intima-active-lifest-menstruat-support-intim-hig-zel-250-ml\/"},"modified":"2025-04-24T12:52:57","modified_gmt":"2025-04-24T12:52:57","slug":"ip-intima-active-lifest-menstruat-support-intim-hig-zel-250-ml","status":"publish","type":"product","link":"https:\/\/e.kosmolat.eu\/lt\/produktas\/ip-intima-active-lifest-menstruat-support-intim-hig-zel-250-ml\/","title":{"rendered":"INOPHARM Intima Active Lifestyle &#038; Menstruation Support  Gelis intymiai higienai, 250 ml"},"content":{"rendered":"<p>Intymuios higienos gelis papildomai prie\u017ei\u016brai aktyvaus gyvenimo b\u016bdo ir menstruacij\u0173 metu. Padeda palaikyti subalansuot\u0105 pH lyg\u012f ir intymios zonos higien\u0105, taip pat naikina nemalonius kvapus. Sukurta siekiant nuraminti ir palaikyti gaivum\u0105 bei dr\u0117kinim\u0105 subtilioje intymioje zonoje. Dermatologi\u0161kai patikrinta formul\u0117 tinka kasdieniam naudojimui.<\/p>\n<p>Naudojimas: nedidel\u012f kiek\u012f gelio u\u017etepkite ant rank\u0173 ir nuplaukite intymias vietas. Kruop\u0161\u010diai nuplaukite vandeniu.<\/p>\n","protected":false},"excerpt":{"rendered":"<p>Intymuios higienos gelis papildomai prie\u017ei\u016brai aktyvaus gyvenimo b\u016bdo ir menstruacij\u0173 metu. Padeda palaikyti subalansuot\u0105 pH lyg\u012f ir intymios zonos higien\u0105, taip pat naikina nemalonius kvapus. Sukurta siekiant nuraminti ir palaikyti gaivum\u0105 bei dr\u0117kinim\u0105 subtilioje intymioje zonoje. Dermatologi\u0161kai patikrinta formul\u0117 tinka kasdieniam naudojimui. Naudojimas: nedidel\u012f kiek\u012f gelio u\u017etepkite ant rank\u0173 ir nuplaukite intymias vietas. Kruop\u0161\u010diai nuplaukite [&#8230;]\n","protected":false},"featured_media":56873,"template":"","meta":[],"product_cat":[2181],"product_tag":[],"class_list":{"0":"post-56871","1":"product","2":"type-product","3":"status-publish","4":"has-post-thumbnail","6":"product_brand-rubella-bg-lt","7":"product_cat-bez-kategorijas-lt","9":"first","10":"outofstock","11":"taxable","12":"shipping-taxable","13":"product-type-simple"},"_links":{"self":[{"href":"https:\/\/e.kosmolat.eu\/lt\/wp-json\/wp\/v2\/product\/56871","targetHints":{"allow":["GET"]}}],"collection":[{"href":"https:\/\/e.kosmolat.eu\/lt\/wp-json\/wp\/v2\/product"}],"about":[{"href":"https:\/\/e.kosmolat.eu\/lt\/wp-json\/wp\/v2\/types\/product"}],"wp:featuredmedia":[{"embeddable":true,"href":"https:\/\/e.kosmolat.eu\/lt\/wp-json\/wp\/v2\/media\/56873"}],"wp:attachment":[{"href":"https:\/\/e.kosmolat.eu\/lt\/wp-json\/wp\/v2\/media?parent=56871"}],"wp:term":[{"taxonomy":"product_cat","embeddable":true,"href":"https:\/\/e.kosmolat.eu\/lt\/wp-json\/wp\/v2\/product_cat?post=56871"},{"taxonomy":"product_tag","embeddable":true,"href":"https:\/\/e.kosmolat.eu\/lt\/wp-json\/wp\/v2\/product_tag?post=56871"}],"curies":[{"name":"wp","href":"https:\/\/api.w.org\/{rel}","templated":true}]}}