{"id":56823,"date":"2024-10-05T04:04:17","date_gmt":"2024-10-05T04:04:17","guid":{"rendered":"https:\/\/e.kosmolat.eu\/product\/cl-micelarais-udens-3-in-1-400-ml\/"},"modified":"2025-09-19T17:57:44","modified_gmt":"2025-09-19T17:57:44","slug":"cl-micelarais-udens-3-in-1-400-ml","status":"publish","type":"product","link":"https:\/\/e.kosmolat.eu\/lt\/produktas\/cl-micelarais-udens-3-in-1-400-ml\/","title":{"rendered":"\u010cistaja Linija Micelinis vanduo &#8220;Trys viename&#8221;, 400 ml"},"content":{"rendered":"<p>Valo makia\u017e\u0105, ramina, valo od\u0105 toksinus. Micel\u0117s-smulkiausios dalel\u0117s \u0161velniai valo makia\u017e\u0105. Ramun\u0117l\u0117s ramina ir mink\u0161tina od\u0105. Ro\u017e\u0117s neutralizuoja ir valo toksinus. Tinka vis\u0173 tip\u0173 odai, net ypa\u010d jautriai odai. Naudojimo b\u016bdas: u\u017etepkite priemon\u0117s ant vatos diskelio ir \u0161velniai nuvalykite veid\u0105. Aki\u0173 makia\u017eo valymas: prid\u0117kite vatos diskel\u012f prie vok\u0173, palaikykite kelet\u0105 sekund\u017ei\u0173, tada \u0161velniai nuvalykite makia\u017e\u0105.<\/p>\n","protected":false},"excerpt":{"rendered":"<p>Valo makia\u017e\u0105, ramina, valo od\u0105 toksinus. Micel\u0117s-smulkiausios dalel\u0117s \u0161velniai valo makia\u017e\u0105. Ramun\u0117l\u0117s ramina ir mink\u0161tina od\u0105. Ro\u017e\u0117s neutralizuoja ir valo toksinus. Tinka vis\u0173 tip\u0173 odai, net ypa\u010d jautriai odai. Naudojimo b\u016bdas: u\u017etepkite priemon\u0117s ant vatos diskelio ir \u0161velniai nuvalykite veid\u0105. Aki\u0173 makia\u017eo valymas: prid\u0117kite vatos diskel\u012f prie vok\u0173, palaikykite kelet\u0105 sekund\u017ei\u0173, tada \u0161velniai nuvalykite makia\u017e\u0105.<\/p>\n","protected":false},"featured_media":81298,"template":"","meta":[],"product_cat":[1570],"product_tag":[],"class_list":{"0":"post-56823","1":"product","2":"type-product","3":"status-publish","4":"has-post-thumbnail","6":"product_brand-unilever-rus-lt","7":"product_cat-micelinis-vanduo","9":"first","10":"outofstock","11":"taxable","12":"shipping-taxable","13":"product-type-simple"},"_links":{"self":[{"href":"https:\/\/e.kosmolat.eu\/lt\/wp-json\/wp\/v2\/product\/56823","targetHints":{"allow":["GET"]}}],"collection":[{"href":"https:\/\/e.kosmolat.eu\/lt\/wp-json\/wp\/v2\/product"}],"about":[{"href":"https:\/\/e.kosmolat.eu\/lt\/wp-json\/wp\/v2\/types\/product"}],"wp:featuredmedia":[{"embeddable":true,"href":"https:\/\/e.kosmolat.eu\/lt\/wp-json\/wp\/v2\/media\/81298"}],"wp:attachment":[{"href":"https:\/\/e.kosmolat.eu\/lt\/wp-json\/wp\/v2\/media?parent=56823"}],"wp:term":[{"taxonomy":"product_cat","embeddable":true,"href":"https:\/\/e.kosmolat.eu\/lt\/wp-json\/wp\/v2\/product_cat?post=56823"},{"taxonomy":"product_tag","embeddable":true,"href":"https:\/\/e.kosmolat.eu\/lt\/wp-json\/wp\/v2\/product_tag?post=56823"}],"curies":[{"name":"wp","href":"https:\/\/api.w.org\/{rel}","templated":true}]}}