{"id":56715,"date":"2024-10-04T04:17:15","date_gmt":"2024-10-04T04:17:15","guid":{"rendered":"https:\/\/e.kosmolat.eu\/product\/pax-moly-auduma-sejas-maska-ists-zelts-25-ml\/"},"modified":"2025-09-12T09:31:13","modified_gmt":"2025-09-12T09:31:13","slug":"pax-moly-auduma-sejas-maska-ists-zelts-25-ml","status":"publish","type":"product","link":"https:\/\/e.kosmolat.eu\/lt\/produktas\/pax-moly-auduma-sejas-maska-ists-zelts-25-ml\/","title":{"rendered":"PAX MOLY Lak\u0161tin\u0117 veido kauk\u0117 Tikras auksas, 25 ml"},"content":{"rendered":"<p>Kauk\u0117s sud\u0117tyje yra aukso vert\u0173 augal\u0173 ekstrakt\u0173 ir augalini\u0173 komponent\u0173, kurie maitina, dr\u0117kina od\u0105, pasi\u017eymi jauninamuoju poveikiu, saugo nuo neigiamo saul\u0117s spinduli\u0173 poveikio, lygina rauk\u0161les, daro od\u0105 \u0161vytin\u010di\u0105 ir elasting\u0105.<\/p>\n<p>Naudojimas: nuvalykite ir nusausinkite veido od\u0105. Atidarykite pakuot\u0119 ir \u0161velniai u\u017ed\u0117kite kauk\u0119 ant veido. Kauk\u0119 palaikykite 10-20 minu\u010di\u0173, tada \u0161velniai nuimkite. Likusi\u0105 kauk\u0117s dal\u012f \u0161velniais judesiais \u012fmasa\u017euokite \u012f od\u0105. Kauk\u0117 skirta tik vienkartiniam naudojimui.<\/p>\n<p>Atsargumo priemon\u0117s: Jei atsiranda b\u0117rimas, patinimas, nie\u017eulys ar dirginimas, nustokite naudoti kauk\u0119 ir kreipkit\u0117s \u012f dermatolog\u0105. Patekus \u012f akis, kruop\u0161\u010diai nuplaukite vandeniu.<\/p>\n<p>Laikyti vaikams nepasiekiamoje vietoje, apsaugotoje nuo tiesiogini\u0173 saul\u0117s spinduli\u0173, \u0161ilumos \u0161altini\u0173, nuo +5 \u00b0C iki +25 \u00b0C temperat\u016broje.<\/p>\n","protected":false},"excerpt":{"rendered":"<p>Kauk\u0117s sud\u0117tyje yra aukso vert\u0173 augal\u0173 ekstrakt\u0173 ir augalini\u0173 komponent\u0173, kurie maitina, dr\u0117kina od\u0105, pasi\u017eymi jauninamuoju poveikiu, saugo nuo neigiamo saul\u0117s spinduli\u0173 poveikio, lygina rauk\u0161les, daro od\u0105 \u0161vytin\u010di\u0105 ir elasting\u0105. Naudojimas: nuvalykite ir nusausinkite veido od\u0105. Atidarykite pakuot\u0119 ir \u0161velniai u\u017ed\u0117kite kauk\u0119 ant veido. Kauk\u0119 palaikykite 10-20 minu\u010di\u0173, tada \u0161velniai nuimkite. Likusi\u0105 kauk\u0117s dal\u012f \u0161velniais [&#8230;]\n","protected":false},"featured_media":0,"template":"","meta":[],"product_cat":[1369],"product_tag":[],"class_list":{"0":"post-56715","1":"product","2":"type-product","3":"status-publish","5":"product_brand-replay_kr-lt","6":"product_cat-veido-kaukes","8":"first","9":"outofstock","10":"taxable","11":"shipping-taxable","12":"product-type-simple"},"_links":{"self":[{"href":"https:\/\/e.kosmolat.eu\/lt\/wp-json\/wp\/v2\/product\/56715","targetHints":{"allow":["GET"]}}],"collection":[{"href":"https:\/\/e.kosmolat.eu\/lt\/wp-json\/wp\/v2\/product"}],"about":[{"href":"https:\/\/e.kosmolat.eu\/lt\/wp-json\/wp\/v2\/types\/product"}],"wp:attachment":[{"href":"https:\/\/e.kosmolat.eu\/lt\/wp-json\/wp\/v2\/media?parent=56715"}],"wp:term":[{"taxonomy":"product_cat","embeddable":true,"href":"https:\/\/e.kosmolat.eu\/lt\/wp-json\/wp\/v2\/product_cat?post=56715"},{"taxonomy":"product_tag","embeddable":true,"href":"https:\/\/e.kosmolat.eu\/lt\/wp-json\/wp\/v2\/product_tag?post=56715"}],"curies":[{"name":"wp","href":"https:\/\/api.w.org\/{rel}","templated":true}]}}