{"id":56707,"date":"2024-10-04T04:16:43","date_gmt":"2024-10-04T04:16:43","guid":{"rendered":"https:\/\/e.kosmolat.eu\/product\/shokubutsu-monogatari-daily-detox-sejas-mazg-putas-problemat-adai-100-g\/"},"modified":"2025-06-17T09:03:06","modified_gmt":"2025-06-17T09:03:06","slug":"i_shokubutsu-monogatari-daily-detox-sejas-mazg-putas-problemat-adai-100-g","status":"publish","type":"product","link":"https:\/\/e.kosmolat.eu\/lt\/produktas\/i_shokubutsu-monogatari-daily-detox-sejas-mazg-putas-problemat-adai-100-g\/","title":{"rendered":"I_SHOKUBUTSU MONOGATARI Daily Detox Prausimosi putos probleminei odai, 100 g"},"content":{"rendered":"<p>Veido prausimo su putos \u0161velniai valo od\u0105, intensyviai dr\u0117kina, reguliuoja riebalini\u0173 liauk\u0173 veikl\u0105, normalizuoja odos hidrolipid\u0173 balans\u0105, suteikdamas jai glotnumo, \u0161velnumo, malonaus aromato ir \u0161varos. Putose yra japoni\u0161k\u0173 bambuk\u0173 lap\u0173, \u017ealiosios arbatos, arbatmed\u017ei\u0173 aliejaus ir cinko PCA ekstrakt\u0173, kurie pasi\u017eymi antibakteriniu ir antioksidaciniu poveikiu, ramina od\u0105, sutraukia poras, skatina l\u0105steli\u0173 atsistatym\u0105, didina stangrum\u0105 ir elastingum\u0105. Putos tinka riebiai, probleminei ir mi\u0161riai odai.<\/p>\n<p>Naudojimas: Tepkite ant dr\u0117gnos odos masa\u017eo judesiais. Kruop\u0161\u010diai nuplaukite \u0161iltu vandeniu.<br \/>\n\u012eSP\u0116JIMAS: 1. Jei naudojant produkt\u0105 atsiranda b\u0117rimas, patinimas, nie\u017eulys ar kitoks diskomfortas, nedelsiant nutraukite naudojim\u0105 ir kreipkit\u0117s \u012f dermatolog\u0105. 2. Nenaudoti ant pa\u017eeistos ar sudirgusios odos.<\/p>\n<p>Atsargumo priemon\u0117s: Laikyti vaikams nepasiekiamoje vietoje  nuo +5 \u00b0C iki +25 \u00b0C temperat\u016broje atokiai nuo tiesiogini\u0173 saul\u0117s spinduli\u0173.<\/p>\n","protected":false},"excerpt":{"rendered":"<p>Veido prausimo su putos \u0161velniai valo od\u0105, intensyviai dr\u0117kina, reguliuoja riebalini\u0173 liauk\u0173 veikl\u0105, normalizuoja odos hidrolipid\u0173 balans\u0105, suteikdamas jai glotnumo, \u0161velnumo, malonaus aromato ir \u0161varos. Putose yra japoni\u0161k\u0173 bambuk\u0173 lap\u0173, \u017ealiosios arbatos, arbatmed\u017ei\u0173 aliejaus ir cinko PCA ekstrakt\u0173, kurie pasi\u017eymi antibakteriniu ir antioksidaciniu poveikiu, ramina od\u0105, sutraukia poras, skatina l\u0105steli\u0173 atsistatym\u0105, didina stangrum\u0105 ir elastingum\u0105. [&#8230;]\n","protected":false},"featured_media":56709,"template":"","meta":[],"product_cat":[1835],"product_tag":[],"class_list":{"0":"post-56707","1":"product","2":"type-product","3":"status-publish","4":"has-post-thumbnail","6":"product_brand-replay_kr-lt","7":"product_cat-prausimosi-putos","9":"first","10":"outofstock","11":"taxable","12":"shipping-taxable","13":"product-type-simple"},"_links":{"self":[{"href":"https:\/\/e.kosmolat.eu\/lt\/wp-json\/wp\/v2\/product\/56707","targetHints":{"allow":["GET"]}}],"collection":[{"href":"https:\/\/e.kosmolat.eu\/lt\/wp-json\/wp\/v2\/product"}],"about":[{"href":"https:\/\/e.kosmolat.eu\/lt\/wp-json\/wp\/v2\/types\/product"}],"wp:featuredmedia":[{"embeddable":true,"href":"https:\/\/e.kosmolat.eu\/lt\/wp-json\/wp\/v2\/media\/56709"}],"wp:attachment":[{"href":"https:\/\/e.kosmolat.eu\/lt\/wp-json\/wp\/v2\/media?parent=56707"}],"wp:term":[{"taxonomy":"product_cat","embeddable":true,"href":"https:\/\/e.kosmolat.eu\/lt\/wp-json\/wp\/v2\/product_cat?post=56707"},{"taxonomy":"product_tag","embeddable":true,"href":"https:\/\/e.kosmolat.eu\/lt\/wp-json\/wp\/v2\/product_tag?post=56707"}],"curies":[{"name":"wp","href":"https:\/\/api.w.org\/{rel}","templated":true}]}}