{"id":56699,"date":"2024-10-04T04:16:24","date_gmt":"2024-10-04T04:16:24","guid":{"rendered":"https:\/\/e.kosmolat.eu\/product\/shokubutsu-monogatari-izgaismojos-putas-sejas-mazgas-extra-vitamin-c-100-ml\/"},"modified":"2025-10-07T15:09:10","modified_gmt":"2025-10-07T15:09:10","slug":"i_shokubutsu-monogatari-izgaismojos-putas-sejas-mazgas-extra-vitamin-c-100-ml","status":"publish","type":"product","link":"https:\/\/e.kosmolat.eu\/lt\/produktas\/i_shokubutsu-monogatari-izgaismojos-putas-sejas-mazgas-extra-vitamin-c-100-ml\/","title":{"rendered":"SHOKUBUTSU MONOGATARI \u0160viesinan\u010dios prausimosi putos Extra Vitamin C, 100 ml"},"content":{"rendered":"<p>Veido prausimo putos \u0161velniai ir kruop\u0161\u010diai pa\u0161alina ne\u0161varumus nuo odos, lengvai pa\u0161alina makia\u017e\u0105, turi atkuriam\u0173j\u0173 savybi\u0173. Sud\u0117tyje yra apelsin\u0173 ekstrakto, kuris padeda atkurti odos l\u0105steles, i\u0161lygina odos tekst\u016br\u0105 ir pa\u0161alina am\u017eiaus d\u0117mes. Avi\u017eos, kuriose gausu baltym\u0173, baltym\u0173, vitamin\u0173 A, B2, B6, intensyviai mink\u0161tina ir stiprina od\u0105. Oda ilgai i\u0161laiko \u0161velnumo poj\u016bt\u012f, tampa lygi ir \u0161velni.<br \/>\nNaudojimas: Tepkite ant dr\u0117gnos odos masa\u017eo judesiais. Kruop\u0161\u010diai nuplaukite \u0161iltu vandeniu. Venkite aki\u0173 srities.<\/p>\n<p>\u012eSP\u0116JIMAS: 1. Jei naudojant produkt\u0105 atsiranda b\u0117rimas, patinimas, nie\u017eulys ar kitoks diskomfortas, nedelsiant nutraukite naudojim\u0105 ir kreipkit\u0117s \u012f dermatolog\u0105. 2. Nenaudoti ant pa\u017eeistos ar sudirgusios odos.<\/p>\n<p>Atsargumo priemon\u0117s: Laikyti vaikams nepasiekiamoje vietoje  nuo +5 \u00b0C iki +25 \u00b0C temperat\u016broje atokiai nuo tiesiogini\u0173 saul\u0117s spinduli\u0173.<\/p>\n","protected":false},"excerpt":{"rendered":"<p>Veido prausimo putos \u0161velniai ir kruop\u0161\u010diai pa\u0161alina ne\u0161varumus nuo odos, lengvai pa\u0161alina makia\u017e\u0105, turi atkuriam\u0173j\u0173 savybi\u0173. Sud\u0117tyje yra apelsin\u0173 ekstrakto, kuris padeda atkurti odos l\u0105steles, i\u0161lygina odos tekst\u016br\u0105 ir pa\u0161alina am\u017eiaus d\u0117mes. Avi\u017eos, kuriose gausu baltym\u0173, baltym\u0173, vitamin\u0173 A, B2, B6, intensyviai mink\u0161tina ir stiprina od\u0105. Oda ilgai i\u0161laiko \u0161velnumo poj\u016bt\u012f, tampa lygi ir \u0161velni. [&#8230;]\n","protected":false},"featured_media":97603,"template":"","meta":[],"product_cat":[1835],"product_tag":[],"class_list":{"0":"post-56699","1":"product","2":"type-product","3":"status-publish","4":"has-post-thumbnail","6":"product_brand-replay_kr-lt","7":"product_cat-prausimosi-putos","9":"first","10":"outofstock","11":"taxable","12":"shipping-taxable","13":"product-type-simple"},"_links":{"self":[{"href":"https:\/\/e.kosmolat.eu\/lt\/wp-json\/wp\/v2\/product\/56699","targetHints":{"allow":["GET"]}}],"collection":[{"href":"https:\/\/e.kosmolat.eu\/lt\/wp-json\/wp\/v2\/product"}],"about":[{"href":"https:\/\/e.kosmolat.eu\/lt\/wp-json\/wp\/v2\/types\/product"}],"wp:featuredmedia":[{"embeddable":true,"href":"https:\/\/e.kosmolat.eu\/lt\/wp-json\/wp\/v2\/media\/97603"}],"wp:attachment":[{"href":"https:\/\/e.kosmolat.eu\/lt\/wp-json\/wp\/v2\/media?parent=56699"}],"wp:term":[{"taxonomy":"product_cat","embeddable":true,"href":"https:\/\/e.kosmolat.eu\/lt\/wp-json\/wp\/v2\/product_cat?post=56699"},{"taxonomy":"product_tag","embeddable":true,"href":"https:\/\/e.kosmolat.eu\/lt\/wp-json\/wp\/v2\/product_tag?post=56699"}],"curies":[{"name":"wp","href":"https:\/\/api.w.org\/{rel}","templated":true}]}}