{"id":56667,"date":"2024-10-04T04:14:48","date_gmt":"2024-10-04T04:14:48","guid":{"rendered":"https:\/\/e.kosmolat.eu\/product\/pax-moly-auduma-sejas-maska-ar-hialuronsk-un-juras-udeni-25-ml\/"},"modified":"2025-02-17T10:25:55","modified_gmt":"2025-02-17T10:25:55","slug":"pax-moly-auduma-sejas-maska-ar-hialuronsk-un-juras-udeni-25-ml","status":"publish","type":"product","link":"https:\/\/e.kosmolat.eu\/lt\/produktas\/pax-moly-auduma-sejas-maska-ar-hialuronsk-un-juras-udeni-25-ml\/","title":{"rendered":"PAX MOLY Lak\u0161tin\u0117 veido kauk\u0117 su hialurono r\u016bg\u0161timi ir j\u016bros vandeniu, 25 ml"},"content":{"rendered":"<p>Sud\u0117tyje yra j\u016bros vandens ir 8 r\u016b\u0161i\u0173 hialurono r\u016bg\u0161ties. Kauk\u0117 padeda odai i\u0161laikyti dr\u0117gm\u0119 i\u0161 vidaus, tuo pa\u010diu suteikiant skais\u010di\u0105 ir spindin\u010di\u0105 veido spalv\u0105 ilg\u0105 laik\u0105.<\/p>\n<p>Naudojimas: nuvalykite ir nusausinkite veido od\u0105. Atidarykite pakuot\u0119 ir \u0161velniai u\u017ed\u0117kite kauk\u0119 ant veido. Kauk\u0119 palaikykite 10-20 minu\u010di\u0173, tada \u0161velniai nuimkite. Likusi\u0105 kauk\u0117s dal\u012f \u0161velniais judesiais \u012fmasa\u017euokite \u012f od\u0105. Kauk\u0117 skirta tik vienkartiniam naudojimui.<\/p>\n<p>Atsargumo priemon\u0117s: Jei atsiranda b\u0117rimas, patinimas, nie\u017eulys ar dirginimas, nustokite naudoti kauk\u0119 ir kreipkit\u0117s \u012f dermatolog\u0105. Patekus \u012f akis, kruop\u0161\u010diai nuplaukite vandeniu.<\/p>\n<p>Laikyti vaikams nepasiekiamoje vietoje, apsaugotoje nuo tiesiogini\u0173 saul\u0117s spinduli\u0173, \u0161ilumos \u0161altini\u0173, nuo +5 \u00b0C iki +25 \u00b0C temperat\u016broje.<\/p>\n","protected":false},"excerpt":{"rendered":"<p>Sud\u0117tyje yra j\u016bros vandens ir 8 r\u016b\u0161i\u0173 hialurono r\u016bg\u0161ties. Kauk\u0117 padeda odai i\u0161laikyti dr\u0117gm\u0119 i\u0161 vidaus, tuo pa\u010diu suteikiant skais\u010di\u0105 ir spindin\u010di\u0105 veido spalv\u0105 ilg\u0105 laik\u0105. Naudojimas: nuvalykite ir nusausinkite veido od\u0105. Atidarykite pakuot\u0119 ir \u0161velniai u\u017ed\u0117kite kauk\u0119 ant veido. Kauk\u0119 palaikykite 10-20 minu\u010di\u0173, tada \u0161velniai nuimkite. Likusi\u0105 kauk\u0117s dal\u012f \u0161velniais judesiais \u012fmasa\u017euokite \u012f od\u0105. [&#8230;]\n","protected":false},"featured_media":56669,"template":"","meta":[],"product_cat":[1369],"product_tag":[],"class_list":{"0":"post-56667","1":"product","2":"type-product","3":"status-publish","4":"has-post-thumbnail","6":"product_brand-replay_kr-lt","7":"product_cat-veido-kaukes","9":"first","10":"outofstock","11":"taxable","12":"shipping-taxable","13":"product-type-simple"},"_links":{"self":[{"href":"https:\/\/e.kosmolat.eu\/lt\/wp-json\/wp\/v2\/product\/56667","targetHints":{"allow":["GET"]}}],"collection":[{"href":"https:\/\/e.kosmolat.eu\/lt\/wp-json\/wp\/v2\/product"}],"about":[{"href":"https:\/\/e.kosmolat.eu\/lt\/wp-json\/wp\/v2\/types\/product"}],"wp:featuredmedia":[{"embeddable":true,"href":"https:\/\/e.kosmolat.eu\/lt\/wp-json\/wp\/v2\/media\/56669"}],"wp:attachment":[{"href":"https:\/\/e.kosmolat.eu\/lt\/wp-json\/wp\/v2\/media?parent=56667"}],"wp:term":[{"taxonomy":"product_cat","embeddable":true,"href":"https:\/\/e.kosmolat.eu\/lt\/wp-json\/wp\/v2\/product_cat?post=56667"},{"taxonomy":"product_tag","embeddable":true,"href":"https:\/\/e.kosmolat.eu\/lt\/wp-json\/wp\/v2\/product_tag?post=56667"}],"curies":[{"name":"wp","href":"https:\/\/api.w.org\/{rel}","templated":true}]}}