{"id":56659,"date":"2024-10-04T04:14:32","date_gmt":"2024-10-04T04:14:32","guid":{"rendered":"https:\/\/e.kosmolat.eu\/product\/med-b-grape-sejas-mazg-putas-ar-sodu-un-vinogu-ekstr-100-ml\/"},"modified":"2026-03-08T06:47:33","modified_gmt":"2026-03-08T06:47:33","slug":"med-b-grape-sejas-mazg-putas-ar-sodu-un-vinogu-ekstr-100-ml","status":"publish","type":"product","link":"https:\/\/e.kosmolat.eu\/lt\/produktas\/med-b-grape-sejas-mazg-putas-ar-sodu-un-vinogu-ekstr-100-ml\/","title":{"rendered":"MED B Grape veido prausiklis su soda ir vynuogi\u0173 ekstraktu, 100 ml"},"content":{"rendered":"<p>Pa\u0161alina ne\u0161varumus ir makia\u017eo liku\u010dius. Sodos dalel\u0117s normalizuoja riebalini\u0173 liauk\u0173 veikl\u0105, sutraukia poras ir neleid\u017eia atsirasti ink\u0161tirams. Vynuogi\u0173 ekstraktas pasi\u017eymi antioksidaciniu poveikiu, mink\u0161tina, \u0161vei\u010dia, maitina ir atkuria od\u0105.<\/p>\n<p>Naudojimas: nedidel\u012f kiek\u012f put\u0173 u\u017etepkite ant dr\u0117gn\u0173 rank\u0173 ir suputokite. Tolygiai paskirstykite ant veido sukamaisiais judesiais. Pa\u0161alinkite ne\u0161varumus, tada nuplaukite vandeniu.<\/p>\n<p>Saugoti  nuo +5 \u00b0C iki +25 \u00b0C temperat\u016broje.<\/p>\n","protected":false},"excerpt":{"rendered":"<p>Pa\u0161alina ne\u0161varumus ir makia\u017eo liku\u010dius. Sodos dalel\u0117s normalizuoja riebalini\u0173 liauk\u0173 veikl\u0105, sutraukia poras ir neleid\u017eia atsirasti ink\u0161tirams. Vynuogi\u0173 ekstraktas pasi\u017eymi antioksidaciniu poveikiu, mink\u0161tina, \u0161vei\u010dia, maitina ir atkuria od\u0105. Naudojimas: nedidel\u012f kiek\u012f put\u0173 u\u017etepkite ant dr\u0117gn\u0173 rank\u0173 ir suputokite. Tolygiai paskirstykite ant veido sukamaisiais judesiais. Pa\u0161alinkite ne\u0161varumus, tada nuplaukite vandeniu. Saugoti nuo +5 \u00b0C iki +25 [&#8230;]\n","protected":false},"featured_media":97816,"template":"","meta":[],"product_cat":[2181],"product_tag":[],"class_list":{"0":"post-56659","1":"product","2":"type-product","3":"status-publish","4":"has-post-thumbnail","6":"product_brand-replay_kr-lt","7":"product_cat-bez-kategorijas-lt","9":"first","10":"outofstock","11":"taxable","12":"shipping-taxable","13":"product-type-simple"},"_links":{"self":[{"href":"https:\/\/e.kosmolat.eu\/lt\/wp-json\/wp\/v2\/product\/56659","targetHints":{"allow":["GET"]}}],"collection":[{"href":"https:\/\/e.kosmolat.eu\/lt\/wp-json\/wp\/v2\/product"}],"about":[{"href":"https:\/\/e.kosmolat.eu\/lt\/wp-json\/wp\/v2\/types\/product"}],"wp:featuredmedia":[{"embeddable":true,"href":"https:\/\/e.kosmolat.eu\/lt\/wp-json\/wp\/v2\/media\/97816"}],"wp:attachment":[{"href":"https:\/\/e.kosmolat.eu\/lt\/wp-json\/wp\/v2\/media?parent=56659"}],"wp:term":[{"taxonomy":"product_cat","embeddable":true,"href":"https:\/\/e.kosmolat.eu\/lt\/wp-json\/wp\/v2\/product_cat?post=56659"},{"taxonomy":"product_tag","embeddable":true,"href":"https:\/\/e.kosmolat.eu\/lt\/wp-json\/wp\/v2\/product_tag?post=56659"}],"curies":[{"name":"wp","href":"https:\/\/api.w.org\/{rel}","templated":true}]}}