{"id":56651,"date":"2024-10-04T04:14:14","date_gmt":"2024-10-04T04:14:14","guid":{"rendered":"https:\/\/e.kosmolat.eu\/product\/med-b-wop-strawberry-milk-dzili-attiros-sejas-maska-10-x-3-g\/"},"modified":"2026-04-07T05:59:01","modified_gmt":"2026-04-07T05:59:01","slug":"i_med-b-wop-strawberry-milk-dzili-attiros-sejas-maska-3-g","status":"publish","type":"product","link":"https:\/\/e.kosmolat.eu\/lt\/produktas\/i_med-b-wop-strawberry-milk-dzili-attiros-sejas-maska-3-g\/","title":{"rendered":"MED B Wash-off-Pack Strawberry Milk giliai valanti veido kauk\u0117, 3 g"},"content":{"rendered":"<p>Giliai valanti kauk\u0117 \u0161velniai veikia od\u0105, \u0161velniai i\u0161valo epiderm\u012f nuo riebal\u0173 pertekliaus ir kit\u0173 ne\u0161varum\u0173. Sud\u0117tyje yra pieno ir bra\u0161ki\u0173 ekstrakt\u0173. Pieno baltymai atnaujina epiderm\u012f ir skatina nauj\u0173 l\u0105steli\u0173 augim\u0105, skaistina od\u0105, nu\u0161vei\u010dia negyvas l\u0105steles, stiprina ir dr\u0117kina i\u0161saus\u0117jusi\u0105 od\u0105, naikina smulkias rauk\u0161leles, padeda didinti kolageno sintez\u0119. Bra\u0161k\u0117s dr\u0117kina, maitina ir mink\u0161tina od\u0105, vitaminizuoja, tonizuoja ir ramina. Bra\u0161ki\u0173 ekstraktas padeda atkurti odos l\u0105steles, taip pat aktyvina nuosavo kolageno sintez\u0119 ir turi \u0161viesinam\u0105j\u012f poveik\u012f.<\/p>\n<p>Naudojimas: Nusipraus\u0119 kauk\u0119 u\u017etepkite ant sausos veido odos, vengdami aki\u0173 ir l\u016bp\u0173 zon\u0173, palikite 15 minu\u010di\u0173, tada \u0161velniais masa\u017euojamaisiais judesiais nuplaukite. Rekomenduojama naudoti 2-3 kartus per savait\u0119.<\/p>\n<p>\u012eSP\u0116JIMAS: 1. Jei naudojant produkt\u0105 atsiranda b\u0117rimas, patinimas, nie\u017eulys ar kitoks diskomfortas, nedelsiant nutraukite naudojim\u0105 ir kreipkit\u0117s \u012f dermatolog\u0105. 2. Nenaudoti ant pa\u017eeistos ar sudirgusios odos.<\/p>\n<p>Atsargumo priemon\u0117s: Laikyti vaikams nepasiekiamoje vietoje  nuo +5 \u00b0C iki +25 \u00b0C temperat\u016broje atokiai nuo tiesiogini\u0173 saul\u0117s spinduli\u0173.<\/p>\n","protected":false},"excerpt":{"rendered":"<p>Giliai valanti kauk\u0117 \u0161velniai veikia od\u0105, \u0161velniai i\u0161valo epiderm\u012f nuo riebal\u0173 pertekliaus ir kit\u0173 ne\u0161varum\u0173. Sud\u0117tyje yra pieno ir bra\u0161ki\u0173 ekstrakt\u0173. Pieno baltymai atnaujina epiderm\u012f ir skatina nauj\u0173 l\u0105steli\u0173 augim\u0105, skaistina od\u0105, nu\u0161vei\u010dia negyvas l\u0105steles, stiprina ir dr\u0117kina i\u0161saus\u0117jusi\u0105 od\u0105, naikina smulkias rauk\u0161leles, padeda didinti kolageno sintez\u0119. Bra\u0161k\u0117s dr\u0117kina, maitina ir mink\u0161tina od\u0105, vitaminizuoja, tonizuoja [&#8230;]\n","protected":false},"featured_media":97888,"template":"","meta":[],"product_cat":[1369],"product_tag":[],"class_list":{"0":"post-56651","1":"product","2":"type-product","3":"status-publish","4":"has-post-thumbnail","6":"product_brand-replay_kr-lt","7":"product_cat-veido-kaukes","9":"first","10":"instock","11":"taxable","12":"shipping-taxable","13":"product-type-simple"},"_links":{"self":[{"href":"https:\/\/e.kosmolat.eu\/lt\/wp-json\/wp\/v2\/product\/56651","targetHints":{"allow":["GET"]}}],"collection":[{"href":"https:\/\/e.kosmolat.eu\/lt\/wp-json\/wp\/v2\/product"}],"about":[{"href":"https:\/\/e.kosmolat.eu\/lt\/wp-json\/wp\/v2\/types\/product"}],"wp:featuredmedia":[{"embeddable":true,"href":"https:\/\/e.kosmolat.eu\/lt\/wp-json\/wp\/v2\/media\/97888"}],"wp:attachment":[{"href":"https:\/\/e.kosmolat.eu\/lt\/wp-json\/wp\/v2\/media?parent=56651"}],"wp:term":[{"taxonomy":"product_cat","embeddable":true,"href":"https:\/\/e.kosmolat.eu\/lt\/wp-json\/wp\/v2\/product_cat?post=56651"},{"taxonomy":"product_tag","embeddable":true,"href":"https:\/\/e.kosmolat.eu\/lt\/wp-json\/wp\/v2\/product_tag?post=56651"}],"curies":[{"name":"wp","href":"https:\/\/api.w.org\/{rel}","templated":true}]}}