{"id":56643,"date":"2024-10-04T04:13:48","date_gmt":"2024-10-04T04:13:48","guid":{"rendered":"https:\/\/e.kosmolat.eu\/product\/medb-youth-x2-retinol-eye-cream-30ml\/"},"modified":"2026-04-07T07:05:44","modified_gmt":"2026-04-07T07:05:44","slug":"medb-youth-x2-retinol-krems-adai-ap-ac-ar-rolleri-30-ml","status":"publish","type":"product","link":"https:\/\/e.kosmolat.eu\/lt\/produktas\/medb-youth-x2-retinol-krems-adai-ap-ac-ar-rolleri-30-ml\/","title":{"rendered":"MED B Youth X2 Retinol Paaki\u0173 kremas su voleliu, 30 ml"},"content":{"rendered":"<p>Jauninamasis kremas nuo sen\u0117jimo greitai pa\u0161alina odos aplink akis sen\u0117jimo po\u017eymius, suteikia stangrumo ir elastingumo, dr\u0117kina ir skatina aktyv\u0173 atsigavim\u0105. Volelio d\u0117ka kremas lengvai tepamas, tod\u0117l \u0161velniai atv\u0117sinate gle\u017en\u0105 srit\u012f aplink akis ir suma\u017einate paaki\u0173 paburkim\u0105. Unikali retinolio, hialurono r\u016bg\u0161ties ir peptid\u0173 sud\u0117tis akimirksniu suteikia liftingo efekt\u0105.<\/p>\n<p>Sud\u0117tyje yra vitamino A. Prie\u0161 naudojant atsi\u017evelgti \u012f paros norm\u0105.<\/p>\n<p>Naudojimo instrukcijos: paskirstykite krem\u0105 aplikatoriumi ant odos aplink akis. Naudokite ryte ir vakare.<\/p>\n<p>\u012eSP\u0116JIMAS: 1. Jei naudojant produkt\u0105 atsiranda b\u0117rimas, patinimas, nie\u017eulys ar kitoks diskomfortas, nedelsiant nutraukite naudojim\u0105 ir kreipkit\u0117s \u012f dermatolog\u0105. 2. Nenaudoti ant pa\u017eeistos ar sudirgusios odos.<\/p>\n<p>Atsargumo priemon\u0117s: Laikyti vaikams nepasiekiamoje vietoje  nuo +5 \u00b0C iki +25 \u00b0C temperat\u016broje atokiai nuo tiesiogini\u0173 saul\u0117s spinduli\u0173.<\/p>\n","protected":false},"excerpt":{"rendered":"<p>Jauninamasis kremas nuo sen\u0117jimo greitai pa\u0161alina odos aplink akis sen\u0117jimo po\u017eymius, suteikia stangrumo ir elastingumo, dr\u0117kina ir skatina aktyv\u0173 atsigavim\u0105. Volelio d\u0117ka kremas lengvai tepamas, tod\u0117l \u0161velniai atv\u0117sinate gle\u017en\u0105 srit\u012f aplink akis ir suma\u017einate paaki\u0173 paburkim\u0105. Unikali retinolio, hialurono r\u016bg\u0161ties ir peptid\u0173 sud\u0117tis akimirksniu suteikia liftingo efekt\u0105. Sud\u0117tyje yra vitamino A. Prie\u0161 naudojant atsi\u017evelgti \u012f [&#8230;]\n","protected":false},"featured_media":97808,"template":"","meta":[],"product_cat":[1590],"product_tag":[],"class_list":{"0":"post-56643","1":"product","2":"type-product","3":"status-publish","4":"has-post-thumbnail","6":"product_brand-replay_kr-lt","7":"product_cat-paakiu-kremai","9":"first","10":"instock","11":"taxable","12":"shipping-taxable","13":"product-type-simple"},"_links":{"self":[{"href":"https:\/\/e.kosmolat.eu\/lt\/wp-json\/wp\/v2\/product\/56643","targetHints":{"allow":["GET"]}}],"collection":[{"href":"https:\/\/e.kosmolat.eu\/lt\/wp-json\/wp\/v2\/product"}],"about":[{"href":"https:\/\/e.kosmolat.eu\/lt\/wp-json\/wp\/v2\/types\/product"}],"wp:featuredmedia":[{"embeddable":true,"href":"https:\/\/e.kosmolat.eu\/lt\/wp-json\/wp\/v2\/media\/97808"}],"wp:attachment":[{"href":"https:\/\/e.kosmolat.eu\/lt\/wp-json\/wp\/v2\/media?parent=56643"}],"wp:term":[{"taxonomy":"product_cat","embeddable":true,"href":"https:\/\/e.kosmolat.eu\/lt\/wp-json\/wp\/v2\/product_cat?post=56643"},{"taxonomy":"product_tag","embeddable":true,"href":"https:\/\/e.kosmolat.eu\/lt\/wp-json\/wp\/v2\/product_tag?post=56643"}],"curies":[{"name":"wp","href":"https:\/\/api.w.org\/{rel}","templated":true}]}}