{"id":56611,"date":"2024-10-04T04:12:34","date_gmt":"2024-10-04T04:12:34","guid":{"rendered":"https:\/\/e.kosmolat.eu\/product\/verpia-vitamin-auduma-sejas-maska-ar-vitamin-20-ml-x-1\/"},"modified":"2025-01-24T14:53:55","modified_gmt":"2025-01-24T14:53:55","slug":"verpia-vitamin-auduma-sejas-maska-ar-vitamin-20-ml-x-1","status":"publish","type":"product","link":"https:\/\/e.kosmolat.eu\/lt\/produktas\/verpia-vitamin-auduma-sejas-maska-ar-vitamin-20-ml-x-1\/","title":{"rendered":"VERPIA Vitamin Veido kauk\u0117 su vitaminais, 20 ml x 1"},"content":{"rendered":"<p>Vitaminai i\u0161 \u0161altalanki\u0173 ekstrakto neleid\u017eia gamintis melaninui, kuris skatina pigmento nus\u0117dim\u0105, taip pat skatina kolageno sintez\u0119. Tai padeda i\u0161lyginti rauk\u0161les ir pagerinti odos elastingum\u0105.<\/p>\n<p>Naudojimas: naudokite ant \u0161varios ir sausos veido odos. Atidarykite pakuot\u0119 ir atsargiai u\u017ed\u0117kite  kauk\u0119 ant veido. Palikite kauk\u0119 10-20 minu\u010di\u0173, tada atsargiai nuimkite. Likusi\u0105 kauk\u0119 lengvais judesiais \u012fmasa\u017euokite \u012f od\u0105. Kauk\u0117 skirta vienkartiniam naudojimui.<\/p>\n<p>Laikyti vaikams nepasiekiamoje vietoje, apsaugotoje nuo tiesiogini\u0173 saul\u0117s spinduli\u0173 ir \u0161ilumos \u0161altini\u0173, nuo +5 \u00b0C iki +25 \u00b0C temperat\u016broje.<\/p>\n","protected":false},"excerpt":{"rendered":"<p>Vitaminai i\u0161 \u0161altalanki\u0173 ekstrakto neleid\u017eia gamintis melaninui, kuris skatina pigmento nus\u0117dim\u0105, taip pat skatina kolageno sintez\u0119. Tai padeda i\u0161lyginti rauk\u0161les ir pagerinti odos elastingum\u0105. Naudojimas: naudokite ant \u0161varios ir sausos veido odos. Atidarykite pakuot\u0119 ir atsargiai u\u017ed\u0117kite kauk\u0119 ant veido. Palikite kauk\u0119 10-20 minu\u010di\u0173, tada atsargiai nuimkite. Likusi\u0105 kauk\u0119 lengvais judesiais \u012fmasa\u017euokite \u012f od\u0105. Kauk\u0117 [&#8230;]\n","protected":false},"featured_media":56613,"template":"","meta":[],"product_cat":[1369],"product_tag":[],"class_list":{"0":"post-56611","1":"product","2":"type-product","3":"status-publish","4":"has-post-thumbnail","6":"product_brand-replay_kr-lt","7":"product_cat-veido-kaukes","9":"first","10":"outofstock","11":"taxable","12":"shipping-taxable","13":"product-type-simple"},"_links":{"self":[{"href":"https:\/\/e.kosmolat.eu\/lt\/wp-json\/wp\/v2\/product\/56611","targetHints":{"allow":["GET"]}}],"collection":[{"href":"https:\/\/e.kosmolat.eu\/lt\/wp-json\/wp\/v2\/product"}],"about":[{"href":"https:\/\/e.kosmolat.eu\/lt\/wp-json\/wp\/v2\/types\/product"}],"wp:featuredmedia":[{"embeddable":true,"href":"https:\/\/e.kosmolat.eu\/lt\/wp-json\/wp\/v2\/media\/56613"}],"wp:attachment":[{"href":"https:\/\/e.kosmolat.eu\/lt\/wp-json\/wp\/v2\/media?parent=56611"}],"wp:term":[{"taxonomy":"product_cat","embeddable":true,"href":"https:\/\/e.kosmolat.eu\/lt\/wp-json\/wp\/v2\/product_cat?post=56611"},{"taxonomy":"product_tag","embeddable":true,"href":"https:\/\/e.kosmolat.eu\/lt\/wp-json\/wp\/v2\/product_tag?post=56611"}],"curies":[{"name":"wp","href":"https:\/\/api.w.org\/{rel}","templated":true}]}}