{"id":56603,"date":"2024-10-04T04:12:14","date_gmt":"2024-10-04T04:12:14","guid":{"rendered":"https:\/\/e.kosmolat.eu\/product\/verpia-pomegranate-auduma-sejas-maska-ar-granatab-ekstraktu-20-ml-x-1\/"},"modified":"2026-03-31T11:58:47","modified_gmt":"2026-03-31T11:58:47","slug":"verpia-pomegranate-auduma-sejas-maska-ar-granatab-ekstraktu-20-ml-x-1","status":"publish","type":"product","link":"https:\/\/e.kosmolat.eu\/lt\/produktas\/verpia-pomegranate-auduma-sejas-maska-ar-granatab-ekstraktu-20-ml-x-1\/","title":{"rendered":"VERPIA Pomegranate veido kauk\u0117 su granat\u0173 ekstraktu, 20 ml x 1"},"content":{"rendered":"<p>Apsaugo ir ramina jautri\u0105 od\u0105, dr\u0117kina saus\u0105 od\u0105, ma\u017eina pleiskanojim\u0105 ir palieka od\u0105 pamaitint\u0105 ir \u0161vari\u0105.<\/p>\n<p>Naudojimas: naudokite ant \u0161varios ir sausos veido odos. Atidarykite pakuot\u0119 ir atsargiai  u\u017ed\u0117kite kauk\u0119 ant veido. Palikite kauk\u0119 10-20 minu\u010di\u0173, tada atsargiai nuimkite. Likusi\u0105 kauk\u0119 lengvais judesiais \u012fmasa\u017euokite \u012f od\u0105. Kauk\u0117 skirta vienkartiniam naudojimui.<\/p>\n<p>Laikyti vaikams nepasiekiamoje vietoje, apsaugotoje nuo tiesiogini\u0173 saul\u0117s spinduli\u0173 ir \u0161ilumos \u0161altini\u0173, nuo +5 \u00b0C iki +25 \u00b0C temperat\u016broje.<\/p>\n","protected":false},"excerpt":{"rendered":"<p>Apsaugo ir ramina jautri\u0105 od\u0105, dr\u0117kina saus\u0105 od\u0105, ma\u017eina pleiskanojim\u0105 ir palieka od\u0105 pamaitint\u0105 ir \u0161vari\u0105. Naudojimas: naudokite ant \u0161varios ir sausos veido odos. Atidarykite pakuot\u0119 ir atsargiai u\u017ed\u0117kite kauk\u0119 ant veido. Palikite kauk\u0119 10-20 minu\u010di\u0173, tada atsargiai nuimkite. Likusi\u0105 kauk\u0119 lengvais judesiais \u012fmasa\u017euokite \u012f od\u0105. Kauk\u0117 skirta vienkartiniam naudojimui. Laikyti vaikams nepasiekiamoje vietoje, apsaugotoje [&#8230;]\n","protected":false},"featured_media":97804,"template":"","meta":[],"product_cat":[1369],"product_tag":[],"class_list":{"0":"post-56603","1":"product","2":"type-product","3":"status-publish","4":"has-post-thumbnail","6":"product_brand-replay_kr-lt","7":"product_cat-veido-kaukes","9":"first","10":"instock","11":"taxable","12":"shipping-taxable","13":"product-type-simple"},"_links":{"self":[{"href":"https:\/\/e.kosmolat.eu\/lt\/wp-json\/wp\/v2\/product\/56603","targetHints":{"allow":["GET"]}}],"collection":[{"href":"https:\/\/e.kosmolat.eu\/lt\/wp-json\/wp\/v2\/product"}],"about":[{"href":"https:\/\/e.kosmolat.eu\/lt\/wp-json\/wp\/v2\/types\/product"}],"wp:featuredmedia":[{"embeddable":true,"href":"https:\/\/e.kosmolat.eu\/lt\/wp-json\/wp\/v2\/media\/97804"}],"wp:attachment":[{"href":"https:\/\/e.kosmolat.eu\/lt\/wp-json\/wp\/v2\/media?parent=56603"}],"wp:term":[{"taxonomy":"product_cat","embeddable":true,"href":"https:\/\/e.kosmolat.eu\/lt\/wp-json\/wp\/v2\/product_cat?post=56603"},{"taxonomy":"product_tag","embeddable":true,"href":"https:\/\/e.kosmolat.eu\/lt\/wp-json\/wp\/v2\/product_tag?post=56603"}],"curies":[{"name":"wp","href":"https:\/\/api.w.org\/{rel}","templated":true}]}}