{"id":56595,"date":"2024-10-04T04:11:56","date_gmt":"2024-10-04T04:11:56","guid":{"rendered":"https:\/\/e.kosmolat.eu\/product\/jigott-vitamin-auduma-sejas-maska-27-ml\/"},"modified":"2026-02-24T07:52:53","modified_gmt":"2026-02-24T07:52:53","slug":"jigott-vitamin-auduma-sejas-maska-27-ml","status":"publish","type":"product","link":"https:\/\/e.kosmolat.eu\/lt\/produktas\/jigott-vitamin-auduma-sejas-maska-27-ml\/","title":{"rendered":"JIGOTT Vitamin Lak\u0161tin\u0117 veido kauk\u0117, 27 ml"},"content":{"rendered":"<p>Kauk\u0117- ampul\u0117 su vitaminais efektyviai dr\u0117kina ir maitina od\u0105, nes tokoferilo acetatas (27 mg) \u2013 vitaminas E ir granat\u0173 ekstraktas suteikia gaivinant\u012f ir dr\u0117kinam\u0105j\u012f poveik\u012f. Kauk\u0117s sud\u0117tyje taip pat yra \u0161ilkmed\u017ei\u0173, \u0161altalanki\u0173 ir soj\u0173 pupeli\u0173 ekstrakt\u0173, kurie padeda i\u0161lyginti od\u0105 ir suteikia jai skais\u010di\u0105, sveik\u0105 i\u0161vaizd\u0105.<\/p>\n<p>Naudojimas: naudokite ant \u0161varios ir sausos veido odos. Atidarykite pakuot\u0119 ir atsargiai u\u017ed\u0117kite kauk\u0119 ant veido. Palikite kauk\u0119 10-20 minu\u010di\u0173, tada atsargiai nuimkite. Likusi\u0105 kauk\u0119 lengvais judesiais \u012fmasa\u017euokite \u012f od\u0105. Kauk\u0117 skirta vienkartiniam naudojimui.<\/p>\n<p>Atsargumo priemon\u0117s: Jei atsiranda b\u0117rimas, patinimas, nie\u017eulys ar dirginimas, nustokite naudoti kauk\u0119 ir kreipkit\u0117s \u012f dermatolog\u0105. Patekus \u012f akis, kruop\u0161\u010diai nuplaukite vandeniu.<\/p>\n<p>Laikyti vaikams nepasiekiamoje vietoje, apsaugotoje nuo tiesiogini\u0173 saul\u0117s spinduli\u0173 ir \u0161ilumos \u0161altini\u0173, nuo +5 \u00b0C iki +25 \u00b0C temperat\u016broje.<\/p>\n","protected":false},"excerpt":{"rendered":"<p>Kauk\u0117- ampul\u0117 su vitaminais efektyviai dr\u0117kina ir maitina od\u0105, nes tokoferilo acetatas (27 mg) \u2013 vitaminas E ir granat\u0173 ekstraktas suteikia gaivinant\u012f ir dr\u0117kinam\u0105j\u012f poveik\u012f. Kauk\u0117s sud\u0117tyje taip pat yra \u0161ilkmed\u017ei\u0173, \u0161altalanki\u0173 ir soj\u0173 pupeli\u0173 ekstrakt\u0173, kurie padeda i\u0161lyginti od\u0105 ir suteikia jai skais\u010di\u0105, sveik\u0105 i\u0161vaizd\u0105. Naudojimas: naudokite ant \u0161varios ir sausos veido odos. Atidarykite [&#8230;]\n","protected":false},"featured_media":97131,"template":"","meta":[],"product_cat":[2181],"product_tag":[],"class_list":{"0":"post-56595","1":"product","2":"type-product","3":"status-publish","4":"has-post-thumbnail","6":"product_brand-replay_kr-lt","7":"product_cat-bez-kategorijas-lt","9":"first","10":"outofstock","11":"taxable","12":"shipping-taxable","13":"product-type-simple"},"_links":{"self":[{"href":"https:\/\/e.kosmolat.eu\/lt\/wp-json\/wp\/v2\/product\/56595","targetHints":{"allow":["GET"]}}],"collection":[{"href":"https:\/\/e.kosmolat.eu\/lt\/wp-json\/wp\/v2\/product"}],"about":[{"href":"https:\/\/e.kosmolat.eu\/lt\/wp-json\/wp\/v2\/types\/product"}],"wp:featuredmedia":[{"embeddable":true,"href":"https:\/\/e.kosmolat.eu\/lt\/wp-json\/wp\/v2\/media\/97131"}],"wp:attachment":[{"href":"https:\/\/e.kosmolat.eu\/lt\/wp-json\/wp\/v2\/media?parent=56595"}],"wp:term":[{"taxonomy":"product_cat","embeddable":true,"href":"https:\/\/e.kosmolat.eu\/lt\/wp-json\/wp\/v2\/product_cat?post=56595"},{"taxonomy":"product_tag","embeddable":true,"href":"https:\/\/e.kosmolat.eu\/lt\/wp-json\/wp\/v2\/product_tag?post=56595"}],"curies":[{"name":"wp","href":"https:\/\/api.w.org\/{rel}","templated":true}]}}