{"id":56571,"date":"2024-10-04T04:11:02","date_gmt":"2024-10-04T04:11:02","guid":{"rendered":"https:\/\/e.kosmolat.eu\/product\/jigott-collagen-auduma-sejas-maska-27-ml\/"},"modified":"2026-02-24T07:52:40","modified_gmt":"2026-02-24T07:52:40","slug":"jigott-collagen-auduma-sejas-maska-27-ml","status":"publish","type":"product","link":"https:\/\/e.kosmolat.eu\/lt\/produktas\/jigott-collagen-auduma-sejas-maska-27-ml\/","title":{"rendered":"JIGOTT Collagen Lak\u0161tin\u0117 veido kauk\u0117, 27 ml"},"content":{"rendered":"<p>Kolageno kauk\u0117- ampul\u0117 efektyviai dr\u0117kina ir maitina od\u0105, nes kolageno ekstraktas (27 mg) ir \u017een\u0161enio ekstraktas suteikia gaivinant\u012f ir dr\u0117kinam\u0105j\u012f poveik\u012f. Kadangi lak\u0161tin\u0117s kauk\u0117s sud\u0117tyje yra agurk\u0173, bulvi\u0173, perl\u0173, lotoso \u017eied\u0173 ir granat\u0173 ekstrakt\u0173, ji padeda i\u0161lyginti od\u0105 ir suteikti jai sveik\u0105 veido spalv\u0105.<\/p>\n<p>Naudojimas: naudokite ant \u0161varios ir sausos veido odos. Atidarykite pakuot\u0119 ir atsargiai u\u017ed\u0117kite kauk\u0119 ant veido. Palikite kauk\u0119 10-20 minu\u010di\u0173, tada atsargiai nuimkite. Likusi\u0105 kauk\u0119 lengvais judesiais \u012fmasa\u017euokite \u012f od\u0105. Kauk\u0117 skirta vienkartiniam naudojimui.<\/p>\n<p>Atsargumo priemon\u0117s: Jei atsiranda b\u0117rimas, patinimas, nie\u017eulys ar dirginimas, nustokite naudoti kauk\u0119 ir kreipkit\u0117s \u012f dermatolog\u0105. Patekus \u012f akis, kruop\u0161\u010diai nuplaukite vandeniu.<\/p>\n<p>Laikyti vaikams nepasiekiamoje vietoje, apsaugotoje nuo tiesiogini\u0173 saul\u0117s spinduli\u0173 ir \u0161ilumos \u0161altini\u0173, nuo +5 \u00b0C iki +25 \u00b0C temperat\u016broje.<\/p>\n","protected":false},"excerpt":{"rendered":"<p>Kolageno kauk\u0117- ampul\u0117 efektyviai dr\u0117kina ir maitina od\u0105, nes kolageno ekstraktas (27 mg) ir \u017een\u0161enio ekstraktas suteikia gaivinant\u012f ir dr\u0117kinam\u0105j\u012f poveik\u012f. Kadangi lak\u0161tin\u0117s kauk\u0117s sud\u0117tyje yra agurk\u0173, bulvi\u0173, perl\u0173, lotoso \u017eied\u0173 ir granat\u0173 ekstrakt\u0173, ji padeda i\u0161lyginti od\u0105 ir suteikti jai sveik\u0105 veido spalv\u0105. Naudojimas: naudokite ant \u0161varios ir sausos veido odos. Atidarykite pakuot\u0119 ir [&#8230;]\n","protected":false},"featured_media":97594,"template":"","meta":[],"product_cat":[2181],"product_tag":[],"class_list":{"0":"post-56571","1":"product","2":"type-product","3":"status-publish","4":"has-post-thumbnail","6":"product_brand-replay_kr-lt","7":"product_cat-bez-kategorijas-lt","9":"first","10":"outofstock","11":"taxable","12":"shipping-taxable","13":"product-type-simple"},"_links":{"self":[{"href":"https:\/\/e.kosmolat.eu\/lt\/wp-json\/wp\/v2\/product\/56571","targetHints":{"allow":["GET"]}}],"collection":[{"href":"https:\/\/e.kosmolat.eu\/lt\/wp-json\/wp\/v2\/product"}],"about":[{"href":"https:\/\/e.kosmolat.eu\/lt\/wp-json\/wp\/v2\/types\/product"}],"wp:featuredmedia":[{"embeddable":true,"href":"https:\/\/e.kosmolat.eu\/lt\/wp-json\/wp\/v2\/media\/97594"}],"wp:attachment":[{"href":"https:\/\/e.kosmolat.eu\/lt\/wp-json\/wp\/v2\/media?parent=56571"}],"wp:term":[{"taxonomy":"product_cat","embeddable":true,"href":"https:\/\/e.kosmolat.eu\/lt\/wp-json\/wp\/v2\/product_cat?post=56571"},{"taxonomy":"product_tag","embeddable":true,"href":"https:\/\/e.kosmolat.eu\/lt\/wp-json\/wp\/v2\/product_tag?post=56571"}],"curies":[{"name":"wp","href":"https:\/\/api.w.org\/{rel}","templated":true}]}}