{"id":56563,"date":"2024-10-04T04:10:46","date_gmt":"2024-10-04T04:10:46","guid":{"rendered":"https:\/\/e.kosmolat.eu\/product\/jigott-aloe-auduma-sejas-maska-27-ml\/"},"modified":"2026-02-24T07:52:26","modified_gmt":"2026-02-24T07:52:26","slug":"jigott-aloe-auduma-sejas-maska-27-ml","status":"publish","type":"product","link":"https:\/\/e.kosmolat.eu\/lt\/produktas\/jigott-aloe-auduma-sejas-maska-27-ml\/","title":{"rendered":"JIGOTT Aloe Lak\u0161tin\u0117 veido kauk\u0117, 27 ml"},"content":{"rendered":"<p>Alavij\u0173 kauk\u0117 \u2013 ampul\u0117 efektyviai dr\u0117kina ir maitina od\u0105, nes alavij\u0173 lap\u0173 ekstraktas (27 mg) ir hamameli\u0173 ekstraktas suteikia dr\u0117kinam\u0105j\u012f ir gaivinant\u012f poveik\u012f. Kadangi lak\u0161tin\u0117je kauk\u0117je yra Monarda didyma lap\u0173 ekstrakto, sraigi\u0173 sekreto filtrato, lotos\u0173 \u017eied\u0173 ekstrakto, medaus ekstrakto, kamelij\u0173 s\u0117kl\u0173 ekstrakto ir \u017ealiosios arbatos ekstrakto, ji padeda i\u0161lyginti od\u0105 ir suteikti jai sveik\u0105 veido spalv\u0105.<\/p>\n<p>Naudojimas: naudokite ant \u0161varios ir sausos veido odos. Atidarykite pakuot\u0119 ir atsargiai u\u017ed\u0117kite kauk\u0119 ant veido. Palikite kauk\u0119 10-20 minu\u010di\u0173, tada atsargiai nuimkite. Likusi\u0105 kauk\u0119 lengvais judesiais \u012fmasa\u017euokite \u012f od\u0105. Kauk\u0117 skirta vienkartiniam naudojimui.<\/p>\n<p>Atsargumo priemon\u0117s: Jei atsiranda b\u0117rimas, patinimas, nie\u017eulys ar dirginimas, nustokite naudoti kauk\u0119 ir kreipkit\u0117s \u012f dermatolog\u0105. Patekus \u012f akis, kruop\u0161\u010diai nuplaukite vandeniu.<\/p>\n<p>Laikyti vaikams nepasiekiamoje vietoje, apsaugotoje nuo tiesiogini\u0173 saul\u0117s spinduli\u0173 ir \u0161ilumos \u0161altini\u0173, nuo +5 \u00b0C iki +25 \u00b0C temperat\u016broje.<\/p>\n","protected":false},"excerpt":{"rendered":"<p>Alavij\u0173 kauk\u0117 \u2013 ampul\u0117 efektyviai dr\u0117kina ir maitina od\u0105, nes alavij\u0173 lap\u0173 ekstraktas (27 mg) ir hamameli\u0173 ekstraktas suteikia dr\u0117kinam\u0105j\u012f ir gaivinant\u012f poveik\u012f. Kadangi lak\u0161tin\u0117je kauk\u0117je yra Monarda didyma lap\u0173 ekstrakto, sraigi\u0173 sekreto filtrato, lotos\u0173 \u017eied\u0173 ekstrakto, medaus ekstrakto, kamelij\u0173 s\u0117kl\u0173 ekstrakto ir \u017ealiosios arbatos ekstrakto, ji padeda i\u0161lyginti od\u0105 ir suteikti jai sveik\u0105 veido [&#8230;]\n","protected":false},"featured_media":97590,"template":"","meta":[],"product_cat":[2181],"product_tag":[],"class_list":{"0":"post-56563","1":"product","2":"type-product","3":"status-publish","4":"has-post-thumbnail","6":"product_brand-replay_kr-lt","7":"product_cat-bez-kategorijas-lt","9":"first","10":"outofstock","11":"taxable","12":"shipping-taxable","13":"product-type-simple"},"_links":{"self":[{"href":"https:\/\/e.kosmolat.eu\/lt\/wp-json\/wp\/v2\/product\/56563","targetHints":{"allow":["GET"]}}],"collection":[{"href":"https:\/\/e.kosmolat.eu\/lt\/wp-json\/wp\/v2\/product"}],"about":[{"href":"https:\/\/e.kosmolat.eu\/lt\/wp-json\/wp\/v2\/types\/product"}],"wp:featuredmedia":[{"embeddable":true,"href":"https:\/\/e.kosmolat.eu\/lt\/wp-json\/wp\/v2\/media\/97590"}],"wp:attachment":[{"href":"https:\/\/e.kosmolat.eu\/lt\/wp-json\/wp\/v2\/media?parent=56563"}],"wp:term":[{"taxonomy":"product_cat","embeddable":true,"href":"https:\/\/e.kosmolat.eu\/lt\/wp-json\/wp\/v2\/product_cat?post=56563"},{"taxonomy":"product_tag","embeddable":true,"href":"https:\/\/e.kosmolat.eu\/lt\/wp-json\/wp\/v2\/product_tag?post=56563"}],"curies":[{"name":"wp","href":"https:\/\/api.w.org\/{rel}","templated":true}]}}