{"id":56555,"date":"2024-10-04T04:10:29","date_gmt":"2024-10-04T04:10:29","guid":{"rendered":"https:\/\/e.kosmolat.eu\/product\/eshumi-snailmucus-24k-gold-krems-adai-ap-ac-40-ml\/"},"modified":"2026-04-14T05:46:42","modified_gmt":"2026-04-14T05:46:42","slug":"eshumi-snailmucus-24k-gold-krems-adai-ap-ac-40-ml","status":"publish","type":"product","link":"https:\/\/e.kosmolat.eu\/lt\/produktas\/eshumi-snailmucus-24k-gold-krems-adai-ap-ac-40-ml\/","title":{"rendered":"ESHUMI Snailmucus 24k Gold paaki\u0173 kremas su sraigi\u0173 mucinu ir auksu balinantis\/nuo rauk\u0161li\u0173, 40 ml"},"content":{"rendered":"<p>Intensyviai maitina, atkuria, lygina ir balina od\u0105, padeda suma\u017einti odos nuovargio po\u017eymius ir rauk\u0161les.<\/p>\n<p>Naudojimo instrukcija: Pir\u0161t\u0173 galiukais tolygiai paskirstykite krem\u0105 ant odos aplink akis, kol visi\u0161kai \u012fsigers. <\/p>\n<p>\u012eSP\u0116JIMAS: 1. Jei naudojant produkt\u0105 atsiranda i\u0161b\u0117rimas, patinimas, nie\u017eulys ar kitoks diskomfortas, nedelsiant nutraukite naudojim\u0105 ir kreipkit\u0117s \u012f dermatolog\u0105. 2. Nenaudoti ant pa\u017eeistos ar sudirgusios odos.<\/p>\n<p>Atsargumo priemon\u0117s: Laikyti vaikams nepasiekiamoje vietoje. Saugoti nuo tiesiogini\u0173 saul\u0117s spinduli\u0173, nuo +5 \u00b0C iki +25 \u00b0C temperat\u016broje.<\/p>\n","protected":false},"excerpt":{"rendered":"<p>Intensyviai maitina, atkuria, lygina ir balina od\u0105, padeda suma\u017einti odos nuovargio po\u017eymius ir rauk\u0161les. Naudojimo instrukcija: Pir\u0161t\u0173 galiukais tolygiai paskirstykite krem\u0105 ant odos aplink akis, kol visi\u0161kai \u012fsigers. \u012eSP\u0116JIMAS: 1. Jei naudojant produkt\u0105 atsiranda i\u0161b\u0117rimas, patinimas, nie\u017eulys ar kitoks diskomfortas, nedelsiant nutraukite naudojim\u0105 ir kreipkit\u0117s \u012f dermatolog\u0105. 2. Nenaudoti ant pa\u017eeistos ar sudirgusios odos. Atsargumo [&#8230;]\n","protected":false},"featured_media":97792,"template":"","meta":[],"product_cat":[1590],"product_tag":[],"class_list":{"0":"post-56555","1":"product","2":"type-product","3":"status-publish","4":"has-post-thumbnail","6":"product_brand-replay_kr-lt","7":"product_cat-paakiu-kremai","9":"first","10":"instock","11":"taxable","12":"shipping-taxable","13":"product-type-simple"},"_links":{"self":[{"href":"https:\/\/e.kosmolat.eu\/lt\/wp-json\/wp\/v2\/product\/56555","targetHints":{"allow":["GET"]}}],"collection":[{"href":"https:\/\/e.kosmolat.eu\/lt\/wp-json\/wp\/v2\/product"}],"about":[{"href":"https:\/\/e.kosmolat.eu\/lt\/wp-json\/wp\/v2\/types\/product"}],"wp:featuredmedia":[{"embeddable":true,"href":"https:\/\/e.kosmolat.eu\/lt\/wp-json\/wp\/v2\/media\/97792"}],"wp:attachment":[{"href":"https:\/\/e.kosmolat.eu\/lt\/wp-json\/wp\/v2\/media?parent=56555"}],"wp:term":[{"taxonomy":"product_cat","embeddable":true,"href":"https:\/\/e.kosmolat.eu\/lt\/wp-json\/wp\/v2\/product_cat?post=56555"},{"taxonomy":"product_tag","embeddable":true,"href":"https:\/\/e.kosmolat.eu\/lt\/wp-json\/wp\/v2\/product_tag?post=56555"}],"curies":[{"name":"wp","href":"https:\/\/api.w.org\/{rel}","templated":true}]}}