{"id":56547,"date":"2024-10-04T04:10:14","date_gmt":"2024-10-04T04:10:14","guid":{"rendered":"https:\/\/e.kosmolat.eu\/product\/eshumi-marine-collagen-krems-adai-ap-ac-ar-juras-kolag-40-ml\/"},"modified":"2026-04-23T09:36:23","modified_gmt":"2026-04-23T09:36:23","slug":"eshumi-marine-collagen-krems-adai-ap-ac-ar-juras-kolag-40-ml","status":"publish","type":"product","link":"https:\/\/e.kosmolat.eu\/lt\/produktas\/eshumi-marine-collagen-krems-adai-ap-ac-ar-juras-kolag-40-ml\/","title":{"rendered":"ESHUMI Marine Collagen Paaki\u0173 kremas su j\u016briniu kolagenu Balinantis\/Anti-rauk\u0161les, 40 ml"},"content":{"rendered":"<p>Paaki\u0173 kremas, skirtas dr\u0117kinti ir atjauninti gle\u017en\u0105 od\u0105 aplink akis. J\u016brinis kolagenas aktyviai gerina odos elastingum\u0105, tod\u0117l ji tampa lygesn\u0117 ir stangresn\u0117, taip pat skatina aktyv\u0173 atjauninim\u0105 ir l\u0105steli\u0173 atsistatym\u0105, padeda suma\u017einti nuovargio ir streso po\u017eymius.<br \/>\nNaudojimas: Tepkite krem\u0105 ant \u0161varios odos aplink akis, tolygiai paskirstykite masa\u017eo judesiais.<\/p>\n<p>\u012eSP\u0116JIMAS: 1. Jei naudojant produkt\u0105 atsiranda i\u0161b\u0117rimas, patinimas, nie\u017eulys ar kitoks diskomfortas, nedelsiant nutraukite naudojim\u0105 ir kreipkit\u0117s \u012f dermatolog\u0105. 2. Nenaudoti ant pa\u017eeistos ar sudirgusios odos.<\/p>\n<p>Atsargumo priemon\u0117s: Laikyti vaikams nepasiekiamoje vietoje. <\/p>\n<p>Laikyti  nuo +5 \u00b0C iki +25 \u00b0C temperat\u016broje saugoti nuo tiesiogini\u0173 saul\u0117s spinduli\u0173.<\/p>\n","protected":false},"excerpt":{"rendered":"<p>Paaki\u0173 kremas, skirtas dr\u0117kinti ir atjauninti gle\u017en\u0105 od\u0105 aplink akis. J\u016brinis kolagenas aktyviai gerina odos elastingum\u0105, tod\u0117l ji tampa lygesn\u0117 ir stangresn\u0117, taip pat skatina aktyv\u0173 atjauninim\u0105 ir l\u0105steli\u0173 atsistatym\u0105, padeda suma\u017einti nuovargio ir streso po\u017eymius. Naudojimas: Tepkite krem\u0105 ant \u0161varios odos aplink akis, tolygiai paskirstykite masa\u017eo judesiais. \u012eSP\u0116JIMAS: 1. Jei naudojant produkt\u0105 atsiranda i\u0161b\u0117rimas, [&#8230;]\n","protected":false},"featured_media":97788,"template":"","meta":[],"product_cat":[1590],"product_tag":[],"class_list":{"0":"post-56547","1":"product","2":"type-product","3":"status-publish","4":"has-post-thumbnail","6":"product_brand-replay_kr-lt","7":"product_cat-paakiu-kremai","9":"first","10":"instock","11":"taxable","12":"shipping-taxable","13":"product-type-simple"},"_links":{"self":[{"href":"https:\/\/e.kosmolat.eu\/lt\/wp-json\/wp\/v2\/product\/56547","targetHints":{"allow":["GET"]}}],"collection":[{"href":"https:\/\/e.kosmolat.eu\/lt\/wp-json\/wp\/v2\/product"}],"about":[{"href":"https:\/\/e.kosmolat.eu\/lt\/wp-json\/wp\/v2\/types\/product"}],"wp:featuredmedia":[{"embeddable":true,"href":"https:\/\/e.kosmolat.eu\/lt\/wp-json\/wp\/v2\/media\/97788"}],"wp:attachment":[{"href":"https:\/\/e.kosmolat.eu\/lt\/wp-json\/wp\/v2\/media?parent=56547"}],"wp:term":[{"taxonomy":"product_cat","embeddable":true,"href":"https:\/\/e.kosmolat.eu\/lt\/wp-json\/wp\/v2\/product_cat?post=56547"},{"taxonomy":"product_tag","embeddable":true,"href":"https:\/\/e.kosmolat.eu\/lt\/wp-json\/wp\/v2\/product_tag?post=56547"}],"curies":[{"name":"wp","href":"https:\/\/api.w.org\/{rel}","templated":true}]}}