{"id":56539,"date":"2024-10-04T04:09:56","date_gmt":"2024-10-04T04:09:56","guid":{"rendered":"https:\/\/e.kosmolat.eu\/product\/eshumi-collagen-clear-nomierin-putas-sejas-mazg-100-ml\/"},"modified":"2025-01-28T08:51:15","modified_gmt":"2025-01-28T08:51:15","slug":"eshumi-collagen-clear-nomierin-putas-sejas-mazg-100-ml","status":"publish","type":"product","link":"https:\/\/e.kosmolat.eu\/lt\/produktas\/eshumi-collagen-clear-nomierin-putas-sejas-mazg-100-ml\/","title":{"rendered":"ESHUMI Collagen Clear Prausimosi putos, 100 ml"},"content":{"rendered":"<p>Eshumi veido prausimo putos su kolagenu \u0161velniai valo ir dr\u0117kina od\u0105. Kolagenas padeda pagerinti odos elastingum\u0105, suteikdamas jai jaunatvi\u0161kesn\u0119 ir stangresn\u0119 i\u0161vaizd\u0105. Putos efektyviai pa\u0161alina ne\u0161varumus ir riebal\u0173 pertekli\u0173, padeda sutraukti poras. Subalansuota formul\u0117 padeda dr\u0117kinti ir nuraminti od\u0105, i\u0161vengiant i\u0161saus\u0117jimo.<br \/>\nNaudojimo instrukcija: u\u017etepkite putas ant sudr\u0117kinto veido ir paskirstykite per od\u0105. \u012emasa\u017euokite \u012f putas ir nuplaukite vandeniu.<\/p>\n<p>\u012eSP\u0116JIMAS: 1. Jei naudojant produkt\u0105 atsiranda b\u0117rimas, patinimas, nie\u017eulys ar kitoks diskomfortas, nedelsiant nutraukite naudojim\u0105 ir kreipkit\u0117s \u012f dermatolog\u0105. 2. Nenaudoti ant pa\u017eeistos ar sudirgusios odos.<\/p>\n<p>Atsargumo priemon\u0117s: Laikyti vaikams nepasiekiamoje vietoje  nuo +5 \u00b0C iki +25 \u00b0C temperat\u016broje atokiai nuo tiesiogini\u0173 saul\u0117s spinduli\u0173.<\/p>\n","protected":false},"excerpt":{"rendered":"<p>Eshumi veido prausimo putos su kolagenu \u0161velniai valo ir dr\u0117kina od\u0105. Kolagenas padeda pagerinti odos elastingum\u0105, suteikdamas jai jaunatvi\u0161kesn\u0119 ir stangresn\u0119 i\u0161vaizd\u0105. Putos efektyviai pa\u0161alina ne\u0161varumus ir riebal\u0173 pertekli\u0173, padeda sutraukti poras. Subalansuota formul\u0117 padeda dr\u0117kinti ir nuraminti od\u0105, i\u0161vengiant i\u0161saus\u0117jimo. Naudojimo instrukcija: u\u017etepkite putas ant sudr\u0117kinto veido ir paskirstykite per od\u0105. \u012emasa\u017euokite \u012f putas [&#8230;]\n","protected":false},"featured_media":56541,"template":"","meta":[],"product_cat":[2181],"product_tag":[],"class_list":{"0":"post-56539","1":"product","2":"type-product","3":"status-publish","4":"has-post-thumbnail","6":"product_brand-replay_kr-lt","7":"product_cat-bez-kategorijas-lt","9":"first","10":"outofstock","11":"taxable","12":"shipping-taxable","13":"product-type-simple"},"_links":{"self":[{"href":"https:\/\/e.kosmolat.eu\/lt\/wp-json\/wp\/v2\/product\/56539","targetHints":{"allow":["GET"]}}],"collection":[{"href":"https:\/\/e.kosmolat.eu\/lt\/wp-json\/wp\/v2\/product"}],"about":[{"href":"https:\/\/e.kosmolat.eu\/lt\/wp-json\/wp\/v2\/types\/product"}],"wp:featuredmedia":[{"embeddable":true,"href":"https:\/\/e.kosmolat.eu\/lt\/wp-json\/wp\/v2\/media\/56541"}],"wp:attachment":[{"href":"https:\/\/e.kosmolat.eu\/lt\/wp-json\/wp\/v2\/media?parent=56539"}],"wp:term":[{"taxonomy":"product_cat","embeddable":true,"href":"https:\/\/e.kosmolat.eu\/lt\/wp-json\/wp\/v2\/product_cat?post=56539"},{"taxonomy":"product_tag","embeddable":true,"href":"https:\/\/e.kosmolat.eu\/lt\/wp-json\/wp\/v2\/product_tag?post=56539"}],"curies":[{"name":"wp","href":"https:\/\/api.w.org\/{rel}","templated":true}]}}