{"id":56531,"date":"2024-10-04T04:09:42","date_gmt":"2024-10-04T04:09:42","guid":{"rendered":"https:\/\/e.kosmolat.eu\/product\/eshumi-collagen-roku-kr-sausai-adai-100-ml\/"},"modified":"2025-09-18T05:42:33","modified_gmt":"2025-09-18T05:42:33","slug":"i_eshumi-collagen-roku-kr-sausai-adai-100-ml","status":"publish","type":"product","link":"https:\/\/e.kosmolat.eu\/lt\/produktas\/i_eshumi-collagen-roku-kr-sausai-adai-100-ml\/","title":{"rendered":"I_ESHUMI Collagen Kremas sausai rank\u0173 odai, 100 ml"},"content":{"rendered":"<p>Rank\u0173 kremas su kolagenu suteikia odai visapusi\u0161k\u0105 prie\u017ei\u016br\u0105 ir dr\u0117kinim\u0105. Kolagenas padeda i\u0161laikyti odos elastingum\u0105 ir tvirtum\u0105, skatina jos atsistatym\u0105, sukuria apsaugin\u012f barjer\u0105, saugant\u012f od\u0105 nuo neigiamo i\u0161or\u0117s veiksni\u0173 poveikio. Kremas suteikia gil\u0173 ir ilgalaik\u012f dr\u0117kinim\u0105, neleid\u017eia i\u0161saus\u0117ti ir pleiskanoti. Reguliarus kremo naudojimas padeda palaikyti optimal\u0173 dr\u0117gm\u0117s lyg\u012f ir sustiprina apsaugin\u012f odos barjer\u0105. <\/p>\n<p>Naudojimo instrukcijos: Tepkite ant \u0161vari\u0173 rank\u0173. Masa\u017euojan\u010diais judesiais paskirstykite krem\u0105, kol jis visi\u0161kai \u012fsigers.<\/p>\n<p>\u012eSP\u0116JIMAS: 1. Jei naudojant produkt\u0105 atsiranda b\u0117rimas, patinimas, nie\u017eulys ar kitoks diskomfortas, nedelsiant nutraukite naudojim\u0105 ir kreipkit\u0117s \u012f dermatolog\u0105. 2. Nenaudoti ant pa\u017eeistos ar sudirgusios odos.<\/p>\n<p>Atsargumo priemon\u0117s: Laikyti vaikams nepasiekiamoje vietoje  nuo +5 \u00b0C iki +25 \u00b0C temperat\u016broje atokiai nuo tiesiogini\u0173 saul\u0117s spinduli\u0173.<\/p>\n","protected":false},"excerpt":{"rendered":"<p>Rank\u0173 kremas su kolagenu suteikia odai visapusi\u0161k\u0105 prie\u017ei\u016br\u0105 ir dr\u0117kinim\u0105. Kolagenas padeda i\u0161laikyti odos elastingum\u0105 ir tvirtum\u0105, skatina jos atsistatym\u0105, sukuria apsaugin\u012f barjer\u0105, saugant\u012f od\u0105 nuo neigiamo i\u0161or\u0117s veiksni\u0173 poveikio. Kremas suteikia gil\u0173 ir ilgalaik\u012f dr\u0117kinim\u0105, neleid\u017eia i\u0161saus\u0117ti ir pleiskanoti. Reguliarus kremo naudojimas padeda palaikyti optimal\u0173 dr\u0117gm\u0117s lyg\u012f ir sustiprina apsaugin\u012f odos barjer\u0105. Naudojimo instrukcijos: [&#8230;]\n","protected":false},"featured_media":78212,"template":"","meta":[],"product_cat":[1304],"product_tag":[],"class_list":{"0":"post-56531","1":"product","2":"type-product","3":"status-publish","4":"has-post-thumbnail","6":"product_brand-replay_kr-lt","7":"product_cat-ranku-prieziuros-kosmetika","9":"first","10":"outofstock","11":"taxable","12":"shipping-taxable","13":"product-type-simple"},"_links":{"self":[{"href":"https:\/\/e.kosmolat.eu\/lt\/wp-json\/wp\/v2\/product\/56531","targetHints":{"allow":["GET"]}}],"collection":[{"href":"https:\/\/e.kosmolat.eu\/lt\/wp-json\/wp\/v2\/product"}],"about":[{"href":"https:\/\/e.kosmolat.eu\/lt\/wp-json\/wp\/v2\/types\/product"}],"wp:featuredmedia":[{"embeddable":true,"href":"https:\/\/e.kosmolat.eu\/lt\/wp-json\/wp\/v2\/media\/78212"}],"wp:attachment":[{"href":"https:\/\/e.kosmolat.eu\/lt\/wp-json\/wp\/v2\/media?parent=56531"}],"wp:term":[{"taxonomy":"product_cat","embeddable":true,"href":"https:\/\/e.kosmolat.eu\/lt\/wp-json\/wp\/v2\/product_cat?post=56531"},{"taxonomy":"product_tag","embeddable":true,"href":"https:\/\/e.kosmolat.eu\/lt\/wp-json\/wp\/v2\/product_tag?post=56531"}],"curies":[{"name":"wp","href":"https:\/\/api.w.org\/{rel}","templated":true}]}}