{"id":56523,"date":"2024-10-04T04:08:41","date_gmt":"2024-10-04T04:08:41","guid":{"rendered":"https:\/\/e.kosmolat.eu\/product\/esfolio-01-peptide-collagen-sejas-toneris-ar-peptid-un-kolagenu-180-ml\/"},"modified":"2026-03-13T13:55:50","modified_gmt":"2026-03-13T13:55:50","slug":"i_esfolio-01-peptide-collagen-sejas-toneris-ar-peptid-un-kolagenu-180-ml","status":"publish","type":"product","link":"https:\/\/e.kosmolat.eu\/lt\/produktas\/i_esfolio-01-peptide-collagen-sejas-toneris-ar-peptid-un-kolagenu-180-ml\/","title":{"rendered":"I_ESFOLIO 01 Peptide Collagen Veido tonikas su peptidais ir kolagenu, 180 ml"},"content":{"rendered":"<p>Sud\u0117tyje yra hidrolizuoto kolageno, kuris padeda pagerinti odos elastingum\u0105 ir suma\u017einti sausum\u0105. Padeda suma\u017einti rauk\u0161li\u0173 skai\u010di\u0173.<\/p>\n<p>Naudojimas: u\u017etepkite reikiam\u0105 kiek\u012f ant rankos ir lengvais glostymo judesiais paskirstykite toniku per vis\u0105 veid\u0105. Tonik\u0105 rekomenduojama naudoti du kartus per dien\u0105.<\/p>\n<p>\u012eSP\u0116JIMAS: 1. Jei naudojant gamin\u012f atsiranda b\u0117rimas, patinimas, nie\u017eulys ar kitoks diskomfortas, nedelsiant nutraukite naudojim\u0105 ir kreipkit\u0117s \u012f dermatolog\u0105. 2. Nenaudoti ant pa\u017eeistos ar sudirgusios odos.<\/p>\n<p>Atsargumo priemon\u0117s: Laikyti vaikams nepasiekiamoje vietoje. Saugoti nuo tiesiogini\u0173 saul\u0117s spinduli\u0173. <\/p>\n<p>Laikyti nuo +5 \u00b0C iki +25 \u00b0C temperat\u016broje.<\/p>\n","protected":false},"excerpt":{"rendered":"<p>Sud\u0117tyje yra hidrolizuoto kolageno, kuris padeda pagerinti odos elastingum\u0105 ir suma\u017einti sausum\u0105. Padeda suma\u017einti rauk\u0161li\u0173 skai\u010di\u0173. Naudojimas: u\u017etepkite reikiam\u0105 kiek\u012f ant rankos ir lengvais glostymo judesiais paskirstykite toniku per vis\u0105 veid\u0105. Tonik\u0105 rekomenduojama naudoti du kartus per dien\u0105. \u012eSP\u0116JIMAS: 1. Jei naudojant gamin\u012f atsiranda b\u0117rimas, patinimas, nie\u017eulys ar kitoks diskomfortas, nedelsiant nutraukite naudojim\u0105 ir kreipkit\u0117s [&#8230;]\n","protected":false},"featured_media":97784,"template":"","meta":[],"product_cat":[2181],"product_tag":[],"class_list":{"0":"post-56523","1":"product","2":"type-product","3":"status-publish","4":"has-post-thumbnail","6":"product_brand-sale-lt","7":"product_cat-bez-kategorijas-lt","9":"first","10":"instock","11":"taxable","12":"shipping-taxable","13":"product-type-simple"},"_links":{"self":[{"href":"https:\/\/e.kosmolat.eu\/lt\/wp-json\/wp\/v2\/product\/56523","targetHints":{"allow":["GET"]}}],"collection":[{"href":"https:\/\/e.kosmolat.eu\/lt\/wp-json\/wp\/v2\/product"}],"about":[{"href":"https:\/\/e.kosmolat.eu\/lt\/wp-json\/wp\/v2\/types\/product"}],"wp:featuredmedia":[{"embeddable":true,"href":"https:\/\/e.kosmolat.eu\/lt\/wp-json\/wp\/v2\/media\/97784"}],"wp:attachment":[{"href":"https:\/\/e.kosmolat.eu\/lt\/wp-json\/wp\/v2\/media?parent=56523"}],"wp:term":[{"taxonomy":"product_cat","embeddable":true,"href":"https:\/\/e.kosmolat.eu\/lt\/wp-json\/wp\/v2\/product_cat?post=56523"},{"taxonomy":"product_tag","embeddable":true,"href":"https:\/\/e.kosmolat.eu\/lt\/wp-json\/wp\/v2\/product_tag?post=56523"}],"curies":[{"name":"wp","href":"https:\/\/api.w.org\/{rel}","templated":true}]}}