{"id":56515,"date":"2024-10-04T04:08:12","date_gmt":"2024-10-04T04:08:12","guid":{"rendered":"https:\/\/e.kosmolat.eu\/product\/esfolio-02-peptide-collagen-sejas-serums-ar-peptid-un-kolag-50-ml\/"},"modified":"2026-04-23T09:36:08","modified_gmt":"2026-04-23T09:36:08","slug":"esfolio-02-peptide-collagen-sejas-serums-ar-peptid-un-kolag-50-ml","status":"publish","type":"product","link":"https:\/\/e.kosmolat.eu\/lt\/produktas\/esfolio-02-peptide-collagen-sejas-serums-ar-peptid-un-kolag-50-ml\/","title":{"rendered":"ESFOLIO 02 Peptide Collagen Veido serumas su peptidais ir kolagenu, 50 ml"},"content":{"rendered":"<p>Funkcinis serumas, kurio sud\u0117tyje yra hidrolizuoto kolageno ir septyni\u0173 tip\u0173 peptid\u0173, dr\u0117kina saus\u0105 od\u0105, gerina jos elastingum\u0105 ir padeda suma\u017einti rauk\u0161li\u0173 skai\u010di\u0173.<\/p>\n<p>\u012eSP\u0116JIMAS: 1. Jei naudojant gamin\u012f atsiranda b\u0117rimas, patinimas, nie\u017eulys ar kitoks diskomfortas, nedelsiant nutraukite naudojim\u0105 ir kreipkit\u0117s \u012f dermatolog\u0105. 2. Nenaudoti ant pa\u017eeistos ar sudirgusios odos.<\/p>\n<p>Atsargumo priemon\u0117s: Laikyti vaikams nepasiekiamoje vietoje. Saugoti nuo tiesiogini\u0173 saul\u0117s spinduli\u0173. <\/p>\n<p>Laikyti nuo +5 \u00b0C iki +25 \u00b0C temperat\u016broje.<\/p>\n","protected":false},"excerpt":{"rendered":"<p>Funkcinis serumas, kurio sud\u0117tyje yra hidrolizuoto kolageno ir septyni\u0173 tip\u0173 peptid\u0173, dr\u0117kina saus\u0105 od\u0105, gerina jos elastingum\u0105 ir padeda suma\u017einti rauk\u0161li\u0173 skai\u010di\u0173. \u012eSP\u0116JIMAS: 1. Jei naudojant gamin\u012f atsiranda b\u0117rimas, patinimas, nie\u017eulys ar kitoks diskomfortas, nedelsiant nutraukite naudojim\u0105 ir kreipkit\u0117s \u012f dermatolog\u0105. 2. Nenaudoti ant pa\u017eeistos ar sudirgusios odos. Atsargumo priemon\u0117s: Laikyti vaikams nepasiekiamoje vietoje. Saugoti [&#8230;]\n","protected":false},"featured_media":97780,"template":"","meta":[],"product_cat":[1327],"product_tag":[],"class_list":{"0":"post-56515","1":"product","2":"type-product","3":"status-publish","4":"has-post-thumbnail","6":"product_brand-replay_kr-lt","7":"product_cat-serumai","9":"first","10":"instock","11":"taxable","12":"shipping-taxable","13":"product-type-simple"},"_links":{"self":[{"href":"https:\/\/e.kosmolat.eu\/lt\/wp-json\/wp\/v2\/product\/56515","targetHints":{"allow":["GET"]}}],"collection":[{"href":"https:\/\/e.kosmolat.eu\/lt\/wp-json\/wp\/v2\/product"}],"about":[{"href":"https:\/\/e.kosmolat.eu\/lt\/wp-json\/wp\/v2\/types\/product"}],"wp:featuredmedia":[{"embeddable":true,"href":"https:\/\/e.kosmolat.eu\/lt\/wp-json\/wp\/v2\/media\/97780"}],"wp:attachment":[{"href":"https:\/\/e.kosmolat.eu\/lt\/wp-json\/wp\/v2\/media?parent=56515"}],"wp:term":[{"taxonomy":"product_cat","embeddable":true,"href":"https:\/\/e.kosmolat.eu\/lt\/wp-json\/wp\/v2\/product_cat?post=56515"},{"taxonomy":"product_tag","embeddable":true,"href":"https:\/\/e.kosmolat.eu\/lt\/wp-json\/wp\/v2\/product_tag?post=56515"}],"curies":[{"name":"wp","href":"https:\/\/api.w.org\/{rel}","templated":true}]}}