{"id":56507,"date":"2024-10-04T04:07:45","date_gmt":"2024-10-04T04:07:45","guid":{"rendered":"https:\/\/e.kosmolat.eu\/product\/esfolio-volcanic-ash-sejas-maska-loksne-ar-vulkan-pelnu-ekstraktu-25-ml\/"},"modified":"2026-04-13T13:15:28","modified_gmt":"2026-04-13T13:15:28","slug":"esfolio-auduma-sejas-maska-ar-vulkan-pelnu-ekstraktu-25-ml","status":"publish","type":"product","link":"https:\/\/e.kosmolat.eu\/lt\/produktas\/esfolio-auduma-sejas-maska-ar-vulkan-pelnu-ekstraktu-25-ml\/","title":{"rendered":"ESFOLIO lak\u0161tin\u0117 veido kauk\u0117 su vulkanini\u0173 pelen\u0173 ekstraktu, 25 ml"},"content":{"rendered":"<p>Labai koncentruotos kauk\u0117s esencijos sud\u0117tyje yra vulkanini\u0173 pelen\u0173 ekstrakto, Portulaca oleracea ekstrakto ir Chaenomeles sinensis ekstrakto, kurie daro od\u0105 \u0161velni\u0105 ir elasting\u0105.<\/p>\n<p>Naudojimas: 1. Nuvalykite veid\u0105 ir patepkite toniku. 2. U\u017ed\u0117kite kauk\u0119 ant veido. 3. Nuimkite kauk\u0119 po 15-20 minu\u010di\u0173 ir \u0161velniai \u012ftrinkite esencij\u0105 \u012f veid\u0105, kol ji visi\u0161kai susigers.<\/p>\n<p>\u012eSP\u0116JIMAS: 1. Jei naudojant produkt\u0105 atsiranda b\u0117rimas, patinimas, nie\u017eulys ar kitoks diskomfortas, nedelsiant nutraukite naudojim\u0105 ir kreipkit\u0117s \u012f dermatolog\u0105. 2. Nenaudoti ant pa\u017eeistos ar sudirgusios odos. 3. Nenaudoti ant odos aplink akis.<\/p>\n<p>Atsargumo priemon\u0117s: Laikyti vaikams nepasiekiamoje vietoje. Saugoti nuo tiesiogini\u0173 saul\u0117s spinduli\u0173.<\/p>\n<p>Laikyti nuo +5 \u00b0C iki +25 \u00b0C temperat\u016broje.<\/p>\n","protected":false},"excerpt":{"rendered":"<p>Labai koncentruotos kauk\u0117s esencijos sud\u0117tyje yra vulkanini\u0173 pelen\u0173 ekstrakto, Portulaca oleracea ekstrakto ir Chaenomeles sinensis ekstrakto, kurie daro od\u0105 \u0161velni\u0105 ir elasting\u0105. Naudojimas: 1. Nuvalykite veid\u0105 ir patepkite toniku. 2. U\u017ed\u0117kite kauk\u0119 ant veido. 3. Nuimkite kauk\u0119 po 15-20 minu\u010di\u0173 ir \u0161velniai \u012ftrinkite esencij\u0105 \u012f veid\u0105, kol ji visi\u0161kai susigers. \u012eSP\u0116JIMAS: 1. Jei naudojant produkt\u0105 [&#8230;]\n","protected":false},"featured_media":97776,"template":"","meta":[],"product_cat":[2181],"product_tag":[],"class_list":{"0":"post-56507","1":"product","2":"type-product","3":"status-publish","4":"has-post-thumbnail","6":"product_brand-replay_kr-lt","7":"product_cat-bez-kategorijas-lt","9":"first","10":"outofstock","11":"taxable","12":"shipping-taxable","13":"product-type-simple"},"_links":{"self":[{"href":"https:\/\/e.kosmolat.eu\/lt\/wp-json\/wp\/v2\/product\/56507","targetHints":{"allow":["GET"]}}],"collection":[{"href":"https:\/\/e.kosmolat.eu\/lt\/wp-json\/wp\/v2\/product"}],"about":[{"href":"https:\/\/e.kosmolat.eu\/lt\/wp-json\/wp\/v2\/types\/product"}],"wp:featuredmedia":[{"embeddable":true,"href":"https:\/\/e.kosmolat.eu\/lt\/wp-json\/wp\/v2\/media\/97776"}],"wp:attachment":[{"href":"https:\/\/e.kosmolat.eu\/lt\/wp-json\/wp\/v2\/media?parent=56507"}],"wp:term":[{"taxonomy":"product_cat","embeddable":true,"href":"https:\/\/e.kosmolat.eu\/lt\/wp-json\/wp\/v2\/product_cat?post=56507"},{"taxonomy":"product_tag","embeddable":true,"href":"https:\/\/e.kosmolat.eu\/lt\/wp-json\/wp\/v2\/product_tag?post=56507"}],"curies":[{"name":"wp","href":"https:\/\/api.w.org\/{rel}","templated":true}]}}