{"id":56499,"date":"2024-10-04T04:07:28","date_gmt":"2024-10-04T04:07:28","guid":{"rendered":"https:\/\/e.kosmolat.eu\/product\/esfolio-04-peptide-collagen-krems-adai-ap-ac-ar-peptid-un-kolagenu-30-g\/"},"modified":"2026-04-07T15:13:02","modified_gmt":"2026-04-07T15:13:02","slug":"esfolio-04-peptide-collagen-krems-adai-ap-ac-ar-peptid-un-kolagenu-30-g","status":"publish","type":"product","link":"https:\/\/e.kosmolat.eu\/lt\/produktas\/esfolio-04-peptide-collagen-krems-adai-ap-ac-ar-peptid-un-kolagenu-30-g\/","title":{"rendered":"ESFOLIO 04 Peptide Collagen Paaki\u0173 kremas su peptidais ir kolagenu, 30 g"},"content":{"rendered":"<p>Funkcinis paaki\u0173 kremas, kurio sud\u0117tyje yra hidrolizuoto kolageno ir septyni\u0173 peptid\u0173, kurie \u0161velniai \u012fsiskverbia \u012f od\u0105 ir padeda pri\u017ei\u016br\u0117ti od\u0105 aplink akis.<\/p>\n<p>Naudojimas: Nuval\u0119 od\u0105, nedidel\u012f kiek\u012f kremo patepkite pir\u0161t\u0173 galiukais. Lengvais, lygiais judesiais paskirstykite krem\u0105 aplink akis. Naudokite ryte ir vakare.<\/p>\n<p>\u012eSP\u0116JIMAS: 1. Jei naudojant gamin\u012f atsiranda b\u0117rimas, patinimas, nie\u017eulys ar kitoks diskomfortas, nedelsiant nutraukite naudojim\u0105 ir kreipkit\u0117s \u012f dermatolog\u0105. 2. Nenaudoti ant pa\u017eeistos ar sudirgusios odos.<\/p>\n<p>Atsargumo priemon\u0117s: Laikyti vaikams nepasiekiamoje vietoje. Saugoti nuo tiesiogini\u0173 saul\u0117s spinduli\u0173. <\/p>\n<p>Laikyti nuo +5 \u00b0C iki +25 \u00b0C temperat\u016broje.<\/p>\n","protected":false},"excerpt":{"rendered":"<p>Funkcinis paaki\u0173 kremas, kurio sud\u0117tyje yra hidrolizuoto kolageno ir septyni\u0173 peptid\u0173, kurie \u0161velniai \u012fsiskverbia \u012f od\u0105 ir padeda pri\u017ei\u016br\u0117ti od\u0105 aplink akis. Naudojimas: Nuval\u0119 od\u0105, nedidel\u012f kiek\u012f kremo patepkite pir\u0161t\u0173 galiukais. Lengvais, lygiais judesiais paskirstykite krem\u0105 aplink akis. Naudokite ryte ir vakare. \u012eSP\u0116JIMAS: 1. Jei naudojant gamin\u012f atsiranda b\u0117rimas, patinimas, nie\u017eulys ar kitoks diskomfortas, nedelsiant [&#8230;]\n","protected":false},"featured_media":97772,"template":"","meta":[],"product_cat":[1590],"product_tag":[],"class_list":{"0":"post-56499","1":"product","2":"type-product","3":"status-publish","4":"has-post-thumbnail","6":"product_brand-replay_kr-lt","7":"product_cat-paakiu-kremai","9":"first","10":"instock","11":"taxable","12":"shipping-taxable","13":"product-type-simple"},"_links":{"self":[{"href":"https:\/\/e.kosmolat.eu\/lt\/wp-json\/wp\/v2\/product\/56499","targetHints":{"allow":["GET"]}}],"collection":[{"href":"https:\/\/e.kosmolat.eu\/lt\/wp-json\/wp\/v2\/product"}],"about":[{"href":"https:\/\/e.kosmolat.eu\/lt\/wp-json\/wp\/v2\/types\/product"}],"wp:featuredmedia":[{"embeddable":true,"href":"https:\/\/e.kosmolat.eu\/lt\/wp-json\/wp\/v2\/media\/97772"}],"wp:attachment":[{"href":"https:\/\/e.kosmolat.eu\/lt\/wp-json\/wp\/v2\/media?parent=56499"}],"wp:term":[{"taxonomy":"product_cat","embeddable":true,"href":"https:\/\/e.kosmolat.eu\/lt\/wp-json\/wp\/v2\/product_cat?post=56499"},{"taxonomy":"product_tag","embeddable":true,"href":"https:\/\/e.kosmolat.eu\/lt\/wp-json\/wp\/v2\/product_tag?post=56499"}],"curies":[{"name":"wp","href":"https:\/\/api.w.org\/{rel}","templated":true}]}}