{"id":56491,"date":"2024-10-04T04:07:07","date_gmt":"2024-10-04T04:07:07","guid":{"rendered":"https:\/\/e.kosmolat.eu\/product\/esfolio-retinol-vital-krems-adai-ap-ac-ar-retinolu-40-ml\/"},"modified":"2026-04-22T08:20:35","modified_gmt":"2026-04-22T08:20:35","slug":"esfolio-retinol-vital-krems-adai-ap-ac-ar-retinolu-40-ml","status":"publish","type":"product","link":"https:\/\/e.kosmolat.eu\/lt\/produktas\/esfolio-retinol-vital-krems-adai-ap-ac-ar-retinolu-40-ml\/","title":{"rendered":"ESFOLIO Retinol Vital Paaki\u0173 kremas su retinoliu, 40 ml"},"content":{"rendered":"<p>Kremas su dideliu retinolio kiekiu intensyviai r8pinasi rauk\u0161lel\u0117mis aplink akis.<\/p>\n<p>Naudojimo instrukcija: Pir\u0161t\u0173 galiukais tolygiai paskirstykite krem\u0105 ant odos aplink akis, kol visi\u0161kai \u012fsigers. Naudokite ryte ir vakare.<br \/>\nPoveikis: 1. Padeda pa\u0161viesinti od\u0105. 2. Padeda suma\u017einti rauk\u0161les. <\/p>\n<p>Sud\u0117tyje yra vitamino A. Prie\u0161 vartojim\u0105 b\u016btina atsi\u017evelgti \u012f paros norm\u0105.<\/p>\n<p>\u012eSP\u0116JIMAS: 1. Jei naudojant produkt\u0105 atsiranda b\u0117rimas, patinimas, nie\u017eulys ar kitoks diskomfortas, nedelsiant nutraukite naudojim\u0105 ir kreipkit\u0117s \u012f dermatolog\u0105. 2. Nenaudoti ant pa\u017eeistos ar sudirgusios odos.<\/p>\n<p>Atsargumo priemon\u0117s: Laikyti vaikams nepasiekiamoje vietoje. Saugoti nuo tiesiogini\u0173 saul\u0117s spinduli\u0173.<\/p>\n<p>Laikyti nuo +5 \u00b0C iki +25 \u00b0C temperat\u016broje.<\/p>\n","protected":false},"excerpt":{"rendered":"<p>Kremas su dideliu retinolio kiekiu intensyviai r8pinasi rauk\u0161lel\u0117mis aplink akis. Naudojimo instrukcija: Pir\u0161t\u0173 galiukais tolygiai paskirstykite krem\u0105 ant odos aplink akis, kol visi\u0161kai \u012fsigers. Naudokite ryte ir vakare. Poveikis: 1. Padeda pa\u0161viesinti od\u0105. 2. Padeda suma\u017einti rauk\u0161les. Sud\u0117tyje yra vitamino A. Prie\u0161 vartojim\u0105 b\u016btina atsi\u017evelgti \u012f paros norm\u0105. \u012eSP\u0116JIMAS: 1. Jei naudojant produkt\u0105 atsiranda b\u0117rimas, [&#8230;]\n","protected":false},"featured_media":97768,"template":"","meta":[],"product_cat":[2181],"product_tag":[],"class_list":{"0":"post-56491","1":"product","2":"type-product","3":"status-publish","4":"has-post-thumbnail","6":"product_brand-replay_kr-lt","7":"product_cat-bez-kategorijas-lt","9":"first","10":"instock","11":"taxable","12":"shipping-taxable","13":"product-type-simple"},"_links":{"self":[{"href":"https:\/\/e.kosmolat.eu\/lt\/wp-json\/wp\/v2\/product\/56491","targetHints":{"allow":["GET"]}}],"collection":[{"href":"https:\/\/e.kosmolat.eu\/lt\/wp-json\/wp\/v2\/product"}],"about":[{"href":"https:\/\/e.kosmolat.eu\/lt\/wp-json\/wp\/v2\/types\/product"}],"wp:featuredmedia":[{"embeddable":true,"href":"https:\/\/e.kosmolat.eu\/lt\/wp-json\/wp\/v2\/media\/97768"}],"wp:attachment":[{"href":"https:\/\/e.kosmolat.eu\/lt\/wp-json\/wp\/v2\/media?parent=56491"}],"wp:term":[{"taxonomy":"product_cat","embeddable":true,"href":"https:\/\/e.kosmolat.eu\/lt\/wp-json\/wp\/v2\/product_cat?post=56491"},{"taxonomy":"product_tag","embeddable":true,"href":"https:\/\/e.kosmolat.eu\/lt\/wp-json\/wp\/v2\/product_tag?post=56491"}],"curies":[{"name":"wp","href":"https:\/\/api.w.org\/{rel}","templated":true}]}}