{"id":56483,"date":"2024-10-04T04:06:52","date_gmt":"2024-10-04T04:06:52","guid":{"rendered":"https:\/\/e.kosmolat.eu\/product\/esfolio-lifting-care-krems-adai-ap-acim-ar-lift-efektu-40-ml\/"},"modified":"2026-04-07T15:12:51","modified_gmt":"2026-04-07T15:12:51","slug":"esfolio-lifting-care-krems-adai-ap-acim-ar-lift-efektu-40-ml","status":"publish","type":"product","link":"https:\/\/e.kosmolat.eu\/lt\/produktas\/esfolio-lifting-care-krems-adai-ap-acim-ar-lift-efektu-40-ml\/","title":{"rendered":"ESFOLIO Lifting Care Paaki\u0173 kremas su stangrinimo efektu, 40 ml"},"content":{"rendered":"<p>Paaki\u0173 kremas padeda pagerinti odos elastingum\u0105 ir dr\u0117kina saus\u0105 od\u0105 aplink akis, nes jame yra peptid\u0173 komplekso ir hidrolizuoto kolageno.<\/p>\n<p>Naudojimo instrukcija: Pir\u0161t\u0173 galiukais tolygiai paskirstykite krem\u0105 ant odos aplink akis, kol visi\u0161kai \u012fsigers. Taikyti ryte ir vakare.<\/p>\n<p>Poveikis: 1. Padeda pa\u0161viesinti od\u0105. 2. Padeda suma\u017einti rauk\u0161les.<\/p>\n<p>\u012eSP\u0116JIMAS: 1. Jei naudojant produkt\u0105 atsiranda b\u0117rimas, patinimas, nie\u017eulys ar kitoks diskomfortas, nedelsiant nutraukite naudojim\u0105 ir kreipkit\u0117s \u012f dermatolog\u0105. 2. Nenaudoti ant pa\u017eeistos ar sudirgusios odos.<\/p>\n<p>Atsargumo priemon\u0117s: Laikyti vaikams nepasiekiamoje vietoje.<br \/>\nSaugoti nuo tiesiogini\u0173 saul\u0117s spinduli\u0173.<\/p>\n<p>Laikyti nuo +5 \u00b0C iki +25 \u00b0C temperat\u016broje.<\/p>\n","protected":false},"excerpt":{"rendered":"<p>Paaki\u0173 kremas padeda pagerinti odos elastingum\u0105 ir dr\u0117kina saus\u0105 od\u0105 aplink akis, nes jame yra peptid\u0173 komplekso ir hidrolizuoto kolageno. Naudojimo instrukcija: Pir\u0161t\u0173 galiukais tolygiai paskirstykite krem\u0105 ant odos aplink akis, kol visi\u0161kai \u012fsigers. Taikyti ryte ir vakare. Poveikis: 1. Padeda pa\u0161viesinti od\u0105. 2. Padeda suma\u017einti rauk\u0161les. \u012eSP\u0116JIMAS: 1. Jei naudojant produkt\u0105 atsiranda b\u0117rimas, patinimas, [&#8230;]\n","protected":false},"featured_media":97764,"template":"","meta":[],"product_cat":[1590],"product_tag":[],"class_list":{"0":"post-56483","1":"product","2":"type-product","3":"status-publish","4":"has-post-thumbnail","6":"product_brand-replay_kr-lt","7":"product_cat-paakiu-kremai","9":"first","10":"instock","11":"taxable","12":"shipping-taxable","13":"product-type-simple"},"_links":{"self":[{"href":"https:\/\/e.kosmolat.eu\/lt\/wp-json\/wp\/v2\/product\/56483","targetHints":{"allow":["GET"]}}],"collection":[{"href":"https:\/\/e.kosmolat.eu\/lt\/wp-json\/wp\/v2\/product"}],"about":[{"href":"https:\/\/e.kosmolat.eu\/lt\/wp-json\/wp\/v2\/types\/product"}],"wp:featuredmedia":[{"embeddable":true,"href":"https:\/\/e.kosmolat.eu\/lt\/wp-json\/wp\/v2\/media\/97764"}],"wp:attachment":[{"href":"https:\/\/e.kosmolat.eu\/lt\/wp-json\/wp\/v2\/media?parent=56483"}],"wp:term":[{"taxonomy":"product_cat","embeddable":true,"href":"https:\/\/e.kosmolat.eu\/lt\/wp-json\/wp\/v2\/product_cat?post=56483"},{"taxonomy":"product_tag","embeddable":true,"href":"https:\/\/e.kosmolat.eu\/lt\/wp-json\/wp\/v2\/product_tag?post=56483"}],"curies":[{"name":"wp","href":"https:\/\/api.w.org\/{rel}","templated":true}]}}