{"id":56475,"date":"2024-10-04T04:06:33","date_gmt":"2024-10-04T04:06:33","guid":{"rendered":"https:\/\/e.kosmolat.eu\/product\/esfolio-03-peptide-collagen-sejas-kr-ar-peptid-un-kolagenu-70-g\/"},"modified":"2026-04-01T17:06:41","modified_gmt":"2026-04-01T17:06:41","slug":"esfolio-03-peptide-collagen-sejas-kr-ar-peptid-un-kolagenu-70-g","status":"publish","type":"product","link":"https:\/\/e.kosmolat.eu\/lt\/produktas\/esfolio-03-peptide-collagen-sejas-kr-ar-peptid-un-kolagenu-70-g\/","title":{"rendered":"ESFOLIO 03 Peptide Collagen Veido kremas su peptidais ir kolagenu, 70 g"},"content":{"rendered":"<p>Funkcinis kremas, kurio sud\u0117tyje yra hidrolizuoto kolageno ir septyni\u0173 peptid\u0173, kurie greitai \u012fsigeria \u012f od\u0105 ir padeda i\u0161laikyti j\u0105 hidratuot\u0105 bei gaivi\u0105.<\/p>\n<p>Naudojimas: Nuvalius od\u0105, reikiamu kiekiu kremo patepti veid\u0105 ir kakl\u0105.<\/p>\n<p>\u012eSP\u0116JIMAS: 1. Jei naudojant gamin\u012f atsiranda b\u0117rimas, patinimas, nie\u017eulys ar kitoks diskomfortas, nedelsiant nutraukite naudojim\u0105 ir kreipkit\u0117s \u012f dermatolog\u0105. 2. Nenaudoti ant pa\u017eeistos ar sudirgusios odos.<\/p>\n<p>Atsargumo priemon\u0117s: Laikyti vaikams nepasiekiamoje vietoje. Saugoti nuo tiesiogini\u0173 saul\u0117s spinduli\u0173. <\/p>\n<p>Laikyti nuo +5 \u00b0C iki +25 \u00b0C temperat\u016broje.<\/p>\n","protected":false},"excerpt":{"rendered":"<p>Funkcinis kremas, kurio sud\u0117tyje yra hidrolizuoto kolageno ir septyni\u0173 peptid\u0173, kurie greitai \u012fsigeria \u012f od\u0105 ir padeda i\u0161laikyti j\u0105 hidratuot\u0105 bei gaivi\u0105. Naudojimas: Nuvalius od\u0105, reikiamu kiekiu kremo patepti veid\u0105 ir kakl\u0105. \u012eSP\u0116JIMAS: 1. Jei naudojant gamin\u012f atsiranda b\u0117rimas, patinimas, nie\u017eulys ar kitoks diskomfortas, nedelsiant nutraukite naudojim\u0105 ir kreipkit\u0117s \u012f dermatolog\u0105. 2. Nenaudoti ant pa\u017eeistos [&#8230;]\n","protected":false},"featured_media":97760,"template":"","meta":[],"product_cat":[2181],"product_tag":[],"class_list":{"0":"post-56475","1":"product","2":"type-product","3":"status-publish","4":"has-post-thumbnail","6":"product_brand-replay_kr-lt","7":"product_cat-bez-kategorijas-lt","9":"first","10":"outofstock","11":"taxable","12":"shipping-taxable","13":"product-type-simple"},"_links":{"self":[{"href":"https:\/\/e.kosmolat.eu\/lt\/wp-json\/wp\/v2\/product\/56475","targetHints":{"allow":["GET"]}}],"collection":[{"href":"https:\/\/e.kosmolat.eu\/lt\/wp-json\/wp\/v2\/product"}],"about":[{"href":"https:\/\/e.kosmolat.eu\/lt\/wp-json\/wp\/v2\/types\/product"}],"wp:featuredmedia":[{"embeddable":true,"href":"https:\/\/e.kosmolat.eu\/lt\/wp-json\/wp\/v2\/media\/97760"}],"wp:attachment":[{"href":"https:\/\/e.kosmolat.eu\/lt\/wp-json\/wp\/v2\/media?parent=56475"}],"wp:term":[{"taxonomy":"product_cat","embeddable":true,"href":"https:\/\/e.kosmolat.eu\/lt\/wp-json\/wp\/v2\/product_cat?post=56475"},{"taxonomy":"product_tag","embeddable":true,"href":"https:\/\/e.kosmolat.eu\/lt\/wp-json\/wp\/v2\/product_tag?post=56475"}],"curies":[{"name":"wp","href":"https:\/\/api.w.org\/{rel}","templated":true}]}}