{"id":56467,"date":"2024-10-04T04:06:17","date_gmt":"2024-10-04T04:06:17","guid":{"rendered":"https:\/\/e.kosmolat.eu\/product\/esfolio-aloe-sejas-maska-loksne-ar-alvejas-ekstr-25-ml\/"},"modified":"2026-04-22T08:44:06","modified_gmt":"2026-04-22T08:44:06","slug":"esfolio-auduma-sejas-maska-ar-alvejas-ekstr-25-ml","status":"publish","type":"product","link":"https:\/\/e.kosmolat.eu\/lt\/produktas\/esfolio-auduma-sejas-maska-ar-alvejas-ekstr-25-ml\/","title":{"rendered":"ESFOLIO Lak\u0161tin\u0117 veido kauk\u0117 su alavij\u0173 ekstraktu, 25 ml"},"content":{"rendered":"<p>Kauk\u0117s sud\u0117tyje esan\u010dios itin koncentruotos esencijos sud\u0117tyje yra Aloe Barbadensis lap\u0173 ekstrakto, Chaenomeles Sinensis vaisi\u0173 ekstrakto ir Portulaca Oleracea ekstrakto, kurie dr\u0117kina ir ramina jautri\u0105 od\u0105.<\/p>\n<p>Naudojimas: 1. Nuvalykite veid\u0105 ir patepkite toniku. 2. U\u017ed\u0117kite kauk\u0119 ant veido. 3. Nuimkite kauk\u0119 po 15-20 minu\u010di\u0173 ir \u0161velniai \u012ftrinkite esencij\u0105 \u012f veid\u0105, kol ji visi\u0161kai susigers.<\/p>\n<p>\u012eSP\u0116JIMAS: 1. Jei naudojant produkt\u0105 atsiranda b\u0117rimas, patinimas, nie\u017eulys ar kitoks diskomfortas, nedelsiant nutraukite naudojim\u0105 ir kreipkit\u0117s \u012f dermatolog\u0105. 2. Nenaudoti ant pa\u017eeistos ar sudirgusios odos. 3. Nenaudoti ant odos aplink akis.<\/p>\n<p>Atsargumo priemon\u0117s: Laikyti vaikams nepasiekiamoje vietoje. Saugoti nuo tiesiogini\u0173 saul\u0117s spinduli\u0173.<\/p>\n<p>Laikyti nuo +5 \u00b0C iki +25 \u00b0C temperat\u016broje.<\/p>\n","protected":false},"excerpt":{"rendered":"<p>Kauk\u0117s sud\u0117tyje esan\u010dios itin koncentruotos esencijos sud\u0117tyje yra Aloe Barbadensis lap\u0173 ekstrakto, Chaenomeles Sinensis vaisi\u0173 ekstrakto ir Portulaca Oleracea ekstrakto, kurie dr\u0117kina ir ramina jautri\u0105 od\u0105. Naudojimas: 1. Nuvalykite veid\u0105 ir patepkite toniku. 2. U\u017ed\u0117kite kauk\u0119 ant veido. 3. Nuimkite kauk\u0119 po 15-20 minu\u010di\u0173 ir \u0161velniai \u012ftrinkite esencij\u0105 \u012f veid\u0105, kol ji visi\u0161kai susigers. \u012eSP\u0116JIMAS: [&#8230;]\n","protected":false},"featured_media":97756,"template":"","meta":[],"product_cat":[1369],"product_tag":[],"class_list":{"0":"post-56467","1":"product","2":"type-product","3":"status-publish","4":"has-post-thumbnail","6":"product_brand-replay_kr-lt","7":"product_cat-veido-kaukes","9":"first","10":"instock","11":"taxable","12":"shipping-taxable","13":"product-type-simple"},"_links":{"self":[{"href":"https:\/\/e.kosmolat.eu\/lt\/wp-json\/wp\/v2\/product\/56467","targetHints":{"allow":["GET"]}}],"collection":[{"href":"https:\/\/e.kosmolat.eu\/lt\/wp-json\/wp\/v2\/product"}],"about":[{"href":"https:\/\/e.kosmolat.eu\/lt\/wp-json\/wp\/v2\/types\/product"}],"wp:featuredmedia":[{"embeddable":true,"href":"https:\/\/e.kosmolat.eu\/lt\/wp-json\/wp\/v2\/media\/97756"}],"wp:attachment":[{"href":"https:\/\/e.kosmolat.eu\/lt\/wp-json\/wp\/v2\/media?parent=56467"}],"wp:term":[{"taxonomy":"product_cat","embeddable":true,"href":"https:\/\/e.kosmolat.eu\/lt\/wp-json\/wp\/v2\/product_cat?post=56467"},{"taxonomy":"product_tag","embeddable":true,"href":"https:\/\/e.kosmolat.eu\/lt\/wp-json\/wp\/v2\/product_tag?post=56467"}],"curies":[{"name":"wp","href":"https:\/\/api.w.org\/{rel}","templated":true}]}}