{"id":56459,"date":"2024-10-04T04:05:56","date_gmt":"2024-10-04T04:05:56","guid":{"rendered":"https:\/\/e.kosmolat.eu\/product\/ekel-collagen-sejas-mazgasanas-putas-100-ml\/"},"modified":"2025-07-07T11:11:00","modified_gmt":"2025-07-07T11:11:00","slug":"i_ekel-collagen-sejas-mazgasanas-putas-100-ml","status":"publish","type":"product","link":"https:\/\/e.kosmolat.eu\/lt\/produktas\/i_ekel-collagen-sejas-mazgasanas-putas-100-ml\/","title":{"rendered":"I_EKEL Collagen Prausimosi putos, 100 ml"},"content":{"rendered":"<p>Prausimosi putos su kolagenu. Putos pasi\u017eymi puikiomis valymo savyb\u0117mis ir pa\u0161alina makia\u017eo liku\u010dius bei kitus ne\u0161varumus nuo veido. Tinka bet kokiam odos tipui, jos nesausina, o prie\u0161ingai \u2013 dr\u0117kina ir pripildo maistin\u0117mis med\u017eiagomis. Putose yra kolageno, kuris maitina od\u0105 ir apsaugo nuo prie\u0161laikinio odos sen\u0117jimo. <\/p>\n<p>Naudojimas: suputokite produkt\u0105 delnuose  ir u\u017etepkite ant veido, \u0161velniai masa\u017euokite, tada nuplaukite<\/p>\n<p>\u012eSP\u0116JIMAS: 1. Jei naudojant produkt\u0105 atsiranda b\u0117rimas, patinimas, nie\u017eulys ar kitoks diskomfortas, nedelsiant nutraukite naudojim\u0105 ir kreipkit\u0117s \u012f dermatolog\u0105. 2. Nenaudoti ant pa\u017eeistos ar sudirgusios odos.<\/p>\n<p>Atsargumo priemon\u0117s: Laikyti vaikams nepasiekiamoje vietoje  nuo +5 \u00b0C iki +25 \u00b0C temperat\u016broje atokiai nuo tiesiogini\u0173 saul\u0117s spinduli\u0173.<\/p>\n","protected":false},"excerpt":{"rendered":"<p>Prausimosi putos su kolagenu. Putos pasi\u017eymi puikiomis valymo savyb\u0117mis ir pa\u0161alina makia\u017eo liku\u010dius bei kitus ne\u0161varumus nuo veido. Tinka bet kokiam odos tipui, jos nesausina, o prie\u0161ingai \u2013 dr\u0117kina ir pripildo maistin\u0117mis med\u017eiagomis. Putose yra kolageno, kuris maitina od\u0105 ir apsaugo nuo prie\u0161laikinio odos sen\u0117jimo. Naudojimas: suputokite produkt\u0105 delnuose ir u\u017etepkite ant veido, \u0161velniai masa\u017euokite, [&#8230;]\n","protected":false},"featured_media":56461,"template":"","meta":[],"product_cat":[1835],"product_tag":[],"class_list":{"0":"post-56459","1":"product","2":"type-product","3":"status-publish","4":"has-post-thumbnail","6":"product_brand-replay_kr-lt","7":"product_cat-prausimosi-putos","9":"first","10":"outofstock","11":"taxable","12":"shipping-taxable","13":"product-type-simple"},"_links":{"self":[{"href":"https:\/\/e.kosmolat.eu\/lt\/wp-json\/wp\/v2\/product\/56459","targetHints":{"allow":["GET"]}}],"collection":[{"href":"https:\/\/e.kosmolat.eu\/lt\/wp-json\/wp\/v2\/product"}],"about":[{"href":"https:\/\/e.kosmolat.eu\/lt\/wp-json\/wp\/v2\/types\/product"}],"wp:featuredmedia":[{"embeddable":true,"href":"https:\/\/e.kosmolat.eu\/lt\/wp-json\/wp\/v2\/media\/56461"}],"wp:attachment":[{"href":"https:\/\/e.kosmolat.eu\/lt\/wp-json\/wp\/v2\/media?parent=56459"}],"wp:term":[{"taxonomy":"product_cat","embeddable":true,"href":"https:\/\/e.kosmolat.eu\/lt\/wp-json\/wp\/v2\/product_cat?post=56459"},{"taxonomy":"product_tag","embeddable":true,"href":"https:\/\/e.kosmolat.eu\/lt\/wp-json\/wp\/v2\/product_tag?post=56459"}],"curies":[{"name":"wp","href":"https:\/\/api.w.org\/{rel}","templated":true}]}}