{"id":56451,"date":"2024-10-04T04:05:42","date_gmt":"2024-10-04T04:05:42","guid":{"rendered":"https:\/\/e.kosmolat.eu\/product\/ekel-hyaluronic-acid-sejas-mazgasanas-putas-100-ml\/"},"modified":"2026-03-21T06:45:18","modified_gmt":"2026-03-21T06:45:18","slug":"ekel-hyaluronic-acid-sejas-mazgasanas-putas-100-ml","status":"publish","type":"product","link":"https:\/\/e.kosmolat.eu\/lt\/produktas\/ekel-hyaluronic-acid-sejas-mazgasanas-putas-100-ml\/","title":{"rendered":"EKEL Hyaluronic Acid Prausimosi putos, 100 ml"},"content":{"rendered":"<p>Prausimosi putos su hialurono r\u016bg\u0161timi pasi\u017eymi puikiomis valymo savyb\u0117mis: kruop\u0161\u010diai pa\u0161alina makia\u017e\u0105 ir ne\u0161varumus, dr\u0117kina od\u0105 ir prisotina j\u0105 maistin\u0117mis med\u017eiagomis, tod\u0117l ji tampa lygi ir \u0161vari. Be to, putose yra \u012fvairi\u0173 augal\u0173 ekstrakt\u0173, tod\u0117l oda i\u0161lieka gaivi.<\/p>\n<p>Naudojimas: suputokite produkt\u0105 delnuose  ir u\u017etepkite ant veido, \u0161velniai masa\u017euokite, tada nuplaukite<\/p>\n<p>\u012eSP\u0116JIMAS: 1. Jei naudojant produkt\u0105 atsiranda b\u0117rimas, patinimas, nie\u017eulys ar kitoks diskomfortas, nedelsiant nutraukite naudojim\u0105 ir kreipkit\u0117s \u012f dermatolog\u0105. 2. Nenaudoti ant pa\u017eeistos ar sudirgusios odos.<\/p>\n<p>Atsargumo priemon\u0117s: Laikyti vaikams nepasiekiamoje vietoje  nuo +5 \u00b0C iki +25 \u00b0C temperat\u016broje atokiai nuo tiesiogini\u0173 saul\u0117s spinduli\u0173.<\/p>\n","protected":false},"excerpt":{"rendered":"<p>Prausimosi putos su hialurono r\u016bg\u0161timi pasi\u017eymi puikiomis valymo savyb\u0117mis: kruop\u0161\u010diai pa\u0161alina makia\u017e\u0105 ir ne\u0161varumus, dr\u0117kina od\u0105 ir prisotina j\u0105 maistin\u0117mis med\u017eiagomis, tod\u0117l ji tampa lygi ir \u0161vari. Be to, putose yra \u012fvairi\u0173 augal\u0173 ekstrakt\u0173, tod\u0117l oda i\u0161lieka gaivi. Naudojimas: suputokite produkt\u0105 delnuose ir u\u017etepkite ant veido, \u0161velniai masa\u017euokite, tada nuplaukite \u012eSP\u0116JIMAS: 1. Jei naudojant produkt\u0105 [&#8230;]\n","protected":false},"featured_media":97752,"template":"","meta":[],"product_cat":[1835],"product_tag":[],"class_list":{"0":"post-56451","1":"product","2":"type-product","3":"status-publish","4":"has-post-thumbnail","6":"product_brand-replay_kr-lt","7":"product_cat-prausimosi-putos","9":"first","10":"outofstock","11":"taxable","12":"shipping-taxable","13":"product-type-simple"},"_links":{"self":[{"href":"https:\/\/e.kosmolat.eu\/lt\/wp-json\/wp\/v2\/product\/56451","targetHints":{"allow":["GET"]}}],"collection":[{"href":"https:\/\/e.kosmolat.eu\/lt\/wp-json\/wp\/v2\/product"}],"about":[{"href":"https:\/\/e.kosmolat.eu\/lt\/wp-json\/wp\/v2\/types\/product"}],"wp:featuredmedia":[{"embeddable":true,"href":"https:\/\/e.kosmolat.eu\/lt\/wp-json\/wp\/v2\/media\/97752"}],"wp:attachment":[{"href":"https:\/\/e.kosmolat.eu\/lt\/wp-json\/wp\/v2\/media?parent=56451"}],"wp:term":[{"taxonomy":"product_cat","embeddable":true,"href":"https:\/\/e.kosmolat.eu\/lt\/wp-json\/wp\/v2\/product_cat?post=56451"},{"taxonomy":"product_tag","embeddable":true,"href":"https:\/\/e.kosmolat.eu\/lt\/wp-json\/wp\/v2\/product_tag?post=56451"}],"curies":[{"name":"wp","href":"https:\/\/api.w.org\/{rel}","templated":true}]}}