{"id":56443,"date":"2024-10-04T04:05:28","date_gmt":"2024-10-04T04:05:28","guid":{"rendered":"https:\/\/e.kosmolat.eu\/product\/ekel-collagen-ampoule-sejas-krems-70-ml\/"},"modified":"2025-04-01T19:50:30","modified_gmt":"2025-04-01T19:50:30","slug":"ekel-collagen-ampoule-sejas-krems-70-ml","status":"publish","type":"product","link":"https:\/\/e.kosmolat.eu\/lt\/produktas\/ekel-collagen-ampoule-sejas-krems-70-ml\/","title":{"rendered":"EKEL Collagen Ampoule Veido kremas Intensyvus dr\u0117kinimas ir elastingumas, 70 ml"},"content":{"rendered":"<p>Veido kremas su kolagenu u\u017etikrina ilgalaik\u012f dr\u0117kinim\u0105, didina veido odos elastingum\u0105, turi ry\u0161k\u0173 jauninam\u0105j\u012f poveik\u012f. Augalini\u0173 ekstrakt\u0173 kompleksas apr\u016bpina od\u0105 vitaminais ir gaivina veido spalv\u0105. Oda tampa lygi ir elastinga. <\/p>\n<p>Naudojimas: naudoti paskutiniame odos prie\u017ei\u016bros etape. Tepkite krem\u0105 ant nuvalytos veido odos ir lengvais glostymo judesiais paskirstykite, kol visi\u0161kai \u012fsigers.<\/p>\n<p>\u012eSP\u0116JIMAS: 1. Jei naudojant produkt\u0105 atsiranda b\u0117rimas, patinimas, nie\u017eulys ar kitoks diskomfortas, nedelsiant nutraukite naudojim\u0105 ir kreipkit\u0117s \u012f dermatolog\u0105. 2. Nenaudoti ant pa\u017eeistos ar sudirgusios odos.<\/p>\n<p>Atsargumo priemon\u0117s: Laikyti vaikams nepasiekiamoje vietoje  nuo +5 \u00b0C iki +25 \u00b0C temperat\u016broje atokiai nuo tiesiogini\u0173 saul\u0117s spinduli\u0173.<\/p>\n","protected":false},"excerpt":{"rendered":"<p>Veido kremas su kolagenu u\u017etikrina ilgalaik\u012f dr\u0117kinim\u0105, didina veido odos elastingum\u0105, turi ry\u0161k\u0173 jauninam\u0105j\u012f poveik\u012f. Augalini\u0173 ekstrakt\u0173 kompleksas apr\u016bpina od\u0105 vitaminais ir gaivina veido spalv\u0105. Oda tampa lygi ir elastinga. Naudojimas: naudoti paskutiniame odos prie\u017ei\u016bros etape. Tepkite krem\u0105 ant nuvalytos veido odos ir lengvais glostymo judesiais paskirstykite, kol visi\u0161kai \u012fsigers. \u012eSP\u0116JIMAS: 1. Jei naudojant produkt\u0105 [&#8230;]\n","protected":false},"featured_media":56445,"template":"","meta":[],"product_cat":[1322],"product_tag":[],"class_list":{"0":"post-56443","1":"product","2":"type-product","3":"status-publish","4":"has-post-thumbnail","6":"product_brand-replay_kr-lt","7":"product_cat-veido-kremai","9":"first","10":"outofstock","11":"taxable","12":"shipping-taxable","13":"product-type-simple"},"_links":{"self":[{"href":"https:\/\/e.kosmolat.eu\/lt\/wp-json\/wp\/v2\/product\/56443","targetHints":{"allow":["GET"]}}],"collection":[{"href":"https:\/\/e.kosmolat.eu\/lt\/wp-json\/wp\/v2\/product"}],"about":[{"href":"https:\/\/e.kosmolat.eu\/lt\/wp-json\/wp\/v2\/types\/product"}],"wp:featuredmedia":[{"embeddable":true,"href":"https:\/\/e.kosmolat.eu\/lt\/wp-json\/wp\/v2\/media\/56445"}],"wp:attachment":[{"href":"https:\/\/e.kosmolat.eu\/lt\/wp-json\/wp\/v2\/media?parent=56443"}],"wp:term":[{"taxonomy":"product_cat","embeddable":true,"href":"https:\/\/e.kosmolat.eu\/lt\/wp-json\/wp\/v2\/product_cat?post=56443"},{"taxonomy":"product_tag","embeddable":true,"href":"https:\/\/e.kosmolat.eu\/lt\/wp-json\/wp\/v2\/product_tag?post=56443"}],"curies":[{"name":"wp","href":"https:\/\/api.w.org\/{rel}","templated":true}]}}