{"id":56435,"date":"2024-10-04T04:05:13","date_gmt":"2024-10-04T04:05:13","guid":{"rendered":"https:\/\/e.kosmolat.eu\/product\/ekel-hyaluronic-acid-mitrinoss-pretgrumbu-sejas-krems-100-g\/"},"modified":"2026-02-23T08:52:56","modified_gmt":"2026-02-23T08:52:56","slug":"i_ekel-hyaluronic-acid-mitrinoss-pretgrumbu-sejas-krems-100-g","status":"publish","type":"product","link":"https:\/\/e.kosmolat.eu\/lt\/produktas\/i_ekel-hyaluronic-acid-mitrinoss-pretgrumbu-sejas-krems-100-g\/","title":{"rendered":"EKEL Hyaluronic Acid Veido dr\u0117kinamasis kremas nuo rauk\u0161li\u0173, 100 g"},"content":{"rendered":"<p>Kremas dr\u0117kina ir atkuria veido od\u0105. Hialurono r\u016bg\u0161tis papildo dr\u0117gm\u0117s atsargas epidermyje ir apsaugo l\u0105steles nuo prie\u0161laikinio sen\u0117jimo. Kremas skatina nat\u016bralaus kolageno sintez\u0119 ir atkuria odos l\u0105steles. <\/p>\n<p>Naudojimas: tepkite ant nuvalytos odos, lengvais judesiais masa\u017euokite, kol visi\u0161kai \u012fsigers.<\/p>\n<p>\u012eSP\u0116JIMAS: 1. Jei naudojant produkt\u0105 atsiranda b\u0117rimas, patinimas, nie\u017eulys ar kitoks diskomfortas, nedelsiant nutraukite naudojim\u0105 ir kreipkit\u0117s \u012f dermatolog\u0105. 2. Nenaudoti ant pa\u017eeistos ar sudirgusios odos.<\/p>\n<p>Atsargumo priemon\u0117s: Laikyti vaikams nepasiekiamoje vietoje  nuo +5 \u00b0C iki +25 \u00b0C temperat\u016broje atokiai nuo tiesiogini\u0173 saul\u0117s spinduli\u0173.<\/p>\n","protected":false},"excerpt":{"rendered":"<p>Kremas dr\u0117kina ir atkuria veido od\u0105. Hialurono r\u016bg\u0161tis papildo dr\u0117gm\u0117s atsargas epidermyje ir apsaugo l\u0105steles nuo prie\u0161laikinio sen\u0117jimo. Kremas skatina nat\u016bralaus kolageno sintez\u0119 ir atkuria odos l\u0105steles. Naudojimas: tepkite ant nuvalytos odos, lengvais judesiais masa\u017euokite, kol visi\u0161kai \u012fsigers. \u012eSP\u0116JIMAS: 1. Jei naudojant produkt\u0105 atsiranda b\u0117rimas, patinimas, nie\u017eulys ar kitoks diskomfortas, nedelsiant nutraukite naudojim\u0105 ir kreipkit\u0117s [&#8230;]\n","protected":false},"featured_media":97748,"template":"","meta":[],"product_cat":[2181],"product_tag":[],"class_list":{"0":"post-56435","1":"product","2":"type-product","3":"status-publish","4":"has-post-thumbnail","6":"product_brand-replay_kr-lt","7":"product_cat-bez-kategorijas-lt","9":"first","10":"outofstock","11":"taxable","12":"shipping-taxable","13":"product-type-simple"},"_links":{"self":[{"href":"https:\/\/e.kosmolat.eu\/lt\/wp-json\/wp\/v2\/product\/56435","targetHints":{"allow":["GET"]}}],"collection":[{"href":"https:\/\/e.kosmolat.eu\/lt\/wp-json\/wp\/v2\/product"}],"about":[{"href":"https:\/\/e.kosmolat.eu\/lt\/wp-json\/wp\/v2\/types\/product"}],"wp:featuredmedia":[{"embeddable":true,"href":"https:\/\/e.kosmolat.eu\/lt\/wp-json\/wp\/v2\/media\/97748"}],"wp:attachment":[{"href":"https:\/\/e.kosmolat.eu\/lt\/wp-json\/wp\/v2\/media?parent=56435"}],"wp:term":[{"taxonomy":"product_cat","embeddable":true,"href":"https:\/\/e.kosmolat.eu\/lt\/wp-json\/wp\/v2\/product_cat?post=56435"},{"taxonomy":"product_tag","embeddable":true,"href":"https:\/\/e.kosmolat.eu\/lt\/wp-json\/wp\/v2\/product_tag?post=56435"}],"curies":[{"name":"wp","href":"https:\/\/api.w.org\/{rel}","templated":true}]}}