{"id":56427,"date":"2024-10-04T04:04:57","date_gmt":"2024-10-04T04:04:57","guid":{"rendered":"https:\/\/e.kosmolat.eu\/product\/ekel-placenta-ampoule-intens-sejas-krems-100-g\/"},"modified":"2025-10-22T08:55:35","modified_gmt":"2025-10-22T08:55:35","slug":"i_ekel-placenta-ampoule-intens-sejas-krems-100-g","status":"publish","type":"product","link":"https:\/\/e.kosmolat.eu\/lt\/produktas\/i_ekel-placenta-ampoule-intens-sejas-krems-100-g\/","title":{"rendered":"EKEL Placenta Ampul\u0117 Intensive Veido kremas balinantis\/nuo rauk\u0161li\u0173, 100 g"},"content":{"rendered":"<p>Veido kremas su placentos ekstraktu. Kremas su placentos ekstraktu intensyviai mink\u0161tina ir dr\u0117kina od\u0105, naikina veido rauk\u0161les, ma\u017eina pigmentacij\u0105 ir gerina bendr\u0105 epidermio b\u016bkl\u0119. Placentos ekstrakte yra nukleino r\u016bg\u0161\u010di\u0173, baltym\u0173 ir hormon\u0173, kurie l\u0117tina sen\u0117jimo procesus ir gr\u0105\u017eina odai jaunyst\u0119. Taip pat padeda suaktyvinti med\u017eiag\u0173 apykaitos procesus ir atkurti normali\u0105 odos b\u016bkl\u0119.<\/p>\n<p>Naudojimas: naudoti paskutiniame odos prie\u017ei\u016bros etape. Nedidel\u012f kiek\u012f kremo u\u017etepkite ant nuvalytos veido odos ir lengvais glostymo judesiais paskirstykite krem\u0105, kol visi\u0161kai \u012fsigers.<\/p>\n<p>\u012eSP\u0116JIMAS: 1. Jei naudojant produkt\u0105 atsiranda b\u0117rimas, patinimas, nie\u017eulys ar kitoks diskomfortas, nedelsiant nutraukite naudojim\u0105 ir kreipkit\u0117s \u012f dermatolog\u0105. 2. Nenaudoti ant pa\u017eeistos ar sudirgusios odos.<\/p>\n<p>Atsargumo priemon\u0117s: Laikyti vaikams nepasiekiamoje vietoje  nuo +5 \u00b0C iki +25 \u00b0C temperat\u016broje atokiai nuo tiesiogini\u0173 saul\u0117s spinduli\u0173.<\/p>\n","protected":false},"excerpt":{"rendered":"<p>Veido kremas su placentos ekstraktu. Kremas su placentos ekstraktu intensyviai mink\u0161tina ir dr\u0117kina od\u0105, naikina veido rauk\u0161les, ma\u017eina pigmentacij\u0105 ir gerina bendr\u0105 epidermio b\u016bkl\u0119. Placentos ekstrakte yra nukleino r\u016bg\u0161\u010di\u0173, baltym\u0173 ir hormon\u0173, kurie l\u0117tina sen\u0117jimo procesus ir gr\u0105\u017eina odai jaunyst\u0119. Taip pat padeda suaktyvinti med\u017eiag\u0173 apykaitos procesus ir atkurti normali\u0105 odos b\u016bkl\u0119. Naudojimas: naudoti paskutiniame [&#8230;]\n","protected":false},"featured_media":97744,"template":"","meta":[],"product_cat":[2181],"product_tag":[],"class_list":{"0":"post-56427","1":"product","2":"type-product","3":"status-publish","4":"has-post-thumbnail","6":"product_brand-replay_kr-lt","7":"product_cat-bez-kategorijas-lt","9":"first","10":"outofstock","11":"taxable","12":"shipping-taxable","13":"product-type-simple"},"_links":{"self":[{"href":"https:\/\/e.kosmolat.eu\/lt\/wp-json\/wp\/v2\/product\/56427","targetHints":{"allow":["GET"]}}],"collection":[{"href":"https:\/\/e.kosmolat.eu\/lt\/wp-json\/wp\/v2\/product"}],"about":[{"href":"https:\/\/e.kosmolat.eu\/lt\/wp-json\/wp\/v2\/types\/product"}],"wp:featuredmedia":[{"embeddable":true,"href":"https:\/\/e.kosmolat.eu\/lt\/wp-json\/wp\/v2\/media\/97744"}],"wp:attachment":[{"href":"https:\/\/e.kosmolat.eu\/lt\/wp-json\/wp\/v2\/media?parent=56427"}],"wp:term":[{"taxonomy":"product_cat","embeddable":true,"href":"https:\/\/e.kosmolat.eu\/lt\/wp-json\/wp\/v2\/product_cat?post=56427"},{"taxonomy":"product_tag","embeddable":true,"href":"https:\/\/e.kosmolat.eu\/lt\/wp-json\/wp\/v2\/product_tag?post=56427"}],"curies":[{"name":"wp","href":"https:\/\/api.w.org\/{rel}","templated":true}]}}