{"id":56419,"date":"2024-10-04T04:02:29","date_gmt":"2024-10-04T04:02:29","guid":{"rendered":"https:\/\/e.kosmolat.eu\/product\/ekel-aloe-ampoule-intens-sejas-krems-100-g\/"},"modified":"2026-04-20T06:13:24","modified_gmt":"2026-04-20T06:13:24","slug":"ekel-aloe-ampoule-intens-sejas-krems-100-g","status":"publish","type":"product","link":"https:\/\/e.kosmolat.eu\/lt\/produktas\/ekel-aloe-ampoule-intens-sejas-krems-100-g\/","title":{"rendered":"EKEL Aloe Ampoule Intensive Veido kremas stangrinantis prie\u0161 rauk\u0161les, 100 g"},"content":{"rendered":"<p>Veido kremas su alavij\u0173 ekstraktu. Itin dr\u0117kinan\u010diame kreme yra verting\u0173 nat\u016brali\u0173 ingredient\u0173, kurie i\u0161laiko dr\u0117gm\u0119 ir ilg\u0105 laik\u0105 ver\u010dia od\u0105 \u0161vyt\u0117ti, sukuria dr\u0117kinam\u0105j\u012f barjerin\u012f sluoksn\u012f ir ramina jautri\u0105 od\u0105, saugo j\u0105 nuo i\u0161orin\u0117s aplinkos poveikio. Pagerina odos tekst\u016br\u0105, u\u017ekerta keli\u0105 ir l\u0117tina odos sen\u0117jim\u0105, lygina rauk\u0161les, efektyviai dr\u0117kina ir saugo od\u0105.<\/p>\n<p>\u012eSP\u0116JIMAS: 1. Jei naudojant produkt\u0105 atsiranda b\u0117rimas, patinimas, nie\u017eulys ar kitoks diskomfortas, nedelsiant nutraukite naudojim\u0105 ir kreipkit\u0117s \u012f dermatolog\u0105. 2. Nenaudoti ant pa\u017eeistos ar sudirgusios odos.<\/p>\n<p>Naudojimas: nedidel\u012f kiek\u012f kremo u\u017etepkite ant nuvalytos veido odos, lengvais judesiais paskirstykite krem\u0105, kol visi\u0161kai \u012fsigers.<\/p>\n<p>Atsargumo priemon\u0117s: Laikyti vaikams nepasiekiamoje vietoje  nuo +5 \u00b0C iki +25 \u00b0C temperat\u016broje atokiai nuo tiesiogini\u0173 saul\u0117s spinduli\u0173.<\/p>\n","protected":false},"excerpt":{"rendered":"<p>Veido kremas su alavij\u0173 ekstraktu. Itin dr\u0117kinan\u010diame kreme yra verting\u0173 nat\u016brali\u0173 ingredient\u0173, kurie i\u0161laiko dr\u0117gm\u0119 ir ilg\u0105 laik\u0105 ver\u010dia od\u0105 \u0161vyt\u0117ti, sukuria dr\u0117kinam\u0105j\u012f barjerin\u012f sluoksn\u012f ir ramina jautri\u0105 od\u0105, saugo j\u0105 nuo i\u0161orin\u0117s aplinkos poveikio. Pagerina odos tekst\u016br\u0105, u\u017ekerta keli\u0105 ir l\u0117tina odos sen\u0117jim\u0105, lygina rauk\u0161les, efektyviai dr\u0117kina ir saugo od\u0105. \u012eSP\u0116JIMAS: 1. Jei naudojant [&#8230;]\n","protected":false},"featured_media":97740,"template":"","meta":[],"product_cat":[1322],"product_tag":[],"class_list":{"0":"post-56419","1":"product","2":"type-product","3":"status-publish","4":"has-post-thumbnail","6":"product_brand-replay_kr-lt","7":"product_cat-veido-kremai","9":"first","10":"outofstock","11":"taxable","12":"shipping-taxable","13":"product-type-simple"},"_links":{"self":[{"href":"https:\/\/e.kosmolat.eu\/lt\/wp-json\/wp\/v2\/product\/56419","targetHints":{"allow":["GET"]}}],"collection":[{"href":"https:\/\/e.kosmolat.eu\/lt\/wp-json\/wp\/v2\/product"}],"about":[{"href":"https:\/\/e.kosmolat.eu\/lt\/wp-json\/wp\/v2\/types\/product"}],"wp:featuredmedia":[{"embeddable":true,"href":"https:\/\/e.kosmolat.eu\/lt\/wp-json\/wp\/v2\/media\/97740"}],"wp:attachment":[{"href":"https:\/\/e.kosmolat.eu\/lt\/wp-json\/wp\/v2\/media?parent=56419"}],"wp:term":[{"taxonomy":"product_cat","embeddable":true,"href":"https:\/\/e.kosmolat.eu\/lt\/wp-json\/wp\/v2\/product_cat?post=56419"},{"taxonomy":"product_tag","embeddable":true,"href":"https:\/\/e.kosmolat.eu\/lt\/wp-json\/wp\/v2\/product_tag?post=56419"}],"curies":[{"name":"wp","href":"https:\/\/api.w.org\/{rel}","templated":true}]}}