{"id":56316,"date":"2024-09-28T04:04:10","date_gmt":"2024-09-28T04:04:10","guid":{"rendered":"https:\/\/e.kosmolat.eu\/product\/markell-active-program-aktiv-sejas-serums-tulit-liftings-14-ml-2ml-x-7-gab\/"},"modified":"2025-09-19T18:00:49","modified_gmt":"2025-09-19T18:00:49","slug":"markell-active-program-aktiv-sejas-serums-tulit-liftings-14-ml-2ml-x-7-gab","status":"publish","type":"product","link":"https:\/\/e.kosmolat.eu\/lt\/produktas\/markell-active-program-aktiv-sejas-serums-tulit-liftings-14-ml-2ml-x-7-gab\/","title":{"rendered":"MARKELL Active Program Aktyvus veido serumas, momentinis liftingas, 14 ml (2 ml x 7 vnt.)"},"content":{"rendered":"<p>Subalansuota serumo sud\u0117tis d\u0117l didel\u0117s aktyvi\u0173j\u0173 komponent\u0173 koncentracijos suteikia odos stangrinimo efekt\u0105 i\u0161 karto po naudojimo, stangrina veido oval\u0105, suma\u017eina rauk\u0161li\u0173 skai\u010di\u0173 ir padaro kont\u016br\u0105 ai\u0161kesn\u012f. <\/p>\n<p>Naudojimas: serum\u0105 galima naudoti kaip atskir\u0105 produkt\u0105 arba derinti su kremais. Nereikia nuplauti. Serum\u0105 tepkite 2 kartus per dien\u0105 (ryte ir vakare) ant \u0161varios veido odos lengvais masa\u017eo judesiais.<br \/>\nViena ampul\u0117 skirta keliems kartams. Likus\u012f produkt\u0105 galima laikyti \u0161aldytuve 3 dienas. Gali atsirasti nedidelis produkto drumstumas ir i\u0161kristi nuos\u0117dos. Priklausomai nuo odos b\u016bkl\u0117s, kurso trukm\u0117 gali b\u016bti 1-2 m\u0117nesiai. Kurs\u0105 rekomenduojama kartoti 2-3 kartus per metus. <\/p>\n<p>Laikyti nuo +5 \u00b0C iki +25 \u00b0C temperat\u016broje.<\/p>\n<p>Geriausias nuo pagaminimo datos: 36 m\u0117n.<\/p>\n","protected":false},"excerpt":{"rendered":"<p>Subalansuota serumo sud\u0117tis d\u0117l didel\u0117s aktyvi\u0173j\u0173 komponent\u0173 koncentracijos suteikia odos stangrinimo efekt\u0105 i\u0161 karto po naudojimo, stangrina veido oval\u0105, suma\u017eina rauk\u0161li\u0173 skai\u010di\u0173 ir padaro kont\u016br\u0105 ai\u0161kesn\u012f. Naudojimas: serum\u0105 galima naudoti kaip atskir\u0105 produkt\u0105 arba derinti su kremais. Nereikia nuplauti. Serum\u0105 tepkite 2 kartus per dien\u0105 (ryte ir vakare) ant \u0161varios veido odos lengvais masa\u017eo judesiais. [&#8230;]\n","protected":false},"featured_media":81354,"template":"","meta":[],"product_cat":[1327],"product_tag":[],"class_list":{"0":"post-56316","1":"product","2":"type-product","3":"status-publish","4":"has-post-thumbnail","6":"product_brand-markell_by-lt","7":"product_cat-serumai","9":"first","10":"outofstock","11":"taxable","12":"shipping-taxable","13":"product-type-simple"},"_links":{"self":[{"href":"https:\/\/e.kosmolat.eu\/lt\/wp-json\/wp\/v2\/product\/56316","targetHints":{"allow":["GET"]}}],"collection":[{"href":"https:\/\/e.kosmolat.eu\/lt\/wp-json\/wp\/v2\/product"}],"about":[{"href":"https:\/\/e.kosmolat.eu\/lt\/wp-json\/wp\/v2\/types\/product"}],"wp:featuredmedia":[{"embeddable":true,"href":"https:\/\/e.kosmolat.eu\/lt\/wp-json\/wp\/v2\/media\/81354"}],"wp:attachment":[{"href":"https:\/\/e.kosmolat.eu\/lt\/wp-json\/wp\/v2\/media?parent=56316"}],"wp:term":[{"taxonomy":"product_cat","embeddable":true,"href":"https:\/\/e.kosmolat.eu\/lt\/wp-json\/wp\/v2\/product_cat?post=56316"},{"taxonomy":"product_tag","embeddable":true,"href":"https:\/\/e.kosmolat.eu\/lt\/wp-json\/wp\/v2\/product_tag?post=56316"}],"curies":[{"name":"wp","href":"https:\/\/api.w.org\/{rel}","templated":true}]}}